{"id":29444,"date":"2026-03-18T17:50:38","date_gmt":"2026-03-18T16:50:38","guid":{"rendered":"https:\/\/sportnautic.com\/?page_id=29444"},"modified":"2026-03-18T17:57:42","modified_gmt":"2026-03-18T16:57:42","slug":"outlet","status":"publish","type":"page","link":"https:\/\/sportnautic.com\/fr\/outlet\/","title":{"rendered":"Outlet"},"content":{"rendered":"<div data-elementor-type=\"wp-post\" data-elementor-id=\"29444\" class=\"elementor elementor-29444\" data-elementor-post-type=\"page\">\n\t\t\t\t\t\t<section class=\"elementor-section elementor-top-section elementor-element elementor-element-fc0979b elementor-section-full_width elementor-section-height-default elementor-section-height-default\" data-id=\"fc0979b\" data-element_type=\"section\" data-e-type=\"section\" data-settings=\"{&quot;background_background&quot;:&quot;classic&quot;,&quot;background_motion_fx_motion_fx_mouse&quot;:&quot;yes&quot;,&quot;background_motion_fx_mouseTrack_effect&quot;:&quot;yes&quot;,&quot;background_motion_fx_mouseTrack_direction&quot;:&quot;negative&quot;,&quot;background_motion_fx_mouseTrack_speed&quot;:{&quot;unit&quot;:&quot;px&quot;,&quot;size&quot;:1,&quot;sizes&quot;:[]}}\">\n\t\t\t\t\t\t\t<div class=\"elementor-background-overlay\"><\/div>\n\t\t\t\t\t\t\t<div class=\"elementor-container elementor-column-gap-default\">\n\t\t\t\t\t<div class=\"elementor-column elementor-col-100 elementor-top-column elementor-element elementor-element-10be183\" data-id=\"10be183\" data-element_type=\"column\" data-e-type=\"column\" data-settings=\"{&quot;background_background&quot;:&quot;classic&quot;}\">\n\t\t\t<div class=\"elementor-widget-wrap elementor-element-populated\">\n\t\t\t\t<div class=\"elementor-element elementor-element-274b905 e-flex e-con-boxed e-con e-parent\" data-id=\"274b905\" data-element_type=\"container\" data-e-type=\"container\" data-settings=\"{&quot;background_background&quot;:&quot;classic&quot;}\">\n\t\t\t\t\t<div class=\"e-con-inner\">\n\t\t\t\t<div class=\"elementor-element elementor-element-64cc63a elementor-widget elementor-widget-spacer\" data-id=\"64cc63a\" data-element_type=\"widget\" data-e-type=\"widget\" data-widget_type=\"spacer.default\">\n\t\t\t\t\t\t\t<div class=\"elementor-spacer\">\n\t\t\t<div class=\"elementor-spacer-inner\"><\/div>\n\t\t<\/div>\n\t\t\t\t\t\t<\/div>\n\t\t\t\t<div class=\"elementor-element elementor-element-0e1b6f8 elementor-widget elementor-widget-heading\" data-id=\"0e1b6f8\" data-element_type=\"widget\" data-e-type=\"widget\" data-widget_type=\"heading.default\">\n\t\t\t\t\t<h2 class=\"elementor-heading-title elementor-size-default\">Outlet<\/h2>\t\t\t\t<\/div>\n\t\t\t\t<div class=\"elementor-element elementor-element-8950e4d elementor-widget elementor-widget-spacer\" data-id=\"8950e4d\" data-element_type=\"widget\" data-e-type=\"widget\" data-widget_type=\"spacer.default\">\n\t\t\t\t\t\t\t<div class=\"elementor-spacer\">\n\t\t\t<div class=\"elementor-spacer-inner\"><\/div>\n\t\t<\/div>\n\t\t\t\t\t\t<\/div>\n\t\t\t\t\t<\/div>\n\t\t\t\t<\/div>\n\t\t\t\t\t<\/div>\n\t\t<\/div>\n\t\t\t\t\t<\/div>\n\t\t<\/section>\n\t\t\t\t<section class=\"elementor-section elementor-top-section elementor-element elementor-element-dc7a01b elementor-section-content-middle elementor-section-boxed elementor-section-height-default elementor-section-height-default\" data-id=\"dc7a01b\" data-element_type=\"section\" data-e-type=\"section\" data-settings=\"{&quot;background_background&quot;:&quot;classic&quot;}\">\n\t\t\t\t\t\t<div class=\"elementor-container elementor-column-gap-default\">\n\t\t\t\t\t<div class=\"elementor-column elementor-col-100 elementor-top-column elementor-element elementor-element-a25ef1e\" data-id=\"a25ef1e\" data-element_type=\"column\" data-e-type=\"column\" data-settings=\"{&quot;background_background&quot;:&quot;classic&quot;}\">\n\t\t\t<div class=\"elementor-widget-wrap elementor-element-populated\">\n\t\t\t\t\t\t<div class=\"elementor-element elementor-element-8c1b6f2 elementor-widget elementor-widget-ic_show_catalog\" data-id=\"8c1b6f2\" data-element_type=\"widget\" data-e-type=\"widget\" data-widget_type=\"ic_show_catalog.default\">\n\t\t\t\t<div class=\"elementor-widget-container\">\n\t\t\t\t\t            <div id=\"product_listing\" class=\"post-29444 page type-page status-publish hentry al_product responsive\">\n            <div class=\"ic-catalog-container\"><div id=\"product_filters_bar\" class=\"product-sort-bar green-box ic-design\"><div id=\"block-15\" class=\"filter-widget widget_block\">\n<div class=\"wp-block-columns are-vertically-aligned-center is-layout-flex wp-container-core-columns-is-layout-9d6595d7 wp-block-columns-is-layout-flex\">\n<div class=\"wp-block-column is-vertically-aligned-center is-layout-flow wp-block-column-is-layout-flow\"><\/div>\n\n\n\n<div class=\"wp-block-column is-vertically-aligned-center is-layout-flow wp-block-column-is-layout-flow\"><\/div>\n<\/div>\n<\/div><div id=\"block-17\" class=\"filter-widget widget_block product-search-widget\"><div class=\"ic-block-product-search-widget wp-block-ic-epc-product-search-widget\"><div class=\"widget product_search search widget_search\">    <form role=\"search\" class=\"green-box ic-design\" method=\"get\"\n          id=\"product_search_form\" action=\"https:\/\/sportnautic.com\/fr\/\" data-trp-original-action=\"https:\/\/sportnautic.com\/fr\/\">\n\t\t<input type=\"hidden\" name=\"post_type\" value=\"al_product\" \/>        <div class=\"ic-search-container\">\n\t\t\t            <input class=\"product-search-box\" type=\"search\" value=\"\" name=\"s\"\n                   placeholder=\"Recherche de produit\"\/>\n            <input class=\"product-search-submit\" type=\"submit\" id=\"searchsubmit\"\n                   value=\"\"\/>\n        <\/div>\n    <input type=\"hidden\" name=\"trp-form-language\" value=\"fr\"\/><\/form>\n\t<\/div><\/div><\/div><div id=\"block-10\" class=\"filter-widget widget_block product-sort-filter\"><div class=\"ic-block-product-sort-filter wp-block-ic-epc-product-sort-filter\"><\/div><\/div><div id=\"block-11\" class=\"filter-widget widget_block product-price-filter\"><\/div><div id=\"block-12\" class=\"filter-widget widget_block product-category-filter\"><div class=\"ic-block-product-category-filter wp-block-ic-epc-product-category-filter\"><\/div><\/div><div class=\"clear-both\"><\/div><\/div><div class=\"product-list grid\" >    <div class=\"archive-listing product-29441 classic-grid publish priced first\">\n        <a href=\"https:\/\/sportnautic.com\/fr\/outlet\/ancla-acero-inoxidable\/\">\n            <div class=\"classic-grid-image-wrapper\">\n                <div class=\"pseudo\"><\/div>\n                <div class=\"image\"><img fetchpriority=\"high\" decoding=\"async\" width=\"600\" height=\"429\" src=\"https:\/\/sportnautic.com\/wp-content\/uploads\/2026\/03\/rocna-anchor-stainless-steel-600x429.jpg\" class=\"classic-grid-image\" alt=\"Ancla \/ acero inoxidable\" srcset=\"https:\/\/sportnautic.com\/wp-content\/uploads\/2026\/03\/rocna-anchor-stainless-steel-600x429.jpg 600w, https:\/\/sportnautic.com\/wp-content\/uploads\/2026\/03\/rocna-anchor-stainless-steel-300x214.jpg 300w, https:\/\/sportnautic.com\/wp-content\/uploads\/2026\/03\/rocna-anchor-stainless-steel-768x549.jpg 768w, https:\/\/sportnautic.com\/wp-content\/uploads\/2026\/03\/rocna-anchor-stainless-steel-18x12.jpg 18w, https:\/\/sportnautic.com\/wp-content\/uploads\/2026\/03\/rocna-anchor-stainless-steel-224x160.jpg 224w, https:\/\/sportnautic.com\/wp-content\/uploads\/2026\/03\/rocna-anchor-stainless-steel-165x118.jpg 165w, https:\/\/sportnautic.com\/wp-content\/uploads\/2026\/03\/rocna-anchor-stainless-steel.jpg 840w\" sizes=\"(max-width: 600px) 100vw, 600px\" \/><\/div>\n            <\/div>\n            <h3 class=\"product-name\">Ancla \/ acero inoxidable<\/h3><span class=\"product-price blue-price big-price ic-design\">515,00 \u20ac<\/span>\t\t\t        <\/a>\n\t\t    <\/div>\n\n    <div class=\"archive-listing product-29427 classic-grid publish priced middle\">\n        <a href=\"https:\/\/sportnautic.com\/fr\/outlet\/driza\/\">\n            <div class=\"classic-grid-image-wrapper\">\n                <div class=\"pseudo\"><\/div>\n                <div class=\"image\"><img decoding=\"async\" width=\"600\" height=\"429\" src=\"https:\/\/sportnautic.com\/wp-content\/uploads\/2026\/03\/gleistein-race-xp-universal-rope.jpg\" class=\"classic-grid-image\" alt=\"Driza\" srcset=\"https:\/\/sportnautic.com\/wp-content\/uploads\/2026\/03\/gleistein-race-xp-universal-rope.jpg 840w, https:\/\/sportnautic.com\/wp-content\/uploads\/2026\/03\/gleistein-race-xp-universal-rope-300x214.jpg 300w, https:\/\/sportnautic.com\/wp-content\/uploads\/2026\/03\/gleistein-race-xp-universal-rope-768x549.jpg 768w, https:\/\/sportnautic.com\/wp-content\/uploads\/2026\/03\/gleistein-race-xp-universal-rope-18x12.jpg 18w, https:\/\/sportnautic.com\/wp-content\/uploads\/2026\/03\/gleistein-race-xp-universal-rope-165x118.jpg 165w\" sizes=\"(max-width: 600px) 100vw, 600px\" \/><\/div>\n            <\/div>\n            <h3 class=\"product-name\">Driza<\/h3><span class=\"product-price blue-price big-price ic-design\">15,00 \u20ac<\/span>\t\t\t        <\/a>\n\t\t    <\/div>\n\n<\/div>    <span class=\"clear\"><\/span>\n    <\/div>            <\/div>\n            \t\t\t\t<\/div>\n\t\t\t\t<\/div>\n\t\t\t\t\t<\/div>\n\t\t<\/div>\n\t\t\t\t\t<\/div>\n\t\t<\/section>\n\t\t\t\t<\/div>","protected":false},"excerpt":{"rendered":"<p>Outlet<\/p>","protected":false},"author":1,"featured_media":0,"parent":0,"menu_order":0,"comment_status":"closed","ping_status":"closed","template":"","meta":{"footnotes":""},"class_list":["post-29444","page","type-page","status-publish","hentry"],"yoast_head":"<!-- This site is optimized with the Yoast SEO Premium plugin v27.3 (Yoast SEO v27.3) - https:\/\/yoast.com\/product\/yoast-seo-premium-wordpress\/ -->\n<title>Outlet: Productos Exclusivos a Precios Reducidos<\/title>\n<meta name=\"description\" content=\"Outlet n\u00e1utico en SPORT NAUTIC: productos en stock con descuentos exclusivos. Aprovecha las ofertas en equipamiento y accesorios n\u00e1uticos.\" \/>\n<meta name=\"robots\" content=\"index, follow, max-snippet:-1, max-image-preview:large, max-video-preview:-1\" \/>\n<link rel=\"canonical\" href=\"https:\/\/sportnautic.com\/fr\/outlet\/\" \/>\n<meta property=\"og:locale\" content=\"fr_FR\" \/>\n<meta property=\"og:type\" content=\"article\" \/>\n<meta property=\"og:title\" content=\"Barcos en venta y alquiler | SPORT NAUTIC\" \/>\n<meta property=\"og:description\" content=\"Distribuidor oficial y expertos en el mar. Barcos nuevos y de ocasi\u00f3n listos para navegar.\" \/>\n<meta property=\"og:url\" content=\"https:\/\/sportnautic.com\/fr\/outlet\/\" \/>\n<meta property=\"og:site_name\" content=\"SPORT NAUTIC\" \/>\n<meta property=\"article:publisher\" content=\"https:\/\/facebook.com\/sportnautic\" \/>\n<meta property=\"article:modified_time\" content=\"2026-03-18T16:57:42+00:00\" \/>\n<meta property=\"og:image\" content=\"https:\/\/sportnautic.com\/wp-content\/uploads\/2026\/03\/Gran-Turismo-50_5.jpg\" \/>\n\t<meta property=\"og:image:width\" content=\"1920\" \/>\n\t<meta property=\"og:image:height\" content=\"1079\" \/>\n\t<meta property=\"og:image:type\" content=\"image\/jpeg\" \/>\n<meta name=\"twitter:card\" content=\"summary_large_image\" \/>\n<meta name=\"twitter:label1\" content=\"Dur\u00e9e de lecture estim\u00e9e\" \/>\n\t<meta name=\"twitter:data1\" content=\"1 minute\" \/>\n<script type=\"application\/ld+json\" class=\"yoast-schema-graph\">{\"@context\":\"https:\\\/\\\/schema.org\",\"@graph\":[{\"@type\":\"WebPage\",\"@id\":\"https:\\\/\\\/sportnautic.com\\\/outlet\\\/\",\"url\":\"https:\\\/\\\/sportnautic.com\\\/outlet\\\/\",\"name\":\"Outlet: Productos Exclusivos a Precios Reducidos\",\"isPartOf\":{\"@id\":\"https:\\\/\\\/sportnautic.com\\\/#website\"},\"datePublished\":\"2026-03-18T16:50:38+00:00\",\"dateModified\":\"2026-03-18T16:57:42+00:00\",\"description\":\"Outlet n\u00e1utico en SPORT NAUTIC: productos en stock con descuentos exclusivos. Aprovecha las ofertas en equipamiento y accesorios n\u00e1uticos.\",\"breadcrumb\":{\"@id\":\"https:\\\/\\\/sportnautic.com\\\/outlet\\\/#breadcrumb\"},\"inLanguage\":\"fr-FR\",\"potentialAction\":[{\"@type\":\"ReadAction\",\"target\":[\"https:\\\/\\\/sportnautic.com\\\/outlet\\\/\"]}]},{\"@type\":\"BreadcrumbList\",\"@id\":\"https:\\\/\\\/sportnautic.com\\\/outlet\\\/#breadcrumb\",\"itemListElement\":[{\"@type\":\"ListItem\",\"position\":1,\"name\":\"Portada\",\"item\":\"https:\\\/\\\/sportnautic.com\\\/\"},{\"@type\":\"ListItem\",\"position\":2,\"name\":\"Outlet\"}]},{\"@type\":\"WebSite\",\"@id\":\"https:\\\/\\\/sportnautic.com\\\/#website\",\"url\":\"https:\\\/\\\/sportnautic.com\\\/\",\"name\":\"SPORT NAUTIC\",\"description\":\"\",\"publisher\":{\"@id\":\"https:\\\/\\\/sportnautic.com\\\/#organization\"},\"potentialAction\":[{\"@type\":\"SearchAction\",\"target\":{\"@type\":\"EntryPoint\",\"urlTemplate\":\"https:\\\/\\\/sportnautic.com\\\/?s={search_term_string}\"},\"query-input\":{\"@type\":\"PropertyValueSpecification\",\"valueRequired\":true,\"valueName\":\"search_term_string\"}}],\"inLanguage\":\"fr-FR\"},{\"@type\":\"Organization\",\"@id\":\"https:\\\/\\\/sportnautic.com\\\/#organization\",\"name\":\"SPORT NAUTIC\",\"url\":\"https:\\\/\\\/sportnautic.com\\\/\",\"logo\":{\"@type\":\"ImageObject\",\"inLanguage\":\"fr-FR\",\"@id\":\"https:\\\/\\\/sportnautic.com\\\/#\\\/schema\\\/logo\\\/image\\\/\",\"url\":\"https:\\\/\\\/sportnautic.com\\\/wp-content\\\/uploads\\\/2025\\\/11\\\/cropped-LOGO-REDONDO-SPORTNAUTIC-FLOTA-2-2.png\",\"contentUrl\":\"https:\\\/\\\/sportnautic.com\\\/wp-content\\\/uploads\\\/2025\\\/11\\\/cropped-LOGO-REDONDO-SPORTNAUTIC-FLOTA-2-2.png\",\"width\":512,\"height\":512,\"caption\":\"SPORT NAUTIC\"},\"image\":{\"@id\":\"https:\\\/\\\/sportnautic.com\\\/#\\\/schema\\\/logo\\\/image\\\/\"},\"sameAs\":[\"https:\\\/\\\/facebook.com\\\/sportnautic\",\"https:\\\/\\\/instagram.com\\\/sportnautic\"],\"description\":\"SPORT NAUTIC es una empresa especializada en la venta y alquiler de embarcaciones en la Comunidad Valenciana y Murcia. Ofrece barcos nuevos y de ocasi\u00f3n, servicio t\u00e9cnico y asesoramiento personalizado. Distribuidor oficial de marcas n\u00e1uticas y referente en el sector en la Comunidad Valenciana y Murcia.\",\"email\":\"info@sportnautic.com\",\"telephone\":\"+34 96 578 43 20\",\"legalName\":\"Roga Nautica S.L.\",\"foundingDate\":\"1989-01-01\",\"numberOfEmployees\":{\"@type\":\"QuantitativeValue\",\"minValue\":\"1\",\"maxValue\":\"10\"}}]}<\/script>\n<!-- \/ Yoast SEO Premium plugin. -->","yoast_head_json":{"title":"Outlet: Productos Exclusivos a Precios Reducidos","description":"Outlet n\u00e1utico en SPORT NAUTIC: productos en stock con descuentos exclusivos. Aprovecha las ofertas en equipamiento y accesorios n\u00e1uticos.","robots":{"index":"index","follow":"follow","max-snippet":"max-snippet:-1","max-image-preview":"max-image-preview:large","max-video-preview":"max-video-preview:-1"},"canonical":"https:\/\/sportnautic.com\/fr\/outlet\/","og_locale":"fr_FR","og_type":"article","og_title":"Barcos en venta y alquiler | SPORT NAUTIC","og_description":"Distribuidor oficial y expertos en el mar. Barcos nuevos y de ocasi\u00f3n listos para navegar.","og_url":"https:\/\/sportnautic.com\/fr\/outlet\/","og_site_name":"SPORT NAUTIC","article_publisher":"https:\/\/facebook.com\/sportnautic","article_modified_time":"2026-03-18T16:57:42+00:00","og_image":[{"width":1920,"height":1079,"url":"https:\/\/sportnautic.com\/wp-content\/uploads\/2026\/03\/Gran-Turismo-50_5.jpg","type":"image\/jpeg"}],"twitter_card":"summary_large_image","twitter_misc":{"Dur\u00e9e de lecture estim\u00e9e":"1 minute"},"schema":{"@context":"https:\/\/schema.org","@graph":[{"@type":"WebPage","@id":"https:\/\/sportnautic.com\/outlet\/","url":"https:\/\/sportnautic.com\/outlet\/","name":"Outlet: Productos Exclusivos a Precios Reducidos","isPartOf":{"@id":"https:\/\/sportnautic.com\/#website"},"datePublished":"2026-03-18T16:50:38+00:00","dateModified":"2026-03-18T16:57:42+00:00","description":"Outlet n\u00e1utico en SPORT NAUTIC: productos en stock con descuentos exclusivos. Aprovecha las ofertas en equipamiento y accesorios n\u00e1uticos.","breadcrumb":{"@id":"https:\/\/sportnautic.com\/outlet\/#breadcrumb"},"inLanguage":"fr-FR","potentialAction":[{"@type":"ReadAction","target":["https:\/\/sportnautic.com\/outlet\/"]}]},{"@type":"BreadcrumbList","@id":"https:\/\/sportnautic.com\/outlet\/#breadcrumb","itemListElement":[{"@type":"ListItem","position":1,"name":"Portada","item":"https:\/\/sportnautic.com\/"},{"@type":"ListItem","position":2,"name":"Outlet"}]},{"@type":"WebSite","@id":"https:\/\/sportnautic.com\/#website","url":"https:\/\/sportnautic.com\/","name":"SPORT NAUTIC","description":"","publisher":{"@id":"https:\/\/sportnautic.com\/#organization"},"potentialAction":[{"@type":"SearchAction","target":{"@type":"EntryPoint","urlTemplate":"https:\/\/sportnautic.com\/?s={search_term_string}"},"query-input":{"@type":"PropertyValueSpecification","valueRequired":true,"valueName":"search_term_string"}}],"inLanguage":"fr-FR"},{"@type":"Organization","@id":"https:\/\/sportnautic.com\/#organization","name":"SPORT NAUTIC","url":"https:\/\/sportnautic.com\/","logo":{"@type":"ImageObject","inLanguage":"fr-FR","@id":"https:\/\/sportnautic.com\/#\/schema\/logo\/image\/","url":"https:\/\/sportnautic.com\/wp-content\/uploads\/2025\/11\/cropped-LOGO-REDONDO-SPORTNAUTIC-FLOTA-2-2.png","contentUrl":"https:\/\/sportnautic.com\/wp-content\/uploads\/2025\/11\/cropped-LOGO-REDONDO-SPORTNAUTIC-FLOTA-2-2.png","width":512,"height":512,"caption":"SPORT NAUTIC"},"image":{"@id":"https:\/\/sportnautic.com\/#\/schema\/logo\/image\/"},"sameAs":["https:\/\/facebook.com\/sportnautic","https:\/\/instagram.com\/sportnautic"],"description":"SPORT NAUTIC es una empresa especializada en la venta y alquiler de embarcaciones en la Comunidad Valenciana y Murcia. Ofrece barcos nuevos y de ocasi\u00f3n, servicio t\u00e9cnico y asesoramiento personalizado. Distribuidor oficial de marcas n\u00e1uticas y referente en el sector en la Comunidad Valenciana y Murcia.","email":"info@sportnautic.com","telephone":"+34 96 578 43 20","legalName":"Roga Nautica S.L.","foundingDate":"1989-01-01","numberOfEmployees":{"@type":"QuantitativeValue","minValue":"1","maxValue":"10"}}]}},"jetpack_sharing_enabled":true,"_links":{"self":[{"href":"https:\/\/sportnautic.com\/fr\/wp-json\/wp\/v2\/pages\/29444","targetHints":{"allow":["GET"]}}],"collection":[{"href":"https:\/\/sportnautic.com\/fr\/wp-json\/wp\/v2\/pages"}],"about":[{"href":"https:\/\/sportnautic.com\/fr\/wp-json\/wp\/v2\/types\/page"}],"author":[{"embeddable":true,"href":"https:\/\/sportnautic.com\/fr\/wp-json\/wp\/v2\/users\/1"}],"replies":[{"embeddable":true,"href":"https:\/\/sportnautic.com\/fr\/wp-json\/wp\/v2\/comments?post=29444"}],"version-history":[{"count":6,"href":"https:\/\/sportnautic.com\/fr\/wp-json\/wp\/v2\/pages\/29444\/revisions"}],"predecessor-version":[{"id":29450,"href":"https:\/\/sportnautic.com\/fr\/wp-json\/wp\/v2\/pages\/29444\/revisions\/29450"}],"wp:attachment":[{"href":"https:\/\/sportnautic.com\/fr\/wp-json\/wp\/v2\/media?parent=29444"}],"curies":[{"name":"wp","href":"https:\/\/api.w.org\/{rel}","templated":true}]}}