{"id":27620,"date":"2026-01-26T10:46:51","date_gmt":"2026-01-26T09:46:51","guid":{"rendered":"https:\/\/sportnautic.com\/?page_id=27620"},"modified":"2026-02-03T15:52:15","modified_gmt":"2026-02-03T14:52:15","slug":"excess-catamarans","status":"publish","type":"page","link":"https:\/\/sportnautic.com\/fr\/excess-catamarans\/","title":{"rendered":"Excess Catamarans"},"content":{"rendered":"\t\t<div data-elementor-type=\"wp-page\" data-elementor-id=\"27620\" class=\"elementor elementor-27620\" data-elementor-post-type=\"page\">\n\t\t\t\t<div class=\"elementor-element elementor-element-c161e84 e-flex e-con-boxed e-con e-parent\" data-id=\"c161e84\" data-element_type=\"container\" data-e-type=\"container\" data-settings=\"{&quot;background_background&quot;:&quot;slideshow&quot;,&quot;background_slideshow_gallery&quot;:[{&quot;id&quot;:27642,&quot;url&quot;:&quot;https:\\\/\\\/sportnautic.com\\\/wp-content\\\/uploads\\\/2026\\\/01\\\/Excess-Excess-13_3-scaled.jpg&quot;},{&quot;id&quot;:23807,&quot;url&quot;:&quot;https:\\\/\\\/sportnautic.com\\\/wp-content\\\/uploads\\\/2025\\\/11\\\/Excess-11-\\u2013-NUEVO_2.jpg&quot;}],&quot;background_slideshow_loop&quot;:&quot;yes&quot;,&quot;background_slideshow_slide_duration&quot;:5000,&quot;background_slideshow_slide_transition&quot;:&quot;fade&quot;,&quot;background_slideshow_transition_duration&quot;:500}\">\n\t\t\t\t\t<div class=\"e-con-inner\">\n\t\t\t\t\t<\/div>\n\t\t\t\t<\/div>\n\t\t<div class=\"elementor-element elementor-element-ce497ed e-flex e-con-boxed e-con e-parent\" data-id=\"ce497ed\" data-element_type=\"container\" data-e-type=\"container\">\n\t\t\t\t\t<div class=\"e-con-inner\">\n\t\t\t\t<div class=\"elementor-element elementor-element-87208a6 elementor-widget-divider--view-line elementor-widget elementor-widget-divider\" data-id=\"87208a6\" data-element_type=\"widget\" data-e-type=\"widget\" data-widget_type=\"divider.default\">\n\t\t\t\t\t\t\t<div class=\"elementor-divider\">\n\t\t\t<span class=\"elementor-divider-separator\">\n\t\t\t\t\t\t<\/span>\n\t\t<\/div>\n\t\t\t\t\t\t<\/div>\n\t\t\t\t\t<\/div>\n\t\t\t\t<\/div>\n\t\t<div class=\"elementor-element elementor-element-8feec30 e-flex e-con-boxed e-con e-parent\" data-id=\"8feec30\" data-element_type=\"container\" data-e-type=\"container\">\n\t\t\t\t\t<div class=\"e-con-inner\">\n\t\t\t\t<div class=\"elementor-element elementor-element-62444dc elementor-widget elementor-widget-heading\" data-id=\"62444dc\" data-element_type=\"widget\" data-e-type=\"widget\" data-widget_type=\"heading.default\">\n\t\t\t\t\t<h2 class=\"elementor-heading-title elementor-size-default\">Excess Catamarans <\/h2>\t\t\t\t<\/div>\n\t\t\t\t\t<\/div>\n\t\t\t\t<\/div>\n\t\t<div class=\"elementor-element elementor-element-0073e22 e-con-full e-flex e-con e-parent\" data-id=\"0073e22\" data-element_type=\"container\" data-e-type=\"container\">\n\t\t\t\t<div class=\"elementor-element elementor-element-30357d3 elementor-widget elementor-widget-text-editor\" data-id=\"30357d3\" data-element_type=\"widget\" data-e-type=\"widget\" data-widget_type=\"text-editor.default\">\n\t\t\t\t\t\t\t\t\t<p style=\"text-align: center;\" data-start=\"434\" data-end=\"766\">En los <strong data-start=\"441\" data-end=\"463\">catamaranes Excess<\/strong>, la experiencia de navegaci\u00f3n se ha pensado de una forma diferente. A bordo, encontrar\u00e1s <strong data-start=\"553\" data-end=\"580\">dobles puestos de mando<\/strong> que ofrecen una excelente visi\u00f3n del mar, un dise\u00f1o <strong data-start=\"633\" data-end=\"647\">Pulse Line<\/strong> que transmite sensaciones reales de navegaci\u00f3n y sistemas modernos pensados para disfrutar del mar sin complicaciones.<\/p><p style=\"text-align: center;\" data-start=\"768\" data-end=\"1044\">Los <strong data-start=\"772\" data-end=\"794\">catamaranes Excess<\/strong> cuentan con <strong data-start=\"807\" data-end=\"848\">espacios interiores bien aprovechados<\/strong>, zonas de vida c\u00f3modas y <strong data-start=\"874\" data-end=\"895\">acabados cuidados<\/strong>, pensados para vivir el mar de forma pr\u00e1ctica y actual. Adem\u00e1s, su dise\u00f1o permite una conexi\u00f3n directa con el entorno y una navegaci\u00f3n m\u00e1s din\u00e1mica.<\/p><p style=\"text-align: center;\" data-start=\"1046\" data-end=\"1206\"><strong data-start=\"1046\" data-end=\"1057\">Por eso<\/strong>, los <strong data-start=\"1063\" data-end=\"1085\">catamaranes Excess<\/strong> est\u00e1n pensados para adaptarse a nuevas formas de disfrutar la vida en el agua, combinando rendimiento, confort y estilo.<\/p><h3 style=\"text-align: center;\" data-start=\"1208\" data-end=\"1255\"><span style=\"color: #c5682b;\">Excess Catamarans crea catamaranes que se adaptan a ti<\/span><\/h3>\t\t\t\t\t\t\t\t<\/div>\n\t\t\t\t<\/div>\n\t\t<div class=\"elementor-element elementor-element-5aead68 e-flex e-con-boxed e-con e-parent\" data-id=\"5aead68\" data-element_type=\"container\" data-e-type=\"container\">\n\t\t\t\t\t<div class=\"e-con-inner\">\n\t\t<div class=\"elementor-element elementor-element-bf2cdeb e-con-full e-flex e-con e-child\" data-id=\"bf2cdeb\" data-element_type=\"container\" data-e-type=\"container\" data-settings=\"{&quot;background_background&quot;:&quot;classic&quot;}\">\n\t\t<div class=\"elementor-element elementor-element-a3a9bdb e-con-full e-flex e-con e-child\" data-id=\"a3a9bdb\" data-element_type=\"container\" data-e-type=\"container\" data-settings=\"{&quot;background_background&quot;:&quot;classic&quot;}\">\n\t\t\t\t<div class=\"elementor-element elementor-element-949753a elementor-widget elementor-widget-image\" data-id=\"949753a\" data-element_type=\"widget\" data-e-type=\"widget\" data-widget_type=\"image.default\">\n\t\t\t\t\t\t\t\t\t\t\t\t\t\t\t\t<a href=\"https:\/\/sportnautic.com\/excess-catamarans\/excess-11\/\">\n\t\t\t\t\t\t\t<img fetchpriority=\"high\" decoding=\"async\" width=\"600\" height=\"400\" src=\"https:\/\/sportnautic.com\/wp-content\/uploads\/2025\/11\/Excess-11-NUEVO-1024x683.webp\" class=\"attachment-large size-large wp-image-24665\" alt=\"\" srcset=\"https:\/\/sportnautic.com\/wp-content\/uploads\/2025\/11\/Excess-11-NUEVO-1024x683.webp 1024w, https:\/\/sportnautic.com\/wp-content\/uploads\/2025\/11\/Excess-11-NUEVO-600x400.webp 600w, https:\/\/sportnautic.com\/wp-content\/uploads\/2025\/11\/Excess-11-NUEVO-300x200.webp 300w, https:\/\/sportnautic.com\/wp-content\/uploads\/2025\/11\/Excess-11-NUEVO-768x512.webp 768w, https:\/\/sportnautic.com\/wp-content\/uploads\/2025\/11\/Excess-11-NUEVO-1536x1024.webp 1536w, https:\/\/sportnautic.com\/wp-content\/uploads\/2025\/11\/Excess-11-NUEVO-2048x1365.webp 2048w, https:\/\/sportnautic.com\/wp-content\/uploads\/2025\/11\/Excess-11-NUEVO-165x110.webp 165w\" sizes=\"(max-width: 600px) 100vw, 600px\" \/>\t\t\t\t\t\t\t\t<\/a>\n\t\t\t\t\t\t\t\t\t\t\t\t\t\t\t<\/div>\n\t\t\t\t<div class=\"elementor-element elementor-element-1e8f527 elementor-widget-divider--view-line elementor-widget elementor-widget-divider\" data-id=\"1e8f527\" data-element_type=\"widget\" data-e-type=\"widget\" data-widget_type=\"divider.default\">\n\t\t\t\t\t\t\t<div class=\"elementor-divider\">\n\t\t\t<span class=\"elementor-divider-separator\">\n\t\t\t\t\t\t<\/span>\n\t\t<\/div>\n\t\t\t\t\t\t<\/div>\n\t\t\t\t<div class=\"elementor-element elementor-element-880cc8a elementor-widget elementor-widget-heading\" data-id=\"880cc8a\" data-element_type=\"widget\" data-e-type=\"widget\" data-widget_type=\"heading.default\">\n\t\t\t\t\t<h2 class=\"elementor-heading-title elementor-size-default\">EXCESS 11<\/h2>\t\t\t\t<\/div>\n\t\t\t\t<\/div>\n\t\t<div class=\"elementor-element elementor-element-694a60f e-con-full e-flex e-con e-child\" data-id=\"694a60f\" data-element_type=\"container\" data-e-type=\"container\" data-settings=\"{&quot;background_background&quot;:&quot;classic&quot;}\">\n\t\t\t\t<div class=\"elementor-element elementor-element-f569226 elementor-widget elementor-widget-image\" data-id=\"f569226\" data-element_type=\"widget\" data-e-type=\"widget\" data-widget_type=\"image.default\">\n\t\t\t\t\t\t\t\t\t\t\t\t\t\t\t\t<a href=\"https:\/\/sportnautic.com\/excess-catamarans\/excess-13\/\">\n\t\t\t\t\t\t\t<img decoding=\"async\" width=\"600\" height=\"400\" src=\"https:\/\/sportnautic.com\/wp-content\/uploads\/2025\/11\/Excess-13-NUEVO-1024x683.webp\" class=\"attachment-large size-large wp-image-24666\" alt=\"\" srcset=\"https:\/\/sportnautic.com\/wp-content\/uploads\/2025\/11\/Excess-13-NUEVO-1024x683.webp 1024w, https:\/\/sportnautic.com\/wp-content\/uploads\/2025\/11\/Excess-13-NUEVO-600x400.webp 600w, https:\/\/sportnautic.com\/wp-content\/uploads\/2025\/11\/Excess-13-NUEVO-300x200.webp 300w, https:\/\/sportnautic.com\/wp-content\/uploads\/2025\/11\/Excess-13-NUEVO-768x512.webp 768w, https:\/\/sportnautic.com\/wp-content\/uploads\/2025\/11\/Excess-13-NUEVO-1536x1024.webp 1536w, https:\/\/sportnautic.com\/wp-content\/uploads\/2025\/11\/Excess-13-NUEVO-2048x1365.webp 2048w, https:\/\/sportnautic.com\/wp-content\/uploads\/2025\/11\/Excess-13-NUEVO-165x110.webp 165w\" sizes=\"(max-width: 600px) 100vw, 600px\" \/>\t\t\t\t\t\t\t\t<\/a>\n\t\t\t\t\t\t\t\t\t\t\t\t\t\t\t<\/div>\n\t\t\t\t<div class=\"elementor-element elementor-element-093a9aa elementor-widget-divider--view-line elementor-widget elementor-widget-divider\" data-id=\"093a9aa\" data-element_type=\"widget\" data-e-type=\"widget\" data-widget_type=\"divider.default\">\n\t\t\t\t\t\t\t<div class=\"elementor-divider\">\n\t\t\t<span class=\"elementor-divider-separator\">\n\t\t\t\t\t\t<\/span>\n\t\t<\/div>\n\t\t\t\t\t\t<\/div>\n\t\t\t\t<div class=\"elementor-element elementor-element-10da262 elementor-widget elementor-widget-heading\" data-id=\"10da262\" data-element_type=\"widget\" data-e-type=\"widget\" data-widget_type=\"heading.default\">\n\t\t\t\t\t<h2 class=\"elementor-heading-title elementor-size-default\">EXCESS 13<\/h2>\t\t\t\t<\/div>\n\t\t\t\t<\/div>\n\t\t<div class=\"elementor-element elementor-element-8aab7ea e-con-full e-flex e-con e-child\" data-id=\"8aab7ea\" data-element_type=\"container\" data-e-type=\"container\" data-settings=\"{&quot;background_background&quot;:&quot;classic&quot;}\">\n\t\t\t\t<div class=\"elementor-element elementor-element-0546885 elementor-widget elementor-widget-image\" data-id=\"0546885\" data-element_type=\"widget\" data-e-type=\"widget\" data-widget_type=\"image.default\">\n\t\t\t\t\t\t\t\t\t\t\t\t\t\t\t\t<a href=\"https:\/\/sportnautic.com\/excess-catamarans\/excess-14\/\">\n\t\t\t\t\t\t\t<img decoding=\"async\" width=\"600\" height=\"400\" src=\"https:\/\/sportnautic.com\/wp-content\/uploads\/2025\/11\/Excess-14-NUEVO-1024x683.webp\" class=\"attachment-large size-large wp-image-24667\" alt=\"\" srcset=\"https:\/\/sportnautic.com\/wp-content\/uploads\/2025\/11\/Excess-14-NUEVO-1024x683.webp 1024w, https:\/\/sportnautic.com\/wp-content\/uploads\/2025\/11\/Excess-14-NUEVO-600x400.webp 600w, https:\/\/sportnautic.com\/wp-content\/uploads\/2025\/11\/Excess-14-NUEVO-300x200.webp 300w, https:\/\/sportnautic.com\/wp-content\/uploads\/2025\/11\/Excess-14-NUEVO-768x512.webp 768w, https:\/\/sportnautic.com\/wp-content\/uploads\/2025\/11\/Excess-14-NUEVO-1536x1024.webp 1536w, https:\/\/sportnautic.com\/wp-content\/uploads\/2025\/11\/Excess-14-NUEVO-2048x1365.webp 2048w, https:\/\/sportnautic.com\/wp-content\/uploads\/2025\/11\/Excess-14-NUEVO-165x110.webp 165w\" sizes=\"(max-width: 600px) 100vw, 600px\" \/>\t\t\t\t\t\t\t\t<\/a>\n\t\t\t\t\t\t\t\t\t\t\t\t\t\t\t<\/div>\n\t\t\t\t<div class=\"elementor-element elementor-element-1f66037 elementor-widget-divider--view-line elementor-widget elementor-widget-divider\" data-id=\"1f66037\" data-element_type=\"widget\" data-e-type=\"widget\" data-widget_type=\"divider.default\">\n\t\t\t\t\t\t\t<div class=\"elementor-divider\">\n\t\t\t<span class=\"elementor-divider-separator\">\n\t\t\t\t\t\t<\/span>\n\t\t<\/div>\n\t\t\t\t\t\t<\/div>\n\t\t\t\t<div class=\"elementor-element elementor-element-f32ef07 elementor-widget elementor-widget-heading\" data-id=\"f32ef07\" data-element_type=\"widget\" data-e-type=\"widget\" data-widget_type=\"heading.default\">\n\t\t\t\t\t<h2 class=\"elementor-heading-title elementor-size-default\">EXCESS 14<\/h2>\t\t\t\t<\/div>\n\t\t\t\t<\/div>\n\t\t\t\t<\/div>\n\t\t\t\t\t<\/div>\n\t\t\t\t<\/div>\n\t\t\t\t<\/div>\n\t\t","protected":false},"excerpt":{"rendered":"<p>Excess Catamarans En los catamaranes Excess, la experiencia de navegaci\u00f3n se ha pensado de una forma diferente. A bordo, encontrar\u00e1s dobles puestos de mando que ofrecen una excelente visi\u00f3n del mar, un dise\u00f1o Pulse Line que transmite sensaciones reales de navegaci\u00f3n y sistemas modernos pensados para disfrutar del mar sin complicaciones. Los catamaranes Excess cuentan [&hellip;]<\/p>\n","protected":false},"author":1,"featured_media":24668,"parent":0,"menu_order":0,"comment_status":"closed","ping_status":"closed","template":"","meta":{"footnotes":""},"class_list":["post-27620","page","type-page","status-publish","has-post-thumbnail","hentry"],"yoast_head":"<!-- This site is optimized with the Yoast SEO Premium plugin v27.4 (Yoast SEO v27.4) - https:\/\/yoast.com\/product\/yoast-seo-premium-wordpress\/ -->\n<title>Excess Catamarans: Innovaci\u00f3n en Navegaci\u00f3n<\/title>\n<meta name=\"description\" content=\"Los Excess, redefinen la vida en el agua con vistas impresionantes y acabados atractivos para los amantes de la navegaci\u00f3n.\" \/>\n<meta name=\"robots\" content=\"index, follow, max-snippet:-1, max-image-preview:large, max-video-preview:-1\" \/>\n<link rel=\"canonical\" href=\"https:\/\/sportnautic.com\/fr\/excess-catamarans\/\" \/>\n<meta property=\"og:locale\" content=\"fr_FR\" \/>\n<meta property=\"og:type\" content=\"article\" \/>\n<meta property=\"og:title\" content=\"Barcos en venta y alquiler | SPORT NAUTIC\" \/>\n<meta property=\"og:description\" content=\"Distribuidor oficial y expertos en el mar. Barcos nuevos y de ocasi\u00f3n listos para navegar.\" \/>\n<meta property=\"og:url\" content=\"https:\/\/sportnautic.com\/fr\/excess-catamarans\/\" \/>\n<meta property=\"og:site_name\" content=\"SPORT NAUTIC\" \/>\n<meta property=\"article:publisher\" content=\"https:\/\/facebook.com\/sportnautic\" \/>\n<meta property=\"article:modified_time\" content=\"2026-02-03T14:52:15+00:00\" \/>\n<meta property=\"og:image\" content=\"https:\/\/sportnautic.com\/wp-content\/uploads\/2025\/11\/Excess-13-NUEVO-1-1024x683.webp\" \/>\n\t<meta property=\"og:image:width\" content=\"1024\" \/>\n\t<meta property=\"og:image:height\" content=\"683\" \/>\n\t<meta property=\"og:image:type\" content=\"image\/webp\" \/>\n<meta name=\"twitter:card\" content=\"summary_large_image\" \/>\n<meta name=\"twitter:label1\" content=\"Dur\u00e9e de lecture estim\u00e9e\" \/>\n\t<meta name=\"twitter:data1\" content=\"2 minutes\" \/>\n<script type=\"application\/ld+json\" class=\"yoast-schema-graph\">{\"@context\":\"https:\\\/\\\/schema.org\",\"@graph\":[{\"@type\":\"WebPage\",\"@id\":\"https:\\\/\\\/sportnautic.com\\\/excess-catamarans\\\/\",\"url\":\"https:\\\/\\\/sportnautic.com\\\/excess-catamarans\\\/\",\"name\":\"Excess Catamarans: Innovaci\u00f3n en Navegaci\u00f3n\",\"isPartOf\":{\"@id\":\"https:\\\/\\\/sportnautic.com\\\/#website\"},\"primaryImageOfPage\":{\"@id\":\"https:\\\/\\\/sportnautic.com\\\/excess-catamarans\\\/#primaryimage\"},\"image\":{\"@id\":\"https:\\\/\\\/sportnautic.com\\\/excess-catamarans\\\/#primaryimage\"},\"thumbnailUrl\":\"https:\\\/\\\/sportnautic.com\\\/wp-content\\\/uploads\\\/2025\\\/11\\\/Excess-13-NUEVO-1.webp\",\"datePublished\":\"2026-01-26T09:46:51+00:00\",\"dateModified\":\"2026-02-03T14:52:15+00:00\",\"description\":\"Los Excess, redefinen la vida en el agua con vistas impresionantes y acabados atractivos para los amantes de la navegaci\u00f3n.\",\"breadcrumb\":{\"@id\":\"https:\\\/\\\/sportnautic.com\\\/excess-catamarans\\\/#breadcrumb\"},\"inLanguage\":\"fr-FR\",\"potentialAction\":[{\"@type\":\"ReadAction\",\"target\":[\"https:\\\/\\\/sportnautic.com\\\/excess-catamarans\\\/\"]}]},{\"@type\":\"ImageObject\",\"inLanguage\":\"fr-FR\",\"@id\":\"https:\\\/\\\/sportnautic.com\\\/excess-catamarans\\\/#primaryimage\",\"url\":\"https:\\\/\\\/sportnautic.com\\\/wp-content\\\/uploads\\\/2025\\\/11\\\/Excess-13-NUEVO-1.webp\",\"contentUrl\":\"https:\\\/\\\/sportnautic.com\\\/wp-content\\\/uploads\\\/2025\\\/11\\\/Excess-13-NUEVO-1.webp\",\"width\":2499,\"height\":1666},{\"@type\":\"BreadcrumbList\",\"@id\":\"https:\\\/\\\/sportnautic.com\\\/excess-catamarans\\\/#breadcrumb\",\"itemListElement\":[{\"@type\":\"ListItem\",\"position\":1,\"name\":\"Portada\",\"item\":\"https:\\\/\\\/sportnautic.com\\\/\"},{\"@type\":\"ListItem\",\"position\":2,\"name\":\"Excess Catamarans\"}]},{\"@type\":\"WebSite\",\"@id\":\"https:\\\/\\\/sportnautic.com\\\/#website\",\"url\":\"https:\\\/\\\/sportnautic.com\\\/\",\"name\":\"SPORT NAUTIC\",\"description\":\"\",\"publisher\":{\"@id\":\"https:\\\/\\\/sportnautic.com\\\/#organization\"},\"potentialAction\":[{\"@type\":\"SearchAction\",\"target\":{\"@type\":\"EntryPoint\",\"urlTemplate\":\"https:\\\/\\\/sportnautic.com\\\/?s={search_term_string}\"},\"query-input\":{\"@type\":\"PropertyValueSpecification\",\"valueRequired\":true,\"valueName\":\"search_term_string\"}}],\"inLanguage\":\"fr-FR\"},{\"@type\":\"Organization\",\"@id\":\"https:\\\/\\\/sportnautic.com\\\/#organization\",\"name\":\"SPORT NAUTIC\",\"url\":\"https:\\\/\\\/sportnautic.com\\\/\",\"logo\":{\"@type\":\"ImageObject\",\"inLanguage\":\"fr-FR\",\"@id\":\"https:\\\/\\\/sportnautic.com\\\/#\\\/schema\\\/logo\\\/image\\\/\",\"url\":\"https:\\\/\\\/sportnautic.com\\\/wp-content\\\/uploads\\\/2025\\\/11\\\/cropped-LOGO-REDONDO-SPORTNAUTIC-FLOTA-2-2.png\",\"contentUrl\":\"https:\\\/\\\/sportnautic.com\\\/wp-content\\\/uploads\\\/2025\\\/11\\\/cropped-LOGO-REDONDO-SPORTNAUTIC-FLOTA-2-2.png\",\"width\":512,\"height\":512,\"caption\":\"SPORT NAUTIC\"},\"image\":{\"@id\":\"https:\\\/\\\/sportnautic.com\\\/#\\\/schema\\\/logo\\\/image\\\/\"},\"sameAs\":[\"https:\\\/\\\/facebook.com\\\/sportnautic\",\"https:\\\/\\\/instagram.com\\\/sportnautic\"],\"description\":\"SPORT NAUTIC es una empresa especializada en la venta y alquiler de embarcaciones en la Comunidad Valenciana y Murcia. Ofrece barcos nuevos y de ocasi\u00f3n, servicio t\u00e9cnico y asesoramiento personalizado. Distribuidor oficial de marcas n\u00e1uticas y referente en el sector en la Comunidad Valenciana y Murcia.\",\"email\":\"info@sportnautic.com\",\"telephone\":\"+34 96 578 43 20\",\"legalName\":\"Roga Nautica S.L.\",\"foundingDate\":\"1989-01-01\",\"numberOfEmployees\":{\"@type\":\"QuantitativeValue\",\"minValue\":\"1\",\"maxValue\":\"10\"}}]}<\/script>\n<!-- \/ Yoast SEO Premium plugin. -->","yoast_head_json":{"title":"Excess Catamarans: Innovation en navigation","description":"Los Excess, redefinen la vida en el agua con vistas impresionantes y acabados atractivos para los amantes de la navegaci\u00f3n.","robots":{"index":"index","follow":"follow","max-snippet":"max-snippet:-1","max-image-preview":"max-image-preview:large","max-video-preview":"max-video-preview:-1"},"canonical":"https:\/\/sportnautic.com\/fr\/excess-catamarans\/","og_locale":"fr_FR","og_type":"article","og_title":"Barcos en venta y alquiler | SPORT NAUTIC","og_description":"Distribuidor oficial y expertos en el mar. Barcos nuevos y de ocasi\u00f3n listos para navegar.","og_url":"https:\/\/sportnautic.com\/fr\/excess-catamarans\/","og_site_name":"SPORT NAUTIC","article_publisher":"https:\/\/facebook.com\/sportnautic","article_modified_time":"2026-02-03T14:52:15+00:00","og_image":[{"width":1024,"height":683,"url":"https:\/\/sportnautic.com\/wp-content\/uploads\/2025\/11\/Excess-13-NUEVO-1-1024x683.webp","type":"image\/webp"}],"twitter_card":"summary_large_image","twitter_misc":{"Dur\u00e9e de lecture estim\u00e9e":"2 minutes"},"schema":{"@context":"https:\/\/schema.org","@graph":[{"@type":"WebPage","@id":"https:\/\/sportnautic.com\/excess-catamarans\/","url":"https:\/\/sportnautic.com\/excess-catamarans\/","name":"Excess Catamarans: Innovation en navigation","isPartOf":{"@id":"https:\/\/sportnautic.com\/#website"},"primaryImageOfPage":{"@id":"https:\/\/sportnautic.com\/excess-catamarans\/#primaryimage"},"image":{"@id":"https:\/\/sportnautic.com\/excess-catamarans\/#primaryimage"},"thumbnailUrl":"https:\/\/sportnautic.com\/wp-content\/uploads\/2025\/11\/Excess-13-NUEVO-1.webp","datePublished":"2026-01-26T09:46:51+00:00","dateModified":"2026-02-03T14:52:15+00:00","description":"Los Excess, redefinen la vida en el agua con vistas impresionantes y acabados atractivos para los amantes de la navegaci\u00f3n.","breadcrumb":{"@id":"https:\/\/sportnautic.com\/excess-catamarans\/#breadcrumb"},"inLanguage":"fr-FR","potentialAction":[{"@type":"ReadAction","target":["https:\/\/sportnautic.com\/excess-catamarans\/"]}]},{"@type":"ImageObject","inLanguage":"fr-FR","@id":"https:\/\/sportnautic.com\/excess-catamarans\/#primaryimage","url":"https:\/\/sportnautic.com\/wp-content\/uploads\/2025\/11\/Excess-13-NUEVO-1.webp","contentUrl":"https:\/\/sportnautic.com\/wp-content\/uploads\/2025\/11\/Excess-13-NUEVO-1.webp","width":2499,"height":1666},{"@type":"BreadcrumbList","@id":"https:\/\/sportnautic.com\/excess-catamarans\/#breadcrumb","itemListElement":[{"@type":"ListItem","position":1,"name":"Portada","item":"https:\/\/sportnautic.com\/"},{"@type":"ListItem","position":2,"name":"Excess Catamarans"}]},{"@type":"WebSite","@id":"https:\/\/sportnautic.com\/#website","url":"https:\/\/sportnautic.com\/","name":"SPORT NAUTIC","description":"","publisher":{"@id":"https:\/\/sportnautic.com\/#organization"},"potentialAction":[{"@type":"SearchAction","target":{"@type":"EntryPoint","urlTemplate":"https:\/\/sportnautic.com\/?s={search_term_string}"},"query-input":{"@type":"PropertyValueSpecification","valueRequired":true,"valueName":"search_term_string"}}],"inLanguage":"fr-FR"},{"@type":"Organization","@id":"https:\/\/sportnautic.com\/#organization","name":"SPORT NAUTIC","url":"https:\/\/sportnautic.com\/","logo":{"@type":"ImageObject","inLanguage":"fr-FR","@id":"https:\/\/sportnautic.com\/#\/schema\/logo\/image\/","url":"https:\/\/sportnautic.com\/wp-content\/uploads\/2025\/11\/cropped-LOGO-REDONDO-SPORTNAUTIC-FLOTA-2-2.png","contentUrl":"https:\/\/sportnautic.com\/wp-content\/uploads\/2025\/11\/cropped-LOGO-REDONDO-SPORTNAUTIC-FLOTA-2-2.png","width":512,"height":512,"caption":"SPORT NAUTIC"},"image":{"@id":"https:\/\/sportnautic.com\/#\/schema\/logo\/image\/"},"sameAs":["https:\/\/facebook.com\/sportnautic","https:\/\/instagram.com\/sportnautic"],"description":"SPORT NAUTIC es una empresa especializada en la venta y alquiler de embarcaciones en la Comunidad Valenciana y Murcia. Ofrece barcos nuevos y de ocasi\u00f3n, servicio t\u00e9cnico y asesoramiento personalizado. Distribuidor oficial de marcas n\u00e1uticas y referente en el sector en la Comunidad Valenciana y Murcia.","email":"info@sportnautic.com","telephone":"+34 96 578 43 20","legalName":"Roga Nautica S.L.","foundingDate":"1989-01-01","numberOfEmployees":{"@type":"QuantitativeValue","minValue":"1","maxValue":"10"}}]}},"jetpack_sharing_enabled":true,"_links":{"self":[{"href":"https:\/\/sportnautic.com\/fr\/wp-json\/wp\/v2\/pages\/27620","targetHints":{"allow":["GET"]}}],"collection":[{"href":"https:\/\/sportnautic.com\/fr\/wp-json\/wp\/v2\/pages"}],"about":[{"href":"https:\/\/sportnautic.com\/fr\/wp-json\/wp\/v2\/types\/page"}],"author":[{"embeddable":true,"href":"https:\/\/sportnautic.com\/fr\/wp-json\/wp\/v2\/users\/1"}],"replies":[{"embeddable":true,"href":"https:\/\/sportnautic.com\/fr\/wp-json\/wp\/v2\/comments?post=27620"}],"version-history":[{"count":22,"href":"https:\/\/sportnautic.com\/fr\/wp-json\/wp\/v2\/pages\/27620\/revisions"}],"predecessor-version":[{"id":28025,"href":"https:\/\/sportnautic.com\/fr\/wp-json\/wp\/v2\/pages\/27620\/revisions\/28025"}],"wp:featuredmedia":[{"embeddable":true,"href":"https:\/\/sportnautic.com\/fr\/wp-json\/wp\/v2\/media\/24668"}],"wp:attachment":[{"href":"https:\/\/sportnautic.com\/fr\/wp-json\/wp\/v2\/media?parent=27620"}],"curies":[{"name":"wp","href":"https:\/\/api.w.org\/{rel}","templated":true}]}}