{"id":27415,"date":"2026-01-21T16:59:55","date_gmt":"2026-01-21T15:59:55","guid":{"rendered":"https:\/\/sportnautic.com\/?page_id=27415"},"modified":"2026-01-21T17:04:34","modified_gmt":"2026-01-21T16:04:34","slug":"aviso-legal","status":"publish","type":"page","link":"https:\/\/sportnautic.com\/fr\/aviso-legal\/","title":{"rendered":"Avis juridique"},"content":{"rendered":"<div data-elementor-type=\"wp-post\" data-elementor-id=\"27415\" class=\"elementor elementor-27415\" data-elementor-post-type=\"page\">\n\t\t\t\t\t\t<section class=\"elementor-section elementor-top-section elementor-element elementor-element-fc0979b elementor-section-boxed elementor-section-height-default elementor-section-height-default\" data-id=\"fc0979b\" data-element_type=\"section\" data-e-type=\"section\">\n\t\t\t\t\t\t<div class=\"elementor-container elementor-column-gap-default\">\n\t\t\t\t\t<div class=\"elementor-column elementor-col-100 elementor-top-column elementor-element elementor-element-10be183\" data-id=\"10be183\" data-element_type=\"column\" data-e-type=\"column\">\n\t\t\t<div class=\"elementor-widget-wrap elementor-element-populated\">\n\t\t\t\t\t\t<div class=\"elementor-element elementor-element-43a1c95 elementor-widget elementor-widget-spacer\" data-id=\"43a1c95\" data-element_type=\"widget\" data-e-type=\"widget\" data-widget_type=\"spacer.default\">\n\t\t\t\t\t\t\t<div class=\"elementor-spacer\">\n\t\t\t<div class=\"elementor-spacer-inner\"><\/div>\n\t\t<\/div>\n\t\t\t\t\t\t<\/div>\n\t\t\t\t\t<\/div>\n\t\t<\/div>\n\t\t\t\t\t<\/div>\n\t\t<\/section>\n\t\t\t\t<section class=\"elementor-section elementor-top-section elementor-element elementor-element-6509ce9 elementor-section-content-middle elementor-section-boxed elementor-section-height-default elementor-section-height-default\" data-id=\"6509ce9\" data-element_type=\"section\" data-e-type=\"section\">\n\t\t\t\t\t\t<div class=\"elementor-container elementor-column-gap-default\">\n\t\t\t\t\t<div class=\"elementor-column elementor-col-100 elementor-top-column elementor-element elementor-element-951cf7b\" data-id=\"951cf7b\" data-element_type=\"column\" data-e-type=\"column\">\n\t\t\t<div class=\"elementor-widget-wrap elementor-element-populated\">\n\t\t\t\t\t\t<div class=\"elementor-element elementor-element-8de1214 elementor-widget elementor-widget-heading\" data-id=\"8de1214\" data-element_type=\"widget\" data-e-type=\"widget\" data-widget_type=\"heading.default\">\n\t\t\t\t\t<h1 class=\"elementor-heading-title elementor-size-default\">Avis juridique<\/h1>\t\t\t\t<\/div>\n\t\t\t\t<div class=\"elementor-element elementor-element-0fb9abf elementor-widget elementor-widget-spacer\" data-id=\"0fb9abf\" data-element_type=\"widget\" data-e-type=\"widget\" data-widget_type=\"spacer.default\">\n\t\t\t\t\t\t\t<div class=\"elementor-spacer\">\n\t\t\t<div class=\"elementor-spacer-inner\"><\/div>\n\t\t<\/div>\n\t\t\t\t\t\t<\/div>\n\t\t\t\t<div class=\"elementor-element elementor-element-05ea382 elementor-widget elementor-widget-text-editor\" data-id=\"05ea382\" data-element_type=\"widget\" data-e-type=\"widget\" data-widget_type=\"text-editor.default\">\n\t\t\t\t\t\t\t\t\t<p class=\"p1\"><b>Identification du responsable<\/b><b><\/b><\/p><ul><li class=\"p2\">Roga N\u00e1utica SL<\/li><li class=\"p2\">CIF: B0697083<\/li><li class=\"p2\">Domicile fiscal: Av. Joan Fuster n2 Local 1<\/li><li class=\"p2\">Courriel: denia@sportnautic.com<\/li><li class=\"p2\">T\u00e9l\u00e9phone: +34 96 578 43 20<\/li><\/ul><p>\u00a0<\/p><p class=\"p1\"><b>Propri\u00e9t\u00e9 intellectuelle<\/b><b><\/b><\/p><p class=\"p2\">Tout le contenu publi\u00e9 sur ce site Web, y compris les textes, les images, les logos et les conceptions, est la propri\u00e9t\u00e9 de Roga N\u00e1utica SL ou de tiers qui nous ont autoris\u00e9 \u00e0 l'utiliser (comme Beneteau). Sa reproduction, distribution, transformation ou communication publique est interdite sans l'autorisation \u00e9crite expresse des titulaires des droits.<\/p><p>\u00a0<\/p><p class=\"p1\"><b>Conditions d'utilisation du site web<\/b><b><\/b><\/p><p class=\"p2\">L'acc\u00e8s et l'utilisation du site web www.sportnautic.com sont de la responsabilit\u00e9 de l'utilisateur. L'utilisation du site Web n'est autoris\u00e9e qu'\u00e0 des fins l\u00e9gales et personnelles, l'utilisation des informations \u00e0 des fins commerciales non autoris\u00e9es ou toute action susceptible d'endommager, d\u00e9sactiver ou interf\u00e9rer avec le site Web ou ses syst\u00e8mes \u00e9tant interdite.<\/p><p>\u00a0<\/p><p class=\"p1\"><b>Limitation de responsabilit\u00e9<\/b><b><\/b><\/p><p class=\"p2\">Roga N\u00e1utica SL n'est pas responsable des dommages ou pr\u00e9judices r\u00e9sultant de l'utilisation de ce site, des erreurs dans les informations publi\u00e9es ou des liens vers des sites tiers. Les informations sont fournies \u00ab en l'\u00e9tant \u00bb et peuvent \u00eatre sujettes \u00e0 changement sans pr\u00e9avis.<\/p><p>\u00a0<\/p><p class=\"p1\"><b>L\u00e9gislation applicable et juridiction<\/b><b><\/b><\/p><p class=\"p2\">Cet avis juridique est r\u00e9gi par la l\u00e9gislation espagnole. Tout litige sera soumis aux cours et tribunaux comp\u00e9tents conform\u00e9ment \u00e0 la l\u00e9gislation en vigueur en Espagne.<\/p>\t\t\t\t\t\t\t\t<\/div>\n\t\t\t\t\t<\/div>\n\t\t<\/div>\n\t\t\t\t\t<\/div>\n\t\t<\/section>\n\t\t\t\t<section class=\"elementor-section elementor-top-section elementor-element elementor-element-c84dabf elementor-section-boxed elementor-section-height-default elementor-section-height-default\" data-id=\"c84dabf\" data-element_type=\"section\" data-e-type=\"section\">\n\t\t\t\t\t\t<div class=\"elementor-container elementor-column-gap-default\">\n\t\t\t\t\t<div class=\"elementor-column elementor-col-100 elementor-top-column elementor-element elementor-element-15841aa\" data-id=\"15841aa\" data-element_type=\"column\" data-e-type=\"column\">\n\t\t\t<div class=\"elementor-widget-wrap\">\n\t\t\t\t\t\t\t<\/div>\n\t\t<\/div>\n\t\t\t\t\t<\/div>\n\t\t<\/section>\n\t\t\t\t<\/div>","protected":false},"excerpt":{"rendered":"<p>Aviso legal Identificaci\u00f3n del responsable Roga N\u00e1utica SL CIF: B0697083 Domicilio fiscal: Av. Joan Fuster n2 Local 1 Correo electr\u00f3nico: denia@sportnautic.com Tel\u00e9fono: +34 96 578 43 20 \u00a0 Propiedad intelectual Todo el contenido publicado en este sitio web, incluyendo textos, im\u00e1genes, logotipos y dise\u00f1os, es propiedad de Roga N\u00e1utica SL o de terceros que nos [&hellip;]<\/p>\n","protected":false},"author":1,"featured_media":0,"parent":0,"menu_order":0,"comment_status":"closed","ping_status":"closed","template":"","meta":{"footnotes":""},"class_list":["post-27415","page","type-page","status-publish","hentry"],"yoast_head":"<!-- This site is optimized with the Yoast SEO Premium plugin v27.3 (Yoast SEO v27.3) - https:\/\/yoast.com\/product\/yoast-seo-premium-wordpress\/ -->\n<title>Aviso legal - SPORT NAUTIC<\/title>\n<meta name=\"description\" content=\"Especialistas en venta y alquiler de barcos en la Comunidad Valenciana y Murcia. Descubre embarcaciones nuevas y de ocasi\u00f3n con asesoramiento profesional.\" \/>\n<meta name=\"robots\" content=\"index, follow, max-snippet:-1, max-image-preview:large, max-video-preview:-1\" \/>\n<link rel=\"canonical\" href=\"https:\/\/sportnautic.com\/fr\/aviso-legal\/\" \/>\n<meta property=\"og:locale\" content=\"fr_FR\" \/>\n<meta property=\"og:type\" content=\"article\" \/>\n<meta property=\"og:title\" content=\"Barcos en venta y alquiler | SPORT NAUTIC\" \/>\n<meta property=\"og:description\" content=\"Distribuidor oficial y expertos en el mar. Barcos nuevos y de ocasi\u00f3n listos para navegar.\" \/>\n<meta property=\"og:url\" content=\"https:\/\/sportnautic.com\/fr\/aviso-legal\/\" \/>\n<meta property=\"og:site_name\" content=\"SPORT NAUTIC\" \/>\n<meta property=\"article:publisher\" content=\"https:\/\/facebook.com\/sportnautic\" \/>\n<meta property=\"article:modified_time\" content=\"2026-01-21T16:04:34+00:00\" \/>\n<meta property=\"og:image\" content=\"https:\/\/sportnautic.com\/wp-content\/uploads\/2026\/03\/Gran-Turismo-50_5.jpg\" \/>\n\t<meta property=\"og:image:width\" content=\"1920\" \/>\n\t<meta property=\"og:image:height\" content=\"1079\" \/>\n\t<meta property=\"og:image:type\" content=\"image\/jpeg\" \/>\n<meta name=\"twitter:card\" content=\"summary_large_image\" \/>\n<meta name=\"twitter:label1\" content=\"Dur\u00e9e de lecture estim\u00e9e\" \/>\n\t<meta name=\"twitter:data1\" content=\"1 minute\" \/>\n<script type=\"application\/ld+json\" class=\"yoast-schema-graph\">{\"@context\":\"https:\\\/\\\/schema.org\",\"@graph\":[{\"@type\":\"WebPage\",\"@id\":\"https:\\\/\\\/sportnautic.com\\\/aviso-legal\\\/\",\"url\":\"https:\\\/\\\/sportnautic.com\\\/aviso-legal\\\/\",\"name\":\"Aviso legal - SPORT NAUTIC\",\"isPartOf\":{\"@id\":\"https:\\\/\\\/sportnautic.com\\\/#website\"},\"datePublished\":\"2026-01-21T15:59:55+00:00\",\"dateModified\":\"2026-01-21T16:04:34+00:00\",\"description\":\"Especialistas en venta y alquiler de barcos en la Comunidad Valenciana y Murcia. Descubre embarcaciones nuevas y de ocasi\u00f3n con asesoramiento profesional.\",\"breadcrumb\":{\"@id\":\"https:\\\/\\\/sportnautic.com\\\/aviso-legal\\\/#breadcrumb\"},\"inLanguage\":\"fr-FR\",\"potentialAction\":[{\"@type\":\"ReadAction\",\"target\":[\"https:\\\/\\\/sportnautic.com\\\/aviso-legal\\\/\"]}]},{\"@type\":\"BreadcrumbList\",\"@id\":\"https:\\\/\\\/sportnautic.com\\\/aviso-legal\\\/#breadcrumb\",\"itemListElement\":[{\"@type\":\"ListItem\",\"position\":1,\"name\":\"Portada\",\"item\":\"https:\\\/\\\/sportnautic.com\\\/\"},{\"@type\":\"ListItem\",\"position\":2,\"name\":\"Aviso legal\"}]},{\"@type\":\"WebSite\",\"@id\":\"https:\\\/\\\/sportnautic.com\\\/#website\",\"url\":\"https:\\\/\\\/sportnautic.com\\\/\",\"name\":\"SPORT NAUTIC\",\"description\":\"\",\"publisher\":{\"@id\":\"https:\\\/\\\/sportnautic.com\\\/#organization\"},\"potentialAction\":[{\"@type\":\"SearchAction\",\"target\":{\"@type\":\"EntryPoint\",\"urlTemplate\":\"https:\\\/\\\/sportnautic.com\\\/?s={search_term_string}\"},\"query-input\":{\"@type\":\"PropertyValueSpecification\",\"valueRequired\":true,\"valueName\":\"search_term_string\"}}],\"inLanguage\":\"fr-FR\"},{\"@type\":\"Organization\",\"@id\":\"https:\\\/\\\/sportnautic.com\\\/#organization\",\"name\":\"SPORT NAUTIC\",\"url\":\"https:\\\/\\\/sportnautic.com\\\/\",\"logo\":{\"@type\":\"ImageObject\",\"inLanguage\":\"fr-FR\",\"@id\":\"https:\\\/\\\/sportnautic.com\\\/#\\\/schema\\\/logo\\\/image\\\/\",\"url\":\"https:\\\/\\\/sportnautic.com\\\/wp-content\\\/uploads\\\/2025\\\/11\\\/cropped-LOGO-REDONDO-SPORTNAUTIC-FLOTA-2-2.png\",\"contentUrl\":\"https:\\\/\\\/sportnautic.com\\\/wp-content\\\/uploads\\\/2025\\\/11\\\/cropped-LOGO-REDONDO-SPORTNAUTIC-FLOTA-2-2.png\",\"width\":512,\"height\":512,\"caption\":\"SPORT NAUTIC\"},\"image\":{\"@id\":\"https:\\\/\\\/sportnautic.com\\\/#\\\/schema\\\/logo\\\/image\\\/\"},\"sameAs\":[\"https:\\\/\\\/facebook.com\\\/sportnautic\",\"https:\\\/\\\/instagram.com\\\/sportnautic\"],\"description\":\"SPORT NAUTIC es una empresa especializada en la venta y alquiler de embarcaciones en la Comunidad Valenciana y Murcia. Ofrece barcos nuevos y de ocasi\u00f3n, servicio t\u00e9cnico y asesoramiento personalizado. Distribuidor oficial de marcas n\u00e1uticas y referente en el sector en la Comunidad Valenciana y Murcia.\",\"email\":\"info@sportnautic.com\",\"telephone\":\"+34 96 578 43 20\",\"legalName\":\"Roga Nautica S.L.\",\"foundingDate\":\"1989-01-01\",\"numberOfEmployees\":{\"@type\":\"QuantitativeValue\",\"minValue\":\"1\",\"maxValue\":\"10\"}}]}<\/script>\n<!-- \/ Yoast SEO Premium plugin. -->","yoast_head_json":{"title":"Aviso legal - SPORT NAUTIC","description":"Especialistas en venta y alquiler de barcos en la Comunidad Valenciana y Murcia. Descubre embarcaciones nuevas y de ocasi\u00f3n con asesoramiento profesional.","robots":{"index":"index","follow":"follow","max-snippet":"max-snippet:-1","max-image-preview":"max-image-preview:large","max-video-preview":"max-video-preview:-1"},"canonical":"https:\/\/sportnautic.com\/fr\/aviso-legal\/","og_locale":"fr_FR","og_type":"article","og_title":"Barcos en venta y alquiler | SPORT NAUTIC","og_description":"Distribuidor oficial y expertos en el mar. Barcos nuevos y de ocasi\u00f3n listos para navegar.","og_url":"https:\/\/sportnautic.com\/fr\/aviso-legal\/","og_site_name":"SPORT NAUTIC","article_publisher":"https:\/\/facebook.com\/sportnautic","article_modified_time":"2026-01-21T16:04:34+00:00","og_image":[{"width":1920,"height":1079,"url":"https:\/\/sportnautic.com\/wp-content\/uploads\/2026\/03\/Gran-Turismo-50_5.jpg","type":"image\/jpeg"}],"twitter_card":"summary_large_image","twitter_misc":{"Dur\u00e9e de lecture estim\u00e9e":"1 minute"},"schema":{"@context":"https:\/\/schema.org","@graph":[{"@type":"WebPage","@id":"https:\/\/sportnautic.com\/aviso-legal\/","url":"https:\/\/sportnautic.com\/aviso-legal\/","name":"Aviso legal - SPORT NAUTIC","isPartOf":{"@id":"https:\/\/sportnautic.com\/#website"},"datePublished":"2026-01-21T15:59:55+00:00","dateModified":"2026-01-21T16:04:34+00:00","description":"Especialistas en venta y alquiler de barcos en la Comunidad Valenciana y Murcia. Descubre embarcaciones nuevas y de ocasi\u00f3n con asesoramiento profesional.","breadcrumb":{"@id":"https:\/\/sportnautic.com\/aviso-legal\/#breadcrumb"},"inLanguage":"fr-FR","potentialAction":[{"@type":"ReadAction","target":["https:\/\/sportnautic.com\/aviso-legal\/"]}]},{"@type":"BreadcrumbList","@id":"https:\/\/sportnautic.com\/aviso-legal\/#breadcrumb","itemListElement":[{"@type":"ListItem","position":1,"name":"Portada","item":"https:\/\/sportnautic.com\/"},{"@type":"ListItem","position":2,"name":"Aviso legal"}]},{"@type":"WebSite","@id":"https:\/\/sportnautic.com\/#website","url":"https:\/\/sportnautic.com\/","name":"SPORT NAUTIC","description":"","publisher":{"@id":"https:\/\/sportnautic.com\/#organization"},"potentialAction":[{"@type":"SearchAction","target":{"@type":"EntryPoint","urlTemplate":"https:\/\/sportnautic.com\/?s={search_term_string}"},"query-input":{"@type":"PropertyValueSpecification","valueRequired":true,"valueName":"search_term_string"}}],"inLanguage":"fr-FR"},{"@type":"Organization","@id":"https:\/\/sportnautic.com\/#organization","name":"SPORT NAUTIC","url":"https:\/\/sportnautic.com\/","logo":{"@type":"ImageObject","inLanguage":"fr-FR","@id":"https:\/\/sportnautic.com\/#\/schema\/logo\/image\/","url":"https:\/\/sportnautic.com\/wp-content\/uploads\/2025\/11\/cropped-LOGO-REDONDO-SPORTNAUTIC-FLOTA-2-2.png","contentUrl":"https:\/\/sportnautic.com\/wp-content\/uploads\/2025\/11\/cropped-LOGO-REDONDO-SPORTNAUTIC-FLOTA-2-2.png","width":512,"height":512,"caption":"SPORT NAUTIC"},"image":{"@id":"https:\/\/sportnautic.com\/#\/schema\/logo\/image\/"},"sameAs":["https:\/\/facebook.com\/sportnautic","https:\/\/instagram.com\/sportnautic"],"description":"SPORT NAUTIC es una empresa especializada en la venta y alquiler de embarcaciones en la Comunidad Valenciana y Murcia. Ofrece barcos nuevos y de ocasi\u00f3n, servicio t\u00e9cnico y asesoramiento personalizado. Distribuidor oficial de marcas n\u00e1uticas y referente en el sector en la Comunidad Valenciana y Murcia.","email":"info@sportnautic.com","telephone":"+34 96 578 43 20","legalName":"Roga Nautica S.L.","foundingDate":"1989-01-01","numberOfEmployees":{"@type":"QuantitativeValue","minValue":"1","maxValue":"10"}}]}},"jetpack_sharing_enabled":true,"_links":{"self":[{"href":"https:\/\/sportnautic.com\/fr\/wp-json\/wp\/v2\/pages\/27415","targetHints":{"allow":["GET"]}}],"collection":[{"href":"https:\/\/sportnautic.com\/fr\/wp-json\/wp\/v2\/pages"}],"about":[{"href":"https:\/\/sportnautic.com\/fr\/wp-json\/wp\/v2\/types\/page"}],"author":[{"embeddable":true,"href":"https:\/\/sportnautic.com\/fr\/wp-json\/wp\/v2\/users\/1"}],"replies":[{"embeddable":true,"href":"https:\/\/sportnautic.com\/fr\/wp-json\/wp\/v2\/comments?post=27415"}],"version-history":[{"count":7,"href":"https:\/\/sportnautic.com\/fr\/wp-json\/wp\/v2\/pages\/27415\/revisions"}],"predecessor-version":[{"id":27440,"href":"https:\/\/sportnautic.com\/fr\/wp-json\/wp\/v2\/pages\/27415\/revisions\/27440"}],"wp:attachment":[{"href":"https:\/\/sportnautic.com\/fr\/wp-json\/wp\/v2\/media?parent=27415"}],"curies":[{"name":"wp","href":"https:\/\/api.w.org\/{rel}","templated":true}]}}