{"id":27063,"date":"2026-01-19T11:31:15","date_gmt":"2026-01-19T10:31:15","guid":{"rendered":"https:\/\/sportnautic.com\/?page_id=27063"},"modified":"2026-01-19T17:30:23","modified_gmt":"2026-01-19T16:30:23","slug":"first-se","status":"publish","type":"page","link":"https:\/\/sportnautic.com\/fr\/beneteau\/beneteau-vela\/first-se\/","title":{"rendered":"First SE"},"content":{"rendered":"\t\t<div data-elementor-type=\"wp-page\" data-elementor-id=\"27063\" class=\"elementor elementor-27063\" data-elementor-post-type=\"page\">\n\t\t\t\t<div class=\"elementor-element elementor-element-c161e84 e-flex e-con-boxed e-con e-parent\" data-id=\"c161e84\" data-element_type=\"container\" data-e-type=\"container\" data-settings=\"{&quot;background_background&quot;:&quot;slideshow&quot;,&quot;background_slideshow_gallery&quot;:[{&quot;id&quot;:27065,&quot;url&quot;:&quot;https:\\\/\\\/sportnautic.com\\\/wp-content\\\/uploads\\\/2026\\\/01\\\/hero-first-se.jpg.webp-2-scaled.webp&quot;}],&quot;background_slideshow_loop&quot;:&quot;yes&quot;,&quot;background_slideshow_slide_duration&quot;:5000,&quot;background_slideshow_slide_transition&quot;:&quot;fade&quot;,&quot;background_slideshow_transition_duration&quot;:500}\">\n\t\t\t\t\t<div class=\"e-con-inner\">\n\t\t\t\t\t<\/div>\n\t\t\t\t<\/div>\n\t\t<div class=\"elementor-element elementor-element-a98a3ee e-flex e-con-boxed e-con e-parent\" data-id=\"a98a3ee\" data-element_type=\"container\" data-e-type=\"container\">\n\t\t\t\t\t<div class=\"e-con-inner\">\n\t\t\t\t<div class=\"elementor-element elementor-element-58f3d40 elementor-widget-divider--view-line elementor-widget elementor-widget-divider\" data-id=\"58f3d40\" data-element_type=\"widget\" data-e-type=\"widget\" data-widget_type=\"divider.default\">\n\t\t\t\t\t\t\t<div class=\"elementor-divider\">\n\t\t\t<span class=\"elementor-divider-separator\">\n\t\t\t\t\t\t<\/span>\n\t\t<\/div>\n\t\t\t\t\t\t<\/div>\n\t\t\t\t<div class=\"elementor-element elementor-element-6ed20c5 elementor-widget elementor-widget-text-editor\" data-id=\"6ed20c5\" data-element_type=\"widget\" data-e-type=\"widget\" data-widget_type=\"text-editor.default\">\n\t\t\t\t\t\t\t\t\t<h1 class=\"o-title heading-1 fw-light text-dark-blue dark:text-white\">First <span style=\"color: #ff0000;\">SE<\/span><\/h1>\t\t\t\t\t\t\t\t<\/div>\n\t\t\t\t\t<\/div>\n\t\t\t\t<\/div>\n\t\t<div class=\"elementor-element elementor-element-637427a e-con-full e-flex e-con e-parent\" data-id=\"637427a\" data-element_type=\"container\" data-e-type=\"container\">\n\t\t\t\t<div class=\"elementor-element elementor-element-2fc907b elementor-widget elementor-widget-text-editor\" data-id=\"2fc907b\" data-element_type=\"widget\" data-e-type=\"widget\" data-widget_type=\"text-editor.default\">\n\t\t\t\t\t\t\t\t\t<p style=\"text-align: center;\">Ligeros, de planeo, altamente eficaces, los First SE encarnan la experiencia de BENETEAU al ofrecer a los apasionados de la vela sensaciones dignas de barcos de regata, garantizando navegar con absoluta seguridad.<\/p><p>\u00a0<\/p><p style=\"text-align: center;\">Simples para transportar, arbolar y botar, le siguen con facilidad en sus recorridos de regateros en todas las zonas de navegaci\u00f3n y pueden tambi\u00e9n acompa\u00f1ar sus deseos de descubrimiento en escapadas costeras.<\/p>\t\t\t\t\t\t\t\t<\/div>\n\t\t\t\t<\/div>\n\t\t<div class=\"elementor-element elementor-element-4cd9a59 e-con-full e-flex e-con e-parent\" data-id=\"4cd9a59\" data-element_type=\"container\" data-e-type=\"container\">\n\t\t\t\t<div class=\"elementor-element elementor-element-6e737d2 elementor-widget elementor-widget-heading\" data-id=\"6e737d2\" data-element_type=\"widget\" data-e-type=\"widget\" data-widget_type=\"heading.default\">\n\t\t\t\t\t<h2 class=\"elementor-heading-title elementor-size-default\">Los barcos de la gama<\/h2>\t\t\t\t<\/div>\n\t\t\t\t<\/div>\n\t\t<div class=\"elementor-element elementor-element-799e28f e-flex e-con-boxed e-con e-parent\" data-id=\"799e28f\" data-element_type=\"container\" data-e-type=\"container\">\n\t\t\t\t\t<div class=\"e-con-inner\">\n\t\t<div class=\"elementor-element elementor-element-e9871dd e-con-full e-flex e-con e-child\" data-id=\"e9871dd\" data-element_type=\"container\" data-e-type=\"container\">\n\t\t\t\t<div class=\"elementor-element elementor-element-029704c elementor-widget elementor-widget-image\" data-id=\"029704c\" data-element_type=\"widget\" data-e-type=\"widget\" data-widget_type=\"image.default\">\n\t\t\t\t\t\t\t\t\t\t\t\t\t\t\t\t<a href=\"https:\/\/sportnautic.com\/beneteau\/beneteau-vela\/first-se\/first-36se\/\">\n\t\t\t\t\t\t\t<img fetchpriority=\"high\" decoding=\"async\" width=\"600\" height=\"472\" src=\"https:\/\/sportnautic.com\/wp-content\/uploads\/2026\/01\/First-SE-First-36SE-1024x805.webp\" class=\"attachment-large size-large wp-image-27066\" alt=\"\" srcset=\"https:\/\/sportnautic.com\/wp-content\/uploads\/2026\/01\/First-SE-First-36SE-1024x805.webp 1024w, https:\/\/sportnautic.com\/wp-content\/uploads\/2026\/01\/First-SE-First-36SE-600x472.webp 600w, https:\/\/sportnautic.com\/wp-content\/uploads\/2026\/01\/First-SE-First-36SE-300x236.webp 300w, https:\/\/sportnautic.com\/wp-content\/uploads\/2026\/01\/First-SE-First-36SE-768x604.webp 768w, https:\/\/sportnautic.com\/wp-content\/uploads\/2026\/01\/First-SE-First-36SE-15x12.webp 15w, https:\/\/sportnautic.com\/wp-content\/uploads\/2026\/01\/First-SE-First-36SE-165x130.webp 165w, https:\/\/sportnautic.com\/wp-content\/uploads\/2026\/01\/First-SE-First-36SE.webp 1040w\" sizes=\"(max-width: 600px) 100vw, 600px\" \/>\t\t\t\t\t\t\t\t<\/a>\n\t\t\t\t\t\t\t\t\t\t\t\t\t\t\t<\/div>\n\t\t\t\t<div class=\"elementor-element elementor-element-43d13c0 elementor-widget elementor-widget-heading\" data-id=\"43d13c0\" data-element_type=\"widget\" data-e-type=\"widget\" data-widget_type=\"heading.default\">\n\t\t\t\t\t<h2 class=\"elementor-heading-title elementor-size-default\">First 36SE<\/h2>\t\t\t\t<\/div>\n\t\t\t\t<\/div>\n\t\t<div class=\"elementor-element elementor-element-05b025d e-con-full e-flex e-con e-child\" data-id=\"05b025d\" data-element_type=\"container\" data-e-type=\"container\">\n\t\t\t\t<div class=\"elementor-element elementor-element-c31e632 elementor-widget elementor-widget-image\" data-id=\"c31e632\" data-element_type=\"widget\" data-e-type=\"widget\" data-widget_type=\"image.default\">\n\t\t\t\t\t\t\t\t\t\t\t\t\t\t\t\t<a href=\"https:\/\/sportnautic.com\/beneteau\/beneteau-vela\/first-se\/first-27se\/\">\n\t\t\t\t\t\t\t<img decoding=\"async\" width=\"600\" height=\"472\" src=\"https:\/\/sportnautic.com\/wp-content\/uploads\/2026\/01\/First-SE-First-27SE-1024x805.webp\" class=\"attachment-large size-large wp-image-27067\" alt=\"\" srcset=\"https:\/\/sportnautic.com\/wp-content\/uploads\/2026\/01\/First-SE-First-27SE-1024x805.webp 1024w, https:\/\/sportnautic.com\/wp-content\/uploads\/2026\/01\/First-SE-First-27SE-600x472.webp 600w, https:\/\/sportnautic.com\/wp-content\/uploads\/2026\/01\/First-SE-First-27SE-300x236.webp 300w, https:\/\/sportnautic.com\/wp-content\/uploads\/2026\/01\/First-SE-First-27SE-768x604.webp 768w, https:\/\/sportnautic.com\/wp-content\/uploads\/2026\/01\/First-SE-First-27SE-15x12.webp 15w, https:\/\/sportnautic.com\/wp-content\/uploads\/2026\/01\/First-SE-First-27SE-165x130.webp 165w, https:\/\/sportnautic.com\/wp-content\/uploads\/2026\/01\/First-SE-First-27SE.webp 1040w\" sizes=\"(max-width: 600px) 100vw, 600px\" \/>\t\t\t\t\t\t\t\t<\/a>\n\t\t\t\t\t\t\t\t\t\t\t\t\t\t\t<\/div>\n\t\t\t\t<div class=\"elementor-element elementor-element-f0ec7c5 elementor-widget elementor-widget-heading\" data-id=\"f0ec7c5\" data-element_type=\"widget\" data-e-type=\"widget\" data-widget_type=\"heading.default\">\n\t\t\t\t\t<h2 class=\"elementor-heading-title elementor-size-default\">First 27SE<\/h2>\t\t\t\t<\/div>\n\t\t\t\t<\/div>\n\t\t<div class=\"elementor-element elementor-element-7dde1fc e-con-full e-flex e-con e-child\" data-id=\"7dde1fc\" data-element_type=\"container\" data-e-type=\"container\">\n\t\t\t\t<div class=\"elementor-element elementor-element-649ea7d elementor-widget elementor-widget-image\" data-id=\"649ea7d\" data-element_type=\"widget\" data-e-type=\"widget\" data-widget_type=\"image.default\">\n\t\t\t\t\t\t\t\t\t\t\t\t\t\t\t\t<a href=\"https:\/\/sportnautic.com\/beneteau\/beneteau-vela\/first-se\/first-24se\/\">\n\t\t\t\t\t\t\t<img decoding=\"async\" width=\"600\" height=\"472\" src=\"https:\/\/sportnautic.com\/wp-content\/uploads\/2026\/01\/First-SE-First-24SE-1024x805.webp\" class=\"attachment-large size-large wp-image-27068\" alt=\"\" srcset=\"https:\/\/sportnautic.com\/wp-content\/uploads\/2026\/01\/First-SE-First-24SE-1024x805.webp 1024w, https:\/\/sportnautic.com\/wp-content\/uploads\/2026\/01\/First-SE-First-24SE-600x472.webp 600w, https:\/\/sportnautic.com\/wp-content\/uploads\/2026\/01\/First-SE-First-24SE-300x236.webp 300w, https:\/\/sportnautic.com\/wp-content\/uploads\/2026\/01\/First-SE-First-24SE-768x604.webp 768w, https:\/\/sportnautic.com\/wp-content\/uploads\/2026\/01\/First-SE-First-24SE-15x12.webp 15w, https:\/\/sportnautic.com\/wp-content\/uploads\/2026\/01\/First-SE-First-24SE-165x130.webp 165w, https:\/\/sportnautic.com\/wp-content\/uploads\/2026\/01\/First-SE-First-24SE.webp 1040w\" sizes=\"(max-width: 600px) 100vw, 600px\" \/>\t\t\t\t\t\t\t\t<\/a>\n\t\t\t\t\t\t\t\t\t\t\t\t\t\t\t<\/div>\n\t\t\t\t<div class=\"elementor-element elementor-element-ca2e658 elementor-widget elementor-widget-heading\" data-id=\"ca2e658\" data-element_type=\"widget\" data-e-type=\"widget\" data-widget_type=\"heading.default\">\n\t\t\t\t\t<h2 class=\"elementor-heading-title elementor-size-default\">First 24SE<\/h2>\t\t\t\t<\/div>\n\t\t\t\t<\/div>\n\t\t<div class=\"elementor-element elementor-element-363f089 e-con-full e-flex e-con e-child\" data-id=\"363f089\" data-element_type=\"container\" data-e-type=\"container\">\n\t\t\t\t<div class=\"elementor-element elementor-element-5487e2e elementor-widget elementor-widget-image\" data-id=\"5487e2e\" data-element_type=\"widget\" data-e-type=\"widget\" data-widget_type=\"image.default\">\n\t\t\t\t\t\t\t\t\t\t\t\t\t\t\t\t<a href=\"https:\/\/sportnautic.com\/beneteau\/beneteau-vela\/first-se\/first-18se\/\">\n\t\t\t\t\t\t\t<img loading=\"lazy\" decoding=\"async\" width=\"600\" height=\"472\" src=\"https:\/\/sportnautic.com\/wp-content\/uploads\/2026\/01\/First-SE-First-18SE-1024x805.webp\" class=\"attachment-large size-large wp-image-27070\" alt=\"\" srcset=\"https:\/\/sportnautic.com\/wp-content\/uploads\/2026\/01\/First-SE-First-18SE-1024x805.webp 1024w, https:\/\/sportnautic.com\/wp-content\/uploads\/2026\/01\/First-SE-First-18SE-600x472.webp 600w, https:\/\/sportnautic.com\/wp-content\/uploads\/2026\/01\/First-SE-First-18SE-300x236.webp 300w, https:\/\/sportnautic.com\/wp-content\/uploads\/2026\/01\/First-SE-First-18SE-768x604.webp 768w, https:\/\/sportnautic.com\/wp-content\/uploads\/2026\/01\/First-SE-First-18SE-15x12.webp 15w, https:\/\/sportnautic.com\/wp-content\/uploads\/2026\/01\/First-SE-First-18SE-165x130.webp 165w, https:\/\/sportnautic.com\/wp-content\/uploads\/2026\/01\/First-SE-First-18SE.webp 1040w\" sizes=\"(max-width: 600px) 100vw, 600px\" \/>\t\t\t\t\t\t\t\t<\/a>\n\t\t\t\t\t\t\t\t\t\t\t\t\t\t\t<\/div>\n\t\t\t\t<div class=\"elementor-element elementor-element-e7cc4b0 elementor-widget elementor-widget-heading\" data-id=\"e7cc4b0\" data-element_type=\"widget\" data-e-type=\"widget\" data-widget_type=\"heading.default\">\n\t\t\t\t\t<h2 class=\"elementor-heading-title elementor-size-default\">First 18SE<\/h2>\t\t\t\t<\/div>\n\t\t\t\t<\/div>\n\t\t<div class=\"elementor-element elementor-element-2f12a4d e-con-full e-flex e-con e-child\" data-id=\"2f12a4d\" data-element_type=\"container\" data-e-type=\"container\">\n\t\t\t\t<div class=\"elementor-element elementor-element-190d67c elementor-widget elementor-widget-image\" data-id=\"190d67c\" data-element_type=\"widget\" data-e-type=\"widget\" data-widget_type=\"image.default\">\n\t\t\t\t\t\t\t\t\t\t\t\t\t\t\t\t<a href=\"https:\/\/sportnautic.com\/beneteau\/beneteau-vela\/first-se\/first-14se\/\">\n\t\t\t\t\t\t\t<img loading=\"lazy\" decoding=\"async\" width=\"600\" height=\"472\" src=\"https:\/\/sportnautic.com\/wp-content\/uploads\/2026\/01\/First-SE-First-14SE-1024x805.webp\" class=\"attachment-large size-large wp-image-27069\" alt=\"\" srcset=\"https:\/\/sportnautic.com\/wp-content\/uploads\/2026\/01\/First-SE-First-14SE-1024x805.webp 1024w, https:\/\/sportnautic.com\/wp-content\/uploads\/2026\/01\/First-SE-First-14SE-600x472.webp 600w, https:\/\/sportnautic.com\/wp-content\/uploads\/2026\/01\/First-SE-First-14SE-300x236.webp 300w, https:\/\/sportnautic.com\/wp-content\/uploads\/2026\/01\/First-SE-First-14SE-768x604.webp 768w, https:\/\/sportnautic.com\/wp-content\/uploads\/2026\/01\/First-SE-First-14SE-15x12.webp 15w, https:\/\/sportnautic.com\/wp-content\/uploads\/2026\/01\/First-SE-First-14SE-165x130.webp 165w, https:\/\/sportnautic.com\/wp-content\/uploads\/2026\/01\/First-SE-First-14SE.webp 1040w\" sizes=\"(max-width: 600px) 100vw, 600px\" \/>\t\t\t\t\t\t\t\t<\/a>\n\t\t\t\t\t\t\t\t\t\t\t\t\t\t\t<\/div>\n\t\t\t\t<div class=\"elementor-element elementor-element-43cb530 elementor-widget elementor-widget-heading\" data-id=\"43cb530\" data-element_type=\"widget\" data-e-type=\"widget\" data-widget_type=\"heading.default\">\n\t\t\t\t\t<h2 class=\"elementor-heading-title elementor-size-default\">First 14SE<\/h2>\t\t\t\t<\/div>\n\t\t\t\t<\/div>\n\t\t\t\t\t<\/div>\n\t\t\t\t<\/div>\n\t\t\t\t<\/div>\n\t\t","protected":false},"excerpt":{"rendered":"<p>First SE Ligeros, de planeo, altamente eficaces, los First SE encarnan la experiencia de BENETEAU al ofrecer a los apasionados de la vela sensaciones dignas de barcos de regata, garantizando navegar con absoluta seguridad. \u00a0 Simples para transportar, arbolar y botar, le siguen con facilidad en sus recorridos de regateros en todas las zonas de [&hellip;]<\/p>\n","protected":false},"author":1,"featured_media":27067,"parent":24587,"menu_order":0,"comment_status":"closed","ping_status":"closed","template":"","meta":{"footnotes":""},"class_list":["post-27063","page","type-page","status-publish","has-post-thumbnail","hentry"],"yoast_head":"<!-- This site is optimized with the Yoast SEO Premium plugin v27.3 (Yoast SEO v27.3) - https:\/\/yoast.com\/product\/yoast-seo-premium-wordpress\/ -->\n<title>Gama First SE: Embarcaciones Ligeras y Eficaces<\/title>\n<meta name=\"description\" content=\"Descubre la gama First SE de BENETEAU: barcos ligeros y eficaces que ofrecen sensaciones de regata con total seguridad.\" \/>\n<meta name=\"robots\" content=\"index, follow, max-snippet:-1, max-image-preview:large, max-video-preview:-1\" \/>\n<link rel=\"canonical\" href=\"https:\/\/sportnautic.com\/fr\/bateau\/beneteau-vela\/first-se\/\" \/>\n<meta property=\"og:locale\" content=\"fr_FR\" \/>\n<meta property=\"og:type\" content=\"article\" \/>\n<meta property=\"og:title\" content=\"Barcos en venta y alquiler | SPORT NAUTIC\" \/>\n<meta property=\"og:description\" content=\"Distribuidor oficial y expertos en el mar. Barcos nuevos y de ocasi\u00f3n listos para navegar.\" \/>\n<meta property=\"og:url\" content=\"https:\/\/sportnautic.com\/fr\/bateau\/beneteau-vela\/first-se\/\" \/>\n<meta property=\"og:site_name\" content=\"SPORT NAUTIC\" \/>\n<meta property=\"article:publisher\" content=\"https:\/\/facebook.com\/sportnautic\" \/>\n<meta property=\"article:modified_time\" content=\"2026-01-19T16:30:23+00:00\" \/>\n<meta property=\"og:image\" content=\"https:\/\/sportnautic.com\/wp-content\/uploads\/2026\/01\/First-SE-First-27SE.webp\" \/>\n\t<meta property=\"og:image:width\" content=\"1040\" \/>\n\t<meta property=\"og:image:height\" content=\"818\" \/>\n\t<meta property=\"og:image:type\" content=\"image\/webp\" \/>\n<meta name=\"twitter:card\" content=\"summary_large_image\" \/>\n<meta name=\"twitter:label1\" content=\"Dur\u00e9e de lecture estim\u00e9e\" \/>\n\t<meta name=\"twitter:data1\" content=\"2 minutes\" \/>\n<script type=\"application\/ld+json\" class=\"yoast-schema-graph\">{\"@context\":\"https:\\\/\\\/schema.org\",\"@graph\":[{\"@type\":\"WebPage\",\"@id\":\"https:\\\/\\\/sportnautic.com\\\/beneteau\\\/beneteau-vela\\\/first-se\\\/\",\"url\":\"https:\\\/\\\/sportnautic.com\\\/beneteau\\\/beneteau-vela\\\/first-se\\\/\",\"name\":\"Gama First SE: Embarcaciones Ligeras y Eficaces\",\"isPartOf\":{\"@id\":\"https:\\\/\\\/sportnautic.com\\\/#website\"},\"primaryImageOfPage\":{\"@id\":\"https:\\\/\\\/sportnautic.com\\\/beneteau\\\/beneteau-vela\\\/first-se\\\/#primaryimage\"},\"image\":{\"@id\":\"https:\\\/\\\/sportnautic.com\\\/beneteau\\\/beneteau-vela\\\/first-se\\\/#primaryimage\"},\"thumbnailUrl\":\"https:\\\/\\\/sportnautic.com\\\/wp-content\\\/uploads\\\/2026\\\/01\\\/First-SE-First-27SE.webp\",\"datePublished\":\"2026-01-19T10:31:15+00:00\",\"dateModified\":\"2026-01-19T16:30:23+00:00\",\"description\":\"Descubre la gama First SE de BENETEAU: barcos ligeros y eficaces que ofrecen sensaciones de regata con total seguridad.\",\"breadcrumb\":{\"@id\":\"https:\\\/\\\/sportnautic.com\\\/beneteau\\\/beneteau-vela\\\/first-se\\\/#breadcrumb\"},\"inLanguage\":\"fr-FR\",\"potentialAction\":[{\"@type\":\"ReadAction\",\"target\":[\"https:\\\/\\\/sportnautic.com\\\/beneteau\\\/beneteau-vela\\\/first-se\\\/\"]}]},{\"@type\":\"ImageObject\",\"inLanguage\":\"fr-FR\",\"@id\":\"https:\\\/\\\/sportnautic.com\\\/beneteau\\\/beneteau-vela\\\/first-se\\\/#primaryimage\",\"url\":\"https:\\\/\\\/sportnautic.com\\\/wp-content\\\/uploads\\\/2026\\\/01\\\/First-SE-First-27SE.webp\",\"contentUrl\":\"https:\\\/\\\/sportnautic.com\\\/wp-content\\\/uploads\\\/2026\\\/01\\\/First-SE-First-27SE.webp\",\"width\":1040,\"height\":818},{\"@type\":\"BreadcrumbList\",\"@id\":\"https:\\\/\\\/sportnautic.com\\\/beneteau\\\/beneteau-vela\\\/first-se\\\/#breadcrumb\",\"itemListElement\":[{\"@type\":\"ListItem\",\"position\":1,\"name\":\"Portada\",\"item\":\"https:\\\/\\\/sportnautic.com\\\/\"},{\"@type\":\"ListItem\",\"position\":2,\"name\":\"Beneteau\",\"item\":\"https:\\\/\\\/sportnautic.com\\\/beneteau\\\/\"},{\"@type\":\"ListItem\",\"position\":3,\"name\":\"Beneteau vela\",\"item\":\"https:\\\/\\\/sportnautic.com\\\/beneteau\\\/beneteau-vela\\\/\"},{\"@type\":\"ListItem\",\"position\":4,\"name\":\"First SE\"}]},{\"@type\":\"WebSite\",\"@id\":\"https:\\\/\\\/sportnautic.com\\\/#website\",\"url\":\"https:\\\/\\\/sportnautic.com\\\/\",\"name\":\"SPORT NAUTIC\",\"description\":\"\",\"publisher\":{\"@id\":\"https:\\\/\\\/sportnautic.com\\\/#organization\"},\"potentialAction\":[{\"@type\":\"SearchAction\",\"target\":{\"@type\":\"EntryPoint\",\"urlTemplate\":\"https:\\\/\\\/sportnautic.com\\\/?s={search_term_string}\"},\"query-input\":{\"@type\":\"PropertyValueSpecification\",\"valueRequired\":true,\"valueName\":\"search_term_string\"}}],\"inLanguage\":\"fr-FR\"},{\"@type\":\"Organization\",\"@id\":\"https:\\\/\\\/sportnautic.com\\\/#organization\",\"name\":\"SPORT NAUTIC\",\"url\":\"https:\\\/\\\/sportnautic.com\\\/\",\"logo\":{\"@type\":\"ImageObject\",\"inLanguage\":\"fr-FR\",\"@id\":\"https:\\\/\\\/sportnautic.com\\\/#\\\/schema\\\/logo\\\/image\\\/\",\"url\":\"https:\\\/\\\/sportnautic.com\\\/wp-content\\\/uploads\\\/2025\\\/11\\\/cropped-LOGO-REDONDO-SPORTNAUTIC-FLOTA-2-2.png\",\"contentUrl\":\"https:\\\/\\\/sportnautic.com\\\/wp-content\\\/uploads\\\/2025\\\/11\\\/cropped-LOGO-REDONDO-SPORTNAUTIC-FLOTA-2-2.png\",\"width\":512,\"height\":512,\"caption\":\"SPORT NAUTIC\"},\"image\":{\"@id\":\"https:\\\/\\\/sportnautic.com\\\/#\\\/schema\\\/logo\\\/image\\\/\"},\"sameAs\":[\"https:\\\/\\\/facebook.com\\\/sportnautic\",\"https:\\\/\\\/instagram.com\\\/sportnautic\"],\"description\":\"SPORT NAUTIC es una empresa especializada en la venta y alquiler de embarcaciones en la Comunidad Valenciana y Murcia. Ofrece barcos nuevos y de ocasi\u00f3n, servicio t\u00e9cnico y asesoramiento personalizado. Distribuidor oficial de marcas n\u00e1uticas y referente en el sector en la Comunidad Valenciana y Murcia.\",\"email\":\"info@sportnautic.com\",\"telephone\":\"+34 96 578 43 20\",\"legalName\":\"Roga Nautica S.L.\",\"foundingDate\":\"1989-01-01\",\"numberOfEmployees\":{\"@type\":\"QuantitativeValue\",\"minValue\":\"1\",\"maxValue\":\"10\"}}]}<\/script>\n<!-- \/ Yoast SEO Premium plugin. -->","yoast_head_json":{"title":"Gama First SE: Embarcaciones Ligeras y Eficaces","description":"Descubre la gama First SE de BENETEAU: barcos ligeros y eficaces que ofrecen sensaciones de regata con total seguridad.","robots":{"index":"index","follow":"follow","max-snippet":"max-snippet:-1","max-image-preview":"max-image-preview:large","max-video-preview":"max-video-preview:-1"},"canonical":"https:\/\/sportnautic.com\/fr\/bateau\/beneteau-vela\/first-se\/","og_locale":"fr_FR","og_type":"article","og_title":"Barcos en venta y alquiler | SPORT NAUTIC","og_description":"Distribuidor oficial y expertos en el mar. Barcos nuevos y de ocasi\u00f3n listos para navegar.","og_url":"https:\/\/sportnautic.com\/fr\/bateau\/beneteau-vela\/first-se\/","og_site_name":"SPORT NAUTIC","article_publisher":"https:\/\/facebook.com\/sportnautic","article_modified_time":"2026-01-19T16:30:23+00:00","og_image":[{"width":1040,"height":818,"url":"https:\/\/sportnautic.com\/wp-content\/uploads\/2026\/01\/First-SE-First-27SE.webp","type":"image\/webp"}],"twitter_card":"summary_large_image","twitter_misc":{"Dur\u00e9e de lecture estim\u00e9e":"2 minutes"},"schema":{"@context":"https:\/\/schema.org","@graph":[{"@type":"WebPage","@id":"https:\/\/sportnautic.com\/beneteau\/beneteau-vela\/first-se\/","url":"https:\/\/sportnautic.com\/beneteau\/beneteau-vela\/first-se\/","name":"Gama First SE: Embarcaciones Ligeras y Eficaces","isPartOf":{"@id":"https:\/\/sportnautic.com\/#website"},"primaryImageOfPage":{"@id":"https:\/\/sportnautic.com\/beneteau\/beneteau-vela\/first-se\/#primaryimage"},"image":{"@id":"https:\/\/sportnautic.com\/beneteau\/beneteau-vela\/first-se\/#primaryimage"},"thumbnailUrl":"https:\/\/sportnautic.com\/wp-content\/uploads\/2026\/01\/First-SE-First-27SE.webp","datePublished":"2026-01-19T10:31:15+00:00","dateModified":"2026-01-19T16:30:23+00:00","description":"Descubre la gama First SE de BENETEAU: barcos ligeros y eficaces que ofrecen sensaciones de regata con total seguridad.","breadcrumb":{"@id":"https:\/\/sportnautic.com\/beneteau\/beneteau-vela\/first-se\/#breadcrumb"},"inLanguage":"fr-FR","potentialAction":[{"@type":"ReadAction","target":["https:\/\/sportnautic.com\/beneteau\/beneteau-vela\/first-se\/"]}]},{"@type":"ImageObject","inLanguage":"fr-FR","@id":"https:\/\/sportnautic.com\/beneteau\/beneteau-vela\/first-se\/#primaryimage","url":"https:\/\/sportnautic.com\/wp-content\/uploads\/2026\/01\/First-SE-First-27SE.webp","contentUrl":"https:\/\/sportnautic.com\/wp-content\/uploads\/2026\/01\/First-SE-First-27SE.webp","width":1040,"height":818},{"@type":"BreadcrumbList","@id":"https:\/\/sportnautic.com\/beneteau\/beneteau-vela\/first-se\/#breadcrumb","itemListElement":[{"@type":"ListItem","position":1,"name":"Portada","item":"https:\/\/sportnautic.com\/"},{"@type":"ListItem","position":2,"name":"Beneteau","item":"https:\/\/sportnautic.com\/beneteau\/"},{"@type":"ListItem","position":3,"name":"Beneteau vela","item":"https:\/\/sportnautic.com\/beneteau\/beneteau-vela\/"},{"@type":"ListItem","position":4,"name":"First SE"}]},{"@type":"WebSite","@id":"https:\/\/sportnautic.com\/#website","url":"https:\/\/sportnautic.com\/","name":"SPORT NAUTIC","description":"","publisher":{"@id":"https:\/\/sportnautic.com\/#organization"},"potentialAction":[{"@type":"SearchAction","target":{"@type":"EntryPoint","urlTemplate":"https:\/\/sportnautic.com\/?s={search_term_string}"},"query-input":{"@type":"PropertyValueSpecification","valueRequired":true,"valueName":"search_term_string"}}],"inLanguage":"fr-FR"},{"@type":"Organization","@id":"https:\/\/sportnautic.com\/#organization","name":"SPORT NAUTIC","url":"https:\/\/sportnautic.com\/","logo":{"@type":"ImageObject","inLanguage":"fr-FR","@id":"https:\/\/sportnautic.com\/#\/schema\/logo\/image\/","url":"https:\/\/sportnautic.com\/wp-content\/uploads\/2025\/11\/cropped-LOGO-REDONDO-SPORTNAUTIC-FLOTA-2-2.png","contentUrl":"https:\/\/sportnautic.com\/wp-content\/uploads\/2025\/11\/cropped-LOGO-REDONDO-SPORTNAUTIC-FLOTA-2-2.png","width":512,"height":512,"caption":"SPORT NAUTIC"},"image":{"@id":"https:\/\/sportnautic.com\/#\/schema\/logo\/image\/"},"sameAs":["https:\/\/facebook.com\/sportnautic","https:\/\/instagram.com\/sportnautic"],"description":"SPORT NAUTIC es una empresa especializada en la venta y alquiler de embarcaciones en la Comunidad Valenciana y Murcia. Ofrece barcos nuevos y de ocasi\u00f3n, servicio t\u00e9cnico y asesoramiento personalizado. Distribuidor oficial de marcas n\u00e1uticas y referente en el sector en la Comunidad Valenciana y Murcia.","email":"info@sportnautic.com","telephone":"+34 96 578 43 20","legalName":"Roga Nautica S.L.","foundingDate":"1989-01-01","numberOfEmployees":{"@type":"QuantitativeValue","minValue":"1","maxValue":"10"}}]}},"jetpack_sharing_enabled":true,"_links":{"self":[{"href":"https:\/\/sportnautic.com\/fr\/wp-json\/wp\/v2\/pages\/27063","targetHints":{"allow":["GET"]}}],"collection":[{"href":"https:\/\/sportnautic.com\/fr\/wp-json\/wp\/v2\/pages"}],"about":[{"href":"https:\/\/sportnautic.com\/fr\/wp-json\/wp\/v2\/types\/page"}],"author":[{"embeddable":true,"href":"https:\/\/sportnautic.com\/fr\/wp-json\/wp\/v2\/users\/1"}],"replies":[{"embeddable":true,"href":"https:\/\/sportnautic.com\/fr\/wp-json\/wp\/v2\/comments?post=27063"}],"version-history":[{"count":22,"href":"https:\/\/sportnautic.com\/fr\/wp-json\/wp\/v2\/pages\/27063\/revisions"}],"predecessor-version":[{"id":27334,"href":"https:\/\/sportnautic.com\/fr\/wp-json\/wp\/v2\/pages\/27063\/revisions\/27334"}],"up":[{"embeddable":true,"href":"https:\/\/sportnautic.com\/fr\/wp-json\/wp\/v2\/pages\/24587"}],"wp:featuredmedia":[{"embeddable":true,"href":"https:\/\/sportnautic.com\/fr\/wp-json\/wp\/v2\/media\/27067"}],"wp:attachment":[{"href":"https:\/\/sportnautic.com\/fr\/wp-json\/wp\/v2\/media?parent=27063"}],"curies":[{"name":"wp","href":"https:\/\/api.w.org\/{rel}","templated":true}]}}