{"id":26623,"date":"2026-01-15T18:05:47","date_gmt":"2026-01-15T17:05:47","guid":{"rendered":"https:\/\/sportnautic.com\/?page_id=26623"},"modified":"2026-01-15T18:28:01","modified_gmt":"2026-01-15T17:28:01","slug":"oceanis-yacht","status":"publish","type":"page","link":"https:\/\/sportnautic.com\/fr\/beneteau\/beneteau-vela\/oceanis-yacht\/","title":{"rendered":"Oceanis Yacht"},"content":{"rendered":"\t\t<div data-elementor-type=\"wp-page\" data-elementor-id=\"26623\" class=\"elementor elementor-26623\" data-elementor-post-type=\"page\">\n\t\t\t\t<div class=\"elementor-element elementor-element-c161e84 e-flex e-con-boxed e-con e-parent\" data-id=\"c161e84\" data-element_type=\"container\" data-e-type=\"container\" data-settings=\"{&quot;background_background&quot;:&quot;slideshow&quot;,&quot;background_slideshow_gallery&quot;:[{&quot;id&quot;:26625,&quot;url&quot;:&quot;https:\\\/\\\/sportnautic.com\\\/wp-content\\\/uploads\\\/2026\\\/01\\\/hero-oceanisyacht.jpg.webp-2-scaled.webp&quot;}],&quot;background_slideshow_loop&quot;:&quot;yes&quot;,&quot;background_slideshow_slide_duration&quot;:5000,&quot;background_slideshow_slide_transition&quot;:&quot;fade&quot;,&quot;background_slideshow_transition_duration&quot;:500}\">\n\t\t\t\t\t<div class=\"e-con-inner\">\n\t\t\t\t\t<\/div>\n\t\t\t\t<\/div>\n\t\t<div class=\"elementor-element elementor-element-a98a3ee e-flex e-con-boxed e-con e-parent\" data-id=\"a98a3ee\" data-element_type=\"container\" data-e-type=\"container\">\n\t\t\t\t\t<div class=\"e-con-inner\">\n\t\t\t\t<div class=\"elementor-element elementor-element-58f3d40 elementor-widget-divider--view-line elementor-widget elementor-widget-divider\" data-id=\"58f3d40\" data-element_type=\"widget\" data-e-type=\"widget\" data-widget_type=\"divider.default\">\n\t\t\t\t\t\t\t<div class=\"elementor-divider\">\n\t\t\t<span class=\"elementor-divider-separator\">\n\t\t\t\t\t\t<\/span>\n\t\t<\/div>\n\t\t\t\t\t\t<\/div>\n\t\t\t\t<div class=\"elementor-element elementor-element-6ed20c5 elementor-widget elementor-widget-text-editor\" data-id=\"6ed20c5\" data-element_type=\"widget\" data-e-type=\"widget\" data-widget_type=\"text-editor.default\">\n\t\t\t\t\t\t\t\t\t<h1 class=\"o-title heading-1 fw-light text-dark-blue dark:text-white\">Oceanis Yacht<\/h1>\t\t\t\t\t\t\t\t<\/div>\n\t\t\t\t\t<\/div>\n\t\t\t\t<\/div>\n\t\t<div class=\"elementor-element elementor-element-637427a e-con-full e-flex e-con e-parent\" data-id=\"637427a\" data-element_type=\"container\" data-e-type=\"container\">\n\t\t\t\t<div class=\"elementor-element elementor-element-2fc907b elementor-widget elementor-widget-text-editor\" data-id=\"2fc907b\" data-element_type=\"widget\" data-e-type=\"widget\" data-widget_type=\"text-editor.default\">\n\t\t\t\t\t\t\t\t\t<p><span lang=\"ES\">Las l\u00edneas esbeltas de los \u00a0Oceanis Yacht atraen la mirada. El esmero aportado a cada detalle y su car\u00e1cter excepcional, inspiran sue\u00f1os de grandes viajes en el mar.<\/span><\/p><p><span lang=\"ES\">Potentes y de altura, estos veleros de gran crucero est\u00e1n concebidos para ser f\u00e1cilmente manejables con tripulaci\u00f3n reducida y abrir el horizonte a largas navegaciones. En el interior as\u00ed como en la cubierta, la calidad y el confort de las configuraciones inscriben cada momento pasado en el mar en un universo de refinamiento.<\/span><\/p>\t\t\t\t\t\t\t\t<\/div>\n\t\t\t\t<\/div>\n\t\t<div class=\"elementor-element elementor-element-4cd9a59 e-con-full e-flex e-con e-parent\" data-id=\"4cd9a59\" data-element_type=\"container\" data-e-type=\"container\">\n\t\t\t\t<div class=\"elementor-element elementor-element-6e737d2 elementor-widget elementor-widget-heading\" data-id=\"6e737d2\" data-element_type=\"widget\" data-e-type=\"widget\" data-widget_type=\"heading.default\">\n\t\t\t\t\t<h2 class=\"elementor-heading-title elementor-size-default\">Los barcos de la gama<\/h2>\t\t\t\t<\/div>\n\t\t\t\t<\/div>\n\t\t<div class=\"elementor-element elementor-element-799e28f e-flex e-con-boxed e-con e-parent\" data-id=\"799e28f\" data-element_type=\"container\" data-e-type=\"container\">\n\t\t\t\t\t<div class=\"e-con-inner\">\n\t\t<div class=\"elementor-element elementor-element-e9871dd e-con-full e-flex e-con e-child\" data-id=\"e9871dd\" data-element_type=\"container\" data-e-type=\"container\">\n\t\t\t\t<div class=\"elementor-element elementor-element-029704c elementor-widget elementor-widget-image\" data-id=\"029704c\" data-element_type=\"widget\" data-e-type=\"widget\" data-widget_type=\"image.default\">\n\t\t\t\t\t\t\t\t\t\t\t\t\t\t\t\t<a href=\"https:\/\/sportnautic.com\/beneteau\/beneteau-vela\/oceanis-yacht\/oceanis-yacht-60\/\">\n\t\t\t\t\t\t\t<img fetchpriority=\"high\" decoding=\"async\" width=\"600\" height=\"472\" src=\"https:\/\/sportnautic.com\/wp-content\/uploads\/2026\/01\/vignette-oceanisyacht60.jpg.webp-1024x805.webp\" class=\"attachment-large size-large wp-image-26626\" alt=\"\" srcset=\"https:\/\/sportnautic.com\/wp-content\/uploads\/2026\/01\/vignette-oceanisyacht60.jpg.webp-1024x805.webp 1024w, https:\/\/sportnautic.com\/wp-content\/uploads\/2026\/01\/vignette-oceanisyacht60.jpg.webp-600x472.webp 600w, https:\/\/sportnautic.com\/wp-content\/uploads\/2026\/01\/vignette-oceanisyacht60.jpg.webp-300x236.webp 300w, https:\/\/sportnautic.com\/wp-content\/uploads\/2026\/01\/vignette-oceanisyacht60.jpg.webp-768x604.webp 768w, https:\/\/sportnautic.com\/wp-content\/uploads\/2026\/01\/vignette-oceanisyacht60.jpg.webp-15x12.webp 15w, https:\/\/sportnautic.com\/wp-content\/uploads\/2026\/01\/vignette-oceanisyacht60.jpg.webp-165x130.webp 165w, https:\/\/sportnautic.com\/wp-content\/uploads\/2026\/01\/vignette-oceanisyacht60.jpg.webp.webp 1040w\" sizes=\"(max-width: 600px) 100vw, 600px\" \/>\t\t\t\t\t\t\t\t<\/a>\n\t\t\t\t\t\t\t\t\t\t\t\t\t\t\t<\/div>\n\t\t\t\t<div class=\"elementor-element elementor-element-43d13c0 elementor-widget elementor-widget-heading\" data-id=\"43d13c0\" data-element_type=\"widget\" data-e-type=\"widget\" data-widget_type=\"heading.default\">\n\t\t\t\t\t<h2 class=\"elementor-heading-title elementor-size-default\">Oceanis Yacht 60<\/h2>\t\t\t\t<\/div>\n\t\t\t\t<\/div>\n\t\t<div class=\"elementor-element elementor-element-05b025d e-con-full e-flex e-con e-child\" data-id=\"05b025d\" data-element_type=\"container\" data-e-type=\"container\">\n\t\t\t\t<div class=\"elementor-element elementor-element-c31e632 elementor-widget elementor-widget-image\" data-id=\"c31e632\" data-element_type=\"widget\" data-e-type=\"widget\" data-widget_type=\"image.default\">\n\t\t\t\t\t\t\t\t\t\t\t\t\t\t\t\t<a href=\"https:\/\/sportnautic.com\/beneteau\/beneteau-vela\/oceanis-yacht\/oceanis-yacht-54\/\">\n\t\t\t\t\t\t\t<img decoding=\"async\" width=\"600\" height=\"472\" src=\"https:\/\/sportnautic.com\/wp-content\/uploads\/2026\/01\/vignette-oceanisyacht54.jpg.webp-1024x805.webp\" class=\"attachment-large size-large wp-image-26627\" alt=\"\" srcset=\"https:\/\/sportnautic.com\/wp-content\/uploads\/2026\/01\/vignette-oceanisyacht54.jpg.webp-1024x805.webp 1024w, https:\/\/sportnautic.com\/wp-content\/uploads\/2026\/01\/vignette-oceanisyacht54.jpg.webp-600x472.webp 600w, https:\/\/sportnautic.com\/wp-content\/uploads\/2026\/01\/vignette-oceanisyacht54.jpg.webp-300x236.webp 300w, https:\/\/sportnautic.com\/wp-content\/uploads\/2026\/01\/vignette-oceanisyacht54.jpg.webp-768x604.webp 768w, https:\/\/sportnautic.com\/wp-content\/uploads\/2026\/01\/vignette-oceanisyacht54.jpg.webp-15x12.webp 15w, https:\/\/sportnautic.com\/wp-content\/uploads\/2026\/01\/vignette-oceanisyacht54.jpg.webp-165x130.webp 165w, https:\/\/sportnautic.com\/wp-content\/uploads\/2026\/01\/vignette-oceanisyacht54.jpg.webp.webp 1040w\" sizes=\"(max-width: 600px) 100vw, 600px\" \/>\t\t\t\t\t\t\t\t<\/a>\n\t\t\t\t\t\t\t\t\t\t\t\t\t\t\t<\/div>\n\t\t\t\t<div class=\"elementor-element elementor-element-f0ec7c5 elementor-widget elementor-widget-heading\" data-id=\"f0ec7c5\" data-element_type=\"widget\" data-e-type=\"widget\" data-widget_type=\"heading.default\">\n\t\t\t\t\t<h2 class=\"elementor-heading-title elementor-size-default\">Oceanis Yacht 54<\/h2>\t\t\t\t<\/div>\n\t\t\t\t<\/div>\n\t\t\t\t\t<\/div>\n\t\t\t\t<\/div>\n\t\t\t\t<\/div>\n\t\t","protected":false},"excerpt":{"rendered":"<p>Oceanis Yacht Las l\u00edneas esbeltas de los \u00a0Oceanis Yacht atraen la mirada. El esmero aportado a cada detalle y su car\u00e1cter excepcional, inspiran sue\u00f1os de grandes viajes en el mar. Potentes y de altura, estos veleros de gran crucero est\u00e1n concebidos para ser f\u00e1cilmente manejables con tripulaci\u00f3n reducida y abrir el horizonte a largas navegaciones. [&hellip;]<\/p>\n","protected":false},"author":1,"featured_media":0,"parent":24587,"menu_order":0,"comment_status":"closed","ping_status":"closed","template":"","meta":{"footnotes":""},"class_list":["post-26623","page","type-page","status-publish","hentry"],"yoast_head":"<!-- This site is optimized with the Yoast SEO Premium plugin v27.3 (Yoast SEO v27.3) - https:\/\/yoast.com\/product\/yoast-seo-premium-wordpress\/ -->\n<title>Gama Oceanis: Veleros para Navegaci\u00f3n Perfecta<\/title>\n<meta name=\"description\" content=\"Vive la experiencia de la gama Oceanis, dise\u00f1ada para hacer de cada navegaci\u00f3n un momento de convivencia y disfrute.\" \/>\n<meta name=\"robots\" content=\"index, follow, max-snippet:-1, max-image-preview:large, max-video-preview:-1\" \/>\n<link rel=\"canonical\" href=\"https:\/\/sportnautic.com\/fr\/bateau\/beneteau-vela\/oceanis-yacht\/\" \/>\n<meta property=\"og:locale\" content=\"fr_FR\" \/>\n<meta property=\"og:type\" content=\"article\" \/>\n<meta property=\"og:title\" content=\"Barcos en venta y alquiler | SPORT NAUTIC\" \/>\n<meta property=\"og:description\" content=\"Distribuidor oficial y expertos en el mar. Barcos nuevos y de ocasi\u00f3n listos para navegar.\" \/>\n<meta property=\"og:url\" content=\"https:\/\/sportnautic.com\/fr\/bateau\/beneteau-vela\/oceanis-yacht\/\" \/>\n<meta property=\"og:site_name\" content=\"SPORT NAUTIC\" \/>\n<meta property=\"article:publisher\" content=\"https:\/\/facebook.com\/sportnautic\" \/>\n<meta property=\"article:modified_time\" content=\"2026-01-15T17:28:01+00:00\" \/>\n<meta property=\"og:image\" content=\"https:\/\/sportnautic.com\/wp-content\/uploads\/2026\/01\/vignette-oceanisyacht60.jpg.webp.webp\" \/>\n\t<meta property=\"og:image:width\" content=\"1040\" \/>\n\t<meta property=\"og:image:height\" content=\"818\" \/>\n\t<meta property=\"og:image:type\" content=\"image\/webp\" \/>\n<meta name=\"twitter:card\" content=\"summary_large_image\" \/>\n<meta name=\"twitter:label1\" content=\"Dur\u00e9e de lecture estim\u00e9e\" \/>\n\t<meta name=\"twitter:data1\" content=\"1 minute\" \/>\n<script type=\"application\/ld+json\" class=\"yoast-schema-graph\">{\"@context\":\"https:\\\/\\\/schema.org\",\"@graph\":[{\"@type\":\"WebPage\",\"@id\":\"https:\\\/\\\/sportnautic.com\\\/beneteau\\\/beneteau-vela\\\/oceanis-yacht\\\/\",\"url\":\"https:\\\/\\\/sportnautic.com\\\/beneteau\\\/beneteau-vela\\\/oceanis-yacht\\\/\",\"name\":\"Gama Oceanis: Veleros para Navegaci\u00f3n Perfecta\",\"isPartOf\":{\"@id\":\"https:\\\/\\\/sportnautic.com\\\/#website\"},\"primaryImageOfPage\":{\"@id\":\"https:\\\/\\\/sportnautic.com\\\/beneteau\\\/beneteau-vela\\\/oceanis-yacht\\\/#primaryimage\"},\"image\":{\"@id\":\"https:\\\/\\\/sportnautic.com\\\/beneteau\\\/beneteau-vela\\\/oceanis-yacht\\\/#primaryimage\"},\"thumbnailUrl\":\"https:\\\/\\\/sportnautic.com\\\/wp-content\\\/uploads\\\/2026\\\/01\\\/vignette-oceanisyacht60.jpg.webp-1024x805.webp\",\"datePublished\":\"2026-01-15T17:05:47+00:00\",\"dateModified\":\"2026-01-15T17:28:01+00:00\",\"description\":\"Vive la experiencia de la gama Oceanis, dise\u00f1ada para hacer de cada navegaci\u00f3n un momento de convivencia y disfrute.\",\"breadcrumb\":{\"@id\":\"https:\\\/\\\/sportnautic.com\\\/beneteau\\\/beneteau-vela\\\/oceanis-yacht\\\/#breadcrumb\"},\"inLanguage\":\"fr-FR\",\"potentialAction\":[{\"@type\":\"ReadAction\",\"target\":[\"https:\\\/\\\/sportnautic.com\\\/beneteau\\\/beneteau-vela\\\/oceanis-yacht\\\/\"]}]},{\"@type\":\"ImageObject\",\"inLanguage\":\"fr-FR\",\"@id\":\"https:\\\/\\\/sportnautic.com\\\/beneteau\\\/beneteau-vela\\\/oceanis-yacht\\\/#primaryimage\",\"url\":\"https:\\\/\\\/sportnautic.com\\\/wp-content\\\/uploads\\\/2026\\\/01\\\/vignette-oceanisyacht60.jpg.webp-1024x805.webp\",\"contentUrl\":\"https:\\\/\\\/sportnautic.com\\\/wp-content\\\/uploads\\\/2026\\\/01\\\/vignette-oceanisyacht60.jpg.webp-1024x805.webp\"},{\"@type\":\"BreadcrumbList\",\"@id\":\"https:\\\/\\\/sportnautic.com\\\/beneteau\\\/beneteau-vela\\\/oceanis-yacht\\\/#breadcrumb\",\"itemListElement\":[{\"@type\":\"ListItem\",\"position\":1,\"name\":\"Portada\",\"item\":\"https:\\\/\\\/sportnautic.com\\\/\"},{\"@type\":\"ListItem\",\"position\":2,\"name\":\"Beneteau\",\"item\":\"https:\\\/\\\/sportnautic.com\\\/beneteau\\\/\"},{\"@type\":\"ListItem\",\"position\":3,\"name\":\"Beneteau vela\",\"item\":\"https:\\\/\\\/sportnautic.com\\\/beneteau\\\/beneteau-vela\\\/\"},{\"@type\":\"ListItem\",\"position\":4,\"name\":\"Oceanis Yacht\"}]},{\"@type\":\"WebSite\",\"@id\":\"https:\\\/\\\/sportnautic.com\\\/#website\",\"url\":\"https:\\\/\\\/sportnautic.com\\\/\",\"name\":\"SPORT NAUTIC\",\"description\":\"\",\"publisher\":{\"@id\":\"https:\\\/\\\/sportnautic.com\\\/#organization\"},\"potentialAction\":[{\"@type\":\"SearchAction\",\"target\":{\"@type\":\"EntryPoint\",\"urlTemplate\":\"https:\\\/\\\/sportnautic.com\\\/?s={search_term_string}\"},\"query-input\":{\"@type\":\"PropertyValueSpecification\",\"valueRequired\":true,\"valueName\":\"search_term_string\"}}],\"inLanguage\":\"fr-FR\"},{\"@type\":\"Organization\",\"@id\":\"https:\\\/\\\/sportnautic.com\\\/#organization\",\"name\":\"SPORT NAUTIC\",\"url\":\"https:\\\/\\\/sportnautic.com\\\/\",\"logo\":{\"@type\":\"ImageObject\",\"inLanguage\":\"fr-FR\",\"@id\":\"https:\\\/\\\/sportnautic.com\\\/#\\\/schema\\\/logo\\\/image\\\/\",\"url\":\"https:\\\/\\\/sportnautic.com\\\/wp-content\\\/uploads\\\/2025\\\/11\\\/cropped-LOGO-REDONDO-SPORTNAUTIC-FLOTA-2-2.png\",\"contentUrl\":\"https:\\\/\\\/sportnautic.com\\\/wp-content\\\/uploads\\\/2025\\\/11\\\/cropped-LOGO-REDONDO-SPORTNAUTIC-FLOTA-2-2.png\",\"width\":512,\"height\":512,\"caption\":\"SPORT NAUTIC\"},\"image\":{\"@id\":\"https:\\\/\\\/sportnautic.com\\\/#\\\/schema\\\/logo\\\/image\\\/\"},\"sameAs\":[\"https:\\\/\\\/facebook.com\\\/sportnautic\",\"https:\\\/\\\/instagram.com\\\/sportnautic\"],\"description\":\"SPORT NAUTIC es una empresa especializada en la venta y alquiler de embarcaciones en la Comunidad Valenciana y Murcia. Ofrece barcos nuevos y de ocasi\u00f3n, servicio t\u00e9cnico y asesoramiento personalizado. Distribuidor oficial de marcas n\u00e1uticas y referente en el sector en la Comunidad Valenciana y Murcia.\",\"email\":\"info@sportnautic.com\",\"telephone\":\"+34 96 578 43 20\",\"legalName\":\"Roga Nautica S.L.\",\"foundingDate\":\"1989-01-01\",\"numberOfEmployees\":{\"@type\":\"QuantitativeValue\",\"minValue\":\"1\",\"maxValue\":\"10\"}}]}<\/script>\n<!-- \/ Yoast SEO Premium plugin. -->","yoast_head_json":{"title":"Gamme Oceanis: Voiliers pour une navigation parfaite","description":"Vivez l'exp\u00e9rience de la gamme Oceanis, con\u00e7ue pour faire de chaque navigation un moment de convivialit\u00e9 et de plaisir.","robots":{"index":"index","follow":"follow","max-snippet":"max-snippet:-1","max-image-preview":"max-image-preview:large","max-video-preview":"max-video-preview:-1"},"canonical":"https:\/\/sportnautic.com\/fr\/bateau\/beneteau-vela\/oceanis-yacht\/","og_locale":"fr_FR","og_type":"article","og_title":"Barcos en venta y alquiler | SPORT NAUTIC","og_description":"Distribuidor oficial y expertos en el mar. Barcos nuevos y de ocasi\u00f3n listos para navegar.","og_url":"https:\/\/sportnautic.com\/fr\/bateau\/beneteau-vela\/oceanis-yacht\/","og_site_name":"SPORT NAUTIC","article_publisher":"https:\/\/facebook.com\/sportnautic","article_modified_time":"2026-01-15T17:28:01+00:00","og_image":[{"width":1040,"height":818,"url":"https:\/\/sportnautic.com\/wp-content\/uploads\/2026\/01\/vignette-oceanisyacht60.jpg.webp.webp","type":"image\/webp"}],"twitter_card":"summary_large_image","twitter_misc":{"Dur\u00e9e de lecture estim\u00e9e":"1 minute"},"schema":{"@context":"https:\/\/schema.org","@graph":[{"@type":"WebPage","@id":"https:\/\/sportnautic.com\/beneteau\/beneteau-vela\/oceanis-yacht\/","url":"https:\/\/sportnautic.com\/beneteau\/beneteau-vela\/oceanis-yacht\/","name":"Gamme Oceanis: Voiliers pour une navigation parfaite","isPartOf":{"@id":"https:\/\/sportnautic.com\/#website"},"primaryImageOfPage":{"@id":"https:\/\/sportnautic.com\/beneteau\/beneteau-vela\/oceanis-yacht\/#primaryimage"},"image":{"@id":"https:\/\/sportnautic.com\/beneteau\/beneteau-vela\/oceanis-yacht\/#primaryimage"},"thumbnailUrl":"https:\/\/sportnautic.com\/wp-content\/uploads\/2026\/01\/vignette-oceanisyacht60.jpg.webp-1024x805.webp","datePublished":"2026-01-15T17:05:47+00:00","dateModified":"2026-01-15T17:28:01+00:00","description":"Vivez l'exp\u00e9rience de la gamme Oceanis, con\u00e7ue pour faire de chaque navigation un moment de convivialit\u00e9 et de plaisir.","breadcrumb":{"@id":"https:\/\/sportnautic.com\/beneteau\/beneteau-vela\/oceanis-yacht\/#breadcrumb"},"inLanguage":"fr-FR","potentialAction":[{"@type":"ReadAction","target":["https:\/\/sportnautic.com\/beneteau\/beneteau-vela\/oceanis-yacht\/"]}]},{"@type":"ImageObject","inLanguage":"fr-FR","@id":"https:\/\/sportnautic.com\/beneteau\/beneteau-vela\/oceanis-yacht\/#primaryimage","url":"https:\/\/sportnautic.com\/wp-content\/uploads\/2026\/01\/vignette-oceanisyacht60.jpg.webp-1024x805.webp","contentUrl":"https:\/\/sportnautic.com\/wp-content\/uploads\/2026\/01\/vignette-oceanisyacht60.jpg.webp-1024x805.webp"},{"@type":"BreadcrumbList","@id":"https:\/\/sportnautic.com\/beneteau\/beneteau-vela\/oceanis-yacht\/#breadcrumb","itemListElement":[{"@type":"ListItem","position":1,"name":"Portada","item":"https:\/\/sportnautic.com\/"},{"@type":"ListItem","position":2,"name":"Beneteau","item":"https:\/\/sportnautic.com\/beneteau\/"},{"@type":"ListItem","position":3,"name":"Beneteau vela","item":"https:\/\/sportnautic.com\/beneteau\/beneteau-vela\/"},{"@type":"ListItem","position":4,"name":"Oceanis Yacht"}]},{"@type":"WebSite","@id":"https:\/\/sportnautic.com\/#website","url":"https:\/\/sportnautic.com\/","name":"SPORT NAUTIC","description":"","publisher":{"@id":"https:\/\/sportnautic.com\/#organization"},"potentialAction":[{"@type":"SearchAction","target":{"@type":"EntryPoint","urlTemplate":"https:\/\/sportnautic.com\/?s={search_term_string}"},"query-input":{"@type":"PropertyValueSpecification","valueRequired":true,"valueName":"search_term_string"}}],"inLanguage":"fr-FR"},{"@type":"Organization","@id":"https:\/\/sportnautic.com\/#organization","name":"SPORT NAUTIC","url":"https:\/\/sportnautic.com\/","logo":{"@type":"ImageObject","inLanguage":"fr-FR","@id":"https:\/\/sportnautic.com\/#\/schema\/logo\/image\/","url":"https:\/\/sportnautic.com\/wp-content\/uploads\/2025\/11\/cropped-LOGO-REDONDO-SPORTNAUTIC-FLOTA-2-2.png","contentUrl":"https:\/\/sportnautic.com\/wp-content\/uploads\/2025\/11\/cropped-LOGO-REDONDO-SPORTNAUTIC-FLOTA-2-2.png","width":512,"height":512,"caption":"SPORT NAUTIC"},"image":{"@id":"https:\/\/sportnautic.com\/#\/schema\/logo\/image\/"},"sameAs":["https:\/\/facebook.com\/sportnautic","https:\/\/instagram.com\/sportnautic"],"description":"SPORT NAUTIC es una empresa especializada en la venta y alquiler de embarcaciones en la Comunidad Valenciana y Murcia. Ofrece barcos nuevos y de ocasi\u00f3n, servicio t\u00e9cnico y asesoramiento personalizado. Distribuidor oficial de marcas n\u00e1uticas y referente en el sector en la Comunidad Valenciana y Murcia.","email":"info@sportnautic.com","telephone":"+34 96 578 43 20","legalName":"Roga Nautica S.L.","foundingDate":"1989-01-01","numberOfEmployees":{"@type":"QuantitativeValue","minValue":"1","maxValue":"10"}}]}},"jetpack_sharing_enabled":true,"_links":{"self":[{"href":"https:\/\/sportnautic.com\/fr\/wp-json\/wp\/v2\/pages\/26623","targetHints":{"allow":["GET"]}}],"collection":[{"href":"https:\/\/sportnautic.com\/fr\/wp-json\/wp\/v2\/pages"}],"about":[{"href":"https:\/\/sportnautic.com\/fr\/wp-json\/wp\/v2\/types\/page"}],"author":[{"embeddable":true,"href":"https:\/\/sportnautic.com\/fr\/wp-json\/wp\/v2\/users\/1"}],"replies":[{"embeddable":true,"href":"https:\/\/sportnautic.com\/fr\/wp-json\/wp\/v2\/comments?post=26623"}],"version-history":[{"count":7,"href":"https:\/\/sportnautic.com\/fr\/wp-json\/wp\/v2\/pages\/26623\/revisions"}],"predecessor-version":[{"id":26654,"href":"https:\/\/sportnautic.com\/fr\/wp-json\/wp\/v2\/pages\/26623\/revisions\/26654"}],"up":[{"embeddable":true,"href":"https:\/\/sportnautic.com\/fr\/wp-json\/wp\/v2\/pages\/24587"}],"wp:attachment":[{"href":"https:\/\/sportnautic.com\/fr\/wp-json\/wp\/v2\/media?parent=26623"}],"curies":[{"name":"wp","href":"https:\/\/api.w.org\/{rel}","templated":true}]}}