{"id":24722,"date":"2025-11-13T17:57:48","date_gmt":"2025-11-13T16:57:48","guid":{"rendered":"https:\/\/sportnautic.com\/?page_id=24722"},"modified":"2026-02-03T16:03:30","modified_gmt":"2026-02-03T15:03:30","slug":"kattum-yachts","status":"publish","type":"page","link":"https:\/\/sportnautic.com\/fr\/kattum-yachts\/","title":{"rendered":"Kattum Yachts"},"content":{"rendered":"<div data-elementor-type=\"wp-page\" data-elementor-id=\"24722\" class=\"elementor elementor-24722\" data-elementor-post-type=\"page\">\n\t\t\t\t<div class=\"elementor-element elementor-element-c161e84 e-flex e-con-boxed e-con e-parent\" data-id=\"c161e84\" data-element_type=\"container\" data-e-type=\"container\" data-settings=\"{&quot;background_background&quot;:&quot;video&quot;,&quot;background_video_link&quot;:&quot;https:\\\/\\\/www.youtube.com\\\/watch?v=U6hVuDXAA4Q&quot;}\">\n\t\t\t\t\t<div class=\"e-con-inner\">\n\t\t<div class=\"elementor-background-video-container elementor-hidden-mobile\">\n\t\t\t\t\t\t\t<div class=\"elementor-background-video-embed\" role=\"presentation\"><\/div>\n\t\t\t\t\t\t<\/div>\t\t\t<\/div>\n\t\t\t\t<\/div>\n\t\t<div class=\"elementor-element elementor-element-a98a3ee e-flex e-con-boxed e-con e-parent\" data-id=\"a98a3ee\" data-element_type=\"container\" data-e-type=\"container\">\n\t\t\t\t\t<div class=\"e-con-inner\">\n\t\t\t\t<div class=\"elementor-element elementor-element-58f3d40 elementor-widget-divider--view-line elementor-widget elementor-widget-divider\" data-id=\"58f3d40\" data-element_type=\"widget\" data-e-type=\"widget\" data-widget_type=\"divider.default\">\n\t\t\t\t\t\t\t<div class=\"elementor-divider\">\n\t\t\t<span class=\"elementor-divider-separator\">\n\t\t\t\t\t\t<\/span>\n\t\t<\/div>\n\t\t\t\t\t\t<\/div>\n\t\t\t\t\t<\/div>\n\t\t\t\t<\/div>\n\t\t<div class=\"elementor-element elementor-element-637427a e-con-full e-flex e-con e-parent\" data-id=\"637427a\" data-element_type=\"container\" data-e-type=\"container\">\n\t\t\t\t<div class=\"elementor-element elementor-element-a3b9c2d elementor-widget elementor-widget-text-editor\" data-id=\"a3b9c2d\" data-element_type=\"widget\" data-e-type=\"widget\" data-widget_type=\"text-editor.default\">\n\t\t\t\t\t\t\t\t\t<div class=\"title h2\" style=\"text-align: center;\"><h2 class=\"elementor-heading-title elementor-size-default\">NOS CATAMARANS<\/h2><p class=\"p3\">\u00abCONCEPT DE BATEAU OUVERT, AVEC UNE CONSOLE IMPOSANTE ET UN ESPACE MODULABLE\u00a0\u00a0<br \/>LA SPORTIVIT\u00c9 ET L'\u00c9L\u00c9GANCE QUI PERMETTENT UNE NAVIGATION TR\u00c8S CONFORTABLE\u00bb.\u00bb<\/p><p>\u00a0<\/p><\/div><p data-start=\"776\" data-end=\"1125\">Los <strong data-start=\"780\" data-end=\"809\">catamaranes Kattum Yachts<\/strong> son barcos pensados para quienes buscan navegar con <strong data-start=\"862\" data-end=\"895\">comodidad, estilo y seguridad<\/strong>. Cada modelo ofrece un <strong data-start=\"919\" data-end=\"982\">dise\u00f1o moderno, cascos s\u00f3lidos y espacios bien aprovechados<\/strong>. Esto garantiza una experiencia de navegaci\u00f3n vers\u00e1til. Por ejemplo, sirve tanto para salidas de fin de semana como para traves\u00edas m\u00e1s largas.<\/p><p data-start=\"776\" data-end=\"1125\">\u00a0<\/p><p data-start=\"1127\" data-end=\"1423\">A bordo de un <strong data-start=\"1141\" data-end=\"1168\">catamar\u00e1n Kattum Yachts<\/strong>, encontrar\u00e1s zonas de vida amplias, interiores luminosos y acabados cuidados. <strong data-start=\"1247\" data-end=\"1257\">Adem\u00e1s<\/strong>, sus <strong data-start=\"1263\" data-end=\"1280\">dobles cascos<\/strong> proporcionan estabilidad y seguridad durante la navegaci\u00f3n, incluso en condiciones dif\u00edciles. As\u00ed, disfrutar\u00e1s del mar con total tranquilidad.<\/p>\t\t\t\t\t\t\t\t<\/div>\n\t\t\t\t<\/div>\n\t\t<div class=\"elementor-element elementor-element-d489848 e-flex e-con-boxed e-con e-parent\" data-id=\"d489848\" data-element_type=\"container\" data-e-type=\"container\">\n\t\t\t\t\t<div class=\"e-con-inner\">\n\t\t<div class=\"elementor-element elementor-element-131e982 e-con-full e-flex e-con e-child\" data-id=\"131e982\" data-element_type=\"container\" data-e-type=\"container\">\n\t\t\t\t<div class=\"elementor-element elementor-element-e1877dc elementor-widget elementor-widget-image\" data-id=\"e1877dc\" data-element_type=\"widget\" data-e-type=\"widget\" data-widget_type=\"image.default\">\n\t\t\t\t\t\t\t\t\t\t\t\t\t\t\t<img fetchpriority=\"high\" decoding=\"async\" width=\"600\" height=\"450\" src=\"https:\/\/sportnautic.com\/wp-content\/uploads\/2025\/11\/Kattum-K28.webp\" class=\"attachment-large size-large wp-image-24724\" alt=\"Kattum Yachts\" srcset=\"https:\/\/sportnautic.com\/wp-content\/uploads\/2025\/11\/Kattum-K28.webp 1024w, https:\/\/sportnautic.com\/wp-content\/uploads\/2025\/11\/Kattum-K28-600x450.webp 600w, https:\/\/sportnautic.com\/wp-content\/uploads\/2025\/11\/Kattum-K28-300x225.webp 300w, https:\/\/sportnautic.com\/wp-content\/uploads\/2025\/11\/Kattum-K28-768x576.webp 768w, https:\/\/sportnautic.com\/wp-content\/uploads\/2025\/11\/Kattum-K28-165x124.webp 165w\" sizes=\"(max-width: 600px) 100vw, 600px\" \/>\t\t\t\t\t\t\t\t\t\t\t\t\t\t\t<\/div>\n\t\t\t\t<div class=\"elementor-element elementor-element-952acdd elementor-widget elementor-widget-text-editor\" data-id=\"952acdd\" data-element_type=\"widget\" data-e-type=\"widget\" data-widget_type=\"text-editor.default\">\n\t\t\t\t\t\t\t\t\t<p style=\"text-align: center;\">Kattum K28<\/p>\t\t\t\t\t\t\t\t<\/div>\n\t\t\t\t<\/div>\n\t\t<div class=\"elementor-element elementor-element-e35e45a e-con-full e-flex e-con e-child\" data-id=\"e35e45a\" data-element_type=\"container\" data-e-type=\"container\">\n\t\t\t\t<div class=\"elementor-element elementor-element-38372d5 elementor-widget elementor-widget-image\" data-id=\"38372d5\" data-element_type=\"widget\" data-e-type=\"widget\" data-widget_type=\"image.default\">\n\t\t\t\t\t\t\t\t\t\t\t\t\t\t\t<img decoding=\"async\" width=\"600\" height=\"450\" src=\"https:\/\/sportnautic.com\/wp-content\/uploads\/2025\/11\/Kattum-K30.webp\" class=\"attachment-large size-large wp-image-24725\" alt=\"Kattum Yachts\" srcset=\"https:\/\/sportnautic.com\/wp-content\/uploads\/2025\/11\/Kattum-K30.webp 1024w, https:\/\/sportnautic.com\/wp-content\/uploads\/2025\/11\/Kattum-K30-600x450.webp 600w, https:\/\/sportnautic.com\/wp-content\/uploads\/2025\/11\/Kattum-K30-300x225.webp 300w, https:\/\/sportnautic.com\/wp-content\/uploads\/2025\/11\/Kattum-K30-768x576.webp 768w, https:\/\/sportnautic.com\/wp-content\/uploads\/2025\/11\/Kattum-K30-165x124.webp 165w\" sizes=\"(max-width: 600px) 100vw, 600px\" \/>\t\t\t\t\t\t\t\t\t\t\t\t\t\t\t<\/div>\n\t\t\t\t<div class=\"elementor-element elementor-element-0abb45f elementor-widget elementor-widget-text-editor\" data-id=\"0abb45f\" data-element_type=\"widget\" data-e-type=\"widget\" data-widget_type=\"text-editor.default\">\n\t\t\t\t\t\t\t\t\t<p style=\"text-align: center;\">Kattum K30<\/p>\t\t\t\t\t\t\t\t<\/div>\n\t\t\t\t<\/div>\n\t\t<div class=\"elementor-element elementor-element-61c303b e-con-full e-flex e-con e-child\" data-id=\"61c303b\" data-element_type=\"container\" data-e-type=\"container\">\n\t\t\t\t<div class=\"elementor-element elementor-element-df8ad93 elementor-widget elementor-widget-image\" data-id=\"df8ad93\" data-element_type=\"widget\" data-e-type=\"widget\" data-widget_type=\"image.default\">\n\t\t\t\t\t\t\t\t\t\t\t\t\t\t\t<img decoding=\"async\" width=\"600\" height=\"450\" src=\"https:\/\/sportnautic.com\/wp-content\/uploads\/2025\/11\/Kattum-K38.webp\" class=\"attachment-large size-large wp-image-24726\" alt=\"Kattum Yachts\" srcset=\"https:\/\/sportnautic.com\/wp-content\/uploads\/2025\/11\/Kattum-K38.webp 1024w, https:\/\/sportnautic.com\/wp-content\/uploads\/2025\/11\/Kattum-K38-600x450.webp 600w, https:\/\/sportnautic.com\/wp-content\/uploads\/2025\/11\/Kattum-K38-300x225.webp 300w, https:\/\/sportnautic.com\/wp-content\/uploads\/2025\/11\/Kattum-K38-768x576.webp 768w, https:\/\/sportnautic.com\/wp-content\/uploads\/2025\/11\/Kattum-K38-165x124.webp 165w\" sizes=\"(max-width: 600px) 100vw, 600px\" \/>\t\t\t\t\t\t\t\t\t\t\t\t\t\t\t<\/div>\n\t\t\t\t<div class=\"elementor-element elementor-element-9a2c2d4 elementor-widget elementor-widget-text-editor\" data-id=\"9a2c2d4\" data-element_type=\"widget\" data-e-type=\"widget\" data-widget_type=\"text-editor.default\">\n\t\t\t\t\t\t\t\t\t<p style=\"text-align: center;\">Kattum K38<\/p>\t\t\t\t\t\t\t\t<\/div>\n\t\t\t\t<\/div>\n\t\t\t\t\t<\/div>\n\t\t\t\t<\/div>\n\t\t<div class=\"elementor-element elementor-element-bd59c36 e-con-full e-flex e-con e-parent\" data-id=\"bd59c36\" data-element_type=\"container\" data-e-type=\"container\">\n\t\t\t\t<div class=\"elementor-element elementor-element-4ec0987 elementor-widget elementor-widget-text-editor\" data-id=\"4ec0987\" data-element_type=\"widget\" data-e-type=\"widget\" data-widget_type=\"text-editor.default\">\n\t\t\t\t\t\t\t\t\t<div class=\"title h2\" style=\"text-align: center;\"><p data-start=\"1425\" data-end=\"1811\">Entre ellos se encuentran el <strong data-start=\"1558\" data-end=\"1571\">Kattum 28<\/strong>, les <strong data-start=\"1576\" data-end=\"1589\">Kattum 30<\/strong> et le <strong data-start=\"1595\" data-end=\"1608\">Kattum 38<\/strong>. Cada barco se adapta a diferentes estilos de navegaci\u00f3n y proyectos personales. <strong data-start=\"1690\" data-end=\"1701\">Por eso<\/strong>, tanto si eres un experimentado como si te inicias, encontrar\u00e1s en un Kattum Yachts el barco ideal.<\/p><p data-start=\"1425\" data-end=\"1811\">\u00a0<\/p><p data-start=\"1425\" data-end=\"1811\">\u00a0<\/p><p data-start=\"1813\" data-end=\"2144\">Su construcci\u00f3n es s\u00f3lida y ligera, lo que permite una navegaci\u00f3n \u00e1gil. Los espacios interiores son c\u00f3modos y funcionales. <strong data-start=\"2006\" data-end=\"2017\">Tambi\u00e9n<\/strong>, estos catamaranes permiten disfrutar tanto del exterior como del interior, haciendo la vida a bordo m\u00e1s sencilla y agradable.<\/p><p data-start=\"1813\" data-end=\"2144\">\u00a0<\/p><p data-start=\"1813\" data-end=\"2144\">\u00a0<\/p><p data-start=\"2146\" data-end=\"2405\"><strong data-start=\"2146\" data-end=\"2160\">Finalmente<\/strong>, Kattum Yachts crea barcos que se adaptan a ti y a tus necesidades en el mar. Con un <strong data-start=\"2246\" data-end=\"2273\">catamar\u00e1n Kattum Yachts<\/strong>, no solo tendr\u00e1s un barco seguro y c\u00f3modo. <strong data-start=\"2317\" data-end=\"2329\">De hecho<\/strong>, disfrutar\u00e1s de una experiencia completa de navegaci\u00f3n moderna y divertida.<\/p><\/div>\t\t\t\t\t\t\t\t<\/div>\n\t\t\t\t<\/div>\n\t\t<div class=\"elementor-element elementor-element-ce497ed e-flex e-con-boxed e-con e-parent\" data-id=\"ce497ed\" data-element_type=\"container\" data-e-type=\"container\">\n\t\t\t\t\t<div class=\"e-con-inner\">\n\t\t\t\t<div class=\"elementor-element elementor-element-a91ef5a elementor-widget elementor-widget-spacer\" data-id=\"a91ef5a\" data-element_type=\"widget\" data-e-type=\"widget\" data-widget_type=\"spacer.default\">\n\t\t\t\t\t\t\t<div class=\"elementor-spacer\">\n\t\t\t<div class=\"elementor-spacer-inner\"><\/div>\n\t\t<\/div>\n\t\t\t\t\t\t<\/div>\n\t\t\t\t\t<\/div>\n\t\t\t\t<\/div>\n\t\t\t\t<\/div>","protected":false},"excerpt":{"rendered":"<p>NUESTROS CATAMARANES \u00abCONCEPTO DE EMBARCACI\u00d3N ESTILO OPEN, CON UNA IMPONENTE CONSOLA Y ESPACIO MODULAR\u00a0\u00a0DEPORTIVIDAD Y ELEGANCIA QUE PERMITEN UNA NAVEGACI\u00d3N MUY C\u00d3MODA\u00bb \u00a0 Los catamaranes Kattum Yachts son barcos pensados para quienes buscan navegar con comodidad, estilo y seguridad. Cada modelo ofrece un dise\u00f1o moderno, cascos s\u00f3lidos y espacios bien aprovechados. Esto garantiza una experiencia [&hellip;]<\/p>\n","protected":false},"author":1,"featured_media":24724,"parent":0,"menu_order":0,"comment_status":"closed","ping_status":"closed","template":"","meta":{"footnotes":""},"class_list":["post-24722","page","type-page","status-publish","has-post-thumbnail","hentry"],"yoast_head":"<!-- This site is optimized with the Yoast SEO Premium plugin v27.3 (Yoast SEO v27.3) - https:\/\/yoast.com\/product\/yoast-seo-premium-wordpress\/ -->\n<title>Kattum Yachts | Dise\u00f1o y confort | SPORT NAUTIC<\/title>\n<meta name=\"description\" content=\"Descubre los catamaranes Kattum Yachts en SPORT NAUTIC. Dise\u00f1o moderno, gran estabilidad y confort para disfrutar del mar con total libertad.\" \/>\n<meta name=\"robots\" content=\"index, follow, max-snippet:-1, max-image-preview:large, max-video-preview:-1\" \/>\n<link rel=\"canonical\" href=\"https:\/\/sportnautic.com\/fr\/kattum-yachts\/\" \/>\n<meta property=\"og:locale\" content=\"fr_FR\" \/>\n<meta property=\"og:type\" content=\"article\" \/>\n<meta property=\"og:title\" content=\"Barcos en venta y alquiler | SPORT NAUTIC\" \/>\n<meta property=\"og:description\" content=\"Distribuidor oficial y expertos en el mar. Barcos nuevos y de ocasi\u00f3n listos para navegar.\" \/>\n<meta property=\"og:url\" content=\"https:\/\/sportnautic.com\/fr\/kattum-yachts\/\" \/>\n<meta property=\"og:site_name\" content=\"SPORT NAUTIC\" \/>\n<meta property=\"article:publisher\" content=\"https:\/\/facebook.com\/sportnautic\" \/>\n<meta property=\"article:modified_time\" content=\"2026-02-03T15:03:30+00:00\" \/>\n<meta property=\"og:image\" content=\"https:\/\/sportnautic.com\/wp-content\/uploads\/2025\/11\/Kattum-K28.webp\" \/>\n\t<meta property=\"og:image:width\" content=\"1024\" \/>\n\t<meta property=\"og:image:height\" content=\"768\" \/>\n\t<meta property=\"og:image:type\" content=\"image\/webp\" \/>\n<meta name=\"twitter:card\" content=\"summary_large_image\" \/>\n<meta name=\"twitter:label1\" content=\"Dur\u00e9e de lecture estim\u00e9e\" \/>\n\t<meta name=\"twitter:data1\" content=\"2 minutes\" \/>\n<script type=\"application\/ld+json\" class=\"yoast-schema-graph\">{\"@context\":\"https:\\\/\\\/schema.org\",\"@graph\":[{\"@type\":\"WebPage\",\"@id\":\"https:\\\/\\\/sportnautic.com\\\/kattum-yachts\\\/\",\"url\":\"https:\\\/\\\/sportnautic.com\\\/kattum-yachts\\\/\",\"name\":\"Kattum Yachts | Dise\u00f1o y confort | SPORT NAUTIC\",\"isPartOf\":{\"@id\":\"https:\\\/\\\/sportnautic.com\\\/#website\"},\"primaryImageOfPage\":{\"@id\":\"https:\\\/\\\/sportnautic.com\\\/kattum-yachts\\\/#primaryimage\"},\"image\":{\"@id\":\"https:\\\/\\\/sportnautic.com\\\/kattum-yachts\\\/#primaryimage\"},\"thumbnailUrl\":\"https:\\\/\\\/sportnautic.com\\\/wp-content\\\/uploads\\\/2025\\\/11\\\/Kattum-K28.webp\",\"datePublished\":\"2025-11-13T16:57:48+00:00\",\"dateModified\":\"2026-02-03T15:03:30+00:00\",\"description\":\"Descubre los catamaranes Kattum Yachts en SPORT NAUTIC. Dise\u00f1o moderno, gran estabilidad y confort para disfrutar del mar con total libertad.\",\"breadcrumb\":{\"@id\":\"https:\\\/\\\/sportnautic.com\\\/kattum-yachts\\\/#breadcrumb\"},\"inLanguage\":\"fr-FR\",\"potentialAction\":[{\"@type\":\"ReadAction\",\"target\":[\"https:\\\/\\\/sportnautic.com\\\/kattum-yachts\\\/\"]}]},{\"@type\":\"ImageObject\",\"inLanguage\":\"fr-FR\",\"@id\":\"https:\\\/\\\/sportnautic.com\\\/kattum-yachts\\\/#primaryimage\",\"url\":\"https:\\\/\\\/sportnautic.com\\\/wp-content\\\/uploads\\\/2025\\\/11\\\/Kattum-K28.webp\",\"contentUrl\":\"https:\\\/\\\/sportnautic.com\\\/wp-content\\\/uploads\\\/2025\\\/11\\\/Kattum-K28.webp\",\"width\":1024,\"height\":768,\"caption\":\"Kattum Yachts\"},{\"@type\":\"BreadcrumbList\",\"@id\":\"https:\\\/\\\/sportnautic.com\\\/kattum-yachts\\\/#breadcrumb\",\"itemListElement\":[{\"@type\":\"ListItem\",\"position\":1,\"name\":\"Portada\",\"item\":\"https:\\\/\\\/sportnautic.com\\\/\"},{\"@type\":\"ListItem\",\"position\":2,\"name\":\"Kattum Yachts\"}]},{\"@type\":\"WebSite\",\"@id\":\"https:\\\/\\\/sportnautic.com\\\/#website\",\"url\":\"https:\\\/\\\/sportnautic.com\\\/\",\"name\":\"SPORT NAUTIC\",\"description\":\"\",\"publisher\":{\"@id\":\"https:\\\/\\\/sportnautic.com\\\/#organization\"},\"potentialAction\":[{\"@type\":\"SearchAction\",\"target\":{\"@type\":\"EntryPoint\",\"urlTemplate\":\"https:\\\/\\\/sportnautic.com\\\/?s={search_term_string}\"},\"query-input\":{\"@type\":\"PropertyValueSpecification\",\"valueRequired\":true,\"valueName\":\"search_term_string\"}}],\"inLanguage\":\"fr-FR\"},{\"@type\":\"Organization\",\"@id\":\"https:\\\/\\\/sportnautic.com\\\/#organization\",\"name\":\"SPORT NAUTIC\",\"url\":\"https:\\\/\\\/sportnautic.com\\\/\",\"logo\":{\"@type\":\"ImageObject\",\"inLanguage\":\"fr-FR\",\"@id\":\"https:\\\/\\\/sportnautic.com\\\/#\\\/schema\\\/logo\\\/image\\\/\",\"url\":\"https:\\\/\\\/sportnautic.com\\\/wp-content\\\/uploads\\\/2025\\\/11\\\/cropped-LOGO-REDONDO-SPORTNAUTIC-FLOTA-2-2.png\",\"contentUrl\":\"https:\\\/\\\/sportnautic.com\\\/wp-content\\\/uploads\\\/2025\\\/11\\\/cropped-LOGO-REDONDO-SPORTNAUTIC-FLOTA-2-2.png\",\"width\":512,\"height\":512,\"caption\":\"SPORT NAUTIC\"},\"image\":{\"@id\":\"https:\\\/\\\/sportnautic.com\\\/#\\\/schema\\\/logo\\\/image\\\/\"},\"sameAs\":[\"https:\\\/\\\/facebook.com\\\/sportnautic\",\"https:\\\/\\\/instagram.com\\\/sportnautic\"],\"description\":\"SPORT NAUTIC es una empresa especializada en la venta y alquiler de embarcaciones en la Comunidad Valenciana y Murcia. Ofrece barcos nuevos y de ocasi\u00f3n, servicio t\u00e9cnico y asesoramiento personalizado. Distribuidor oficial de marcas n\u00e1uticas y referente en el sector en la Comunidad Valenciana y Murcia.\",\"email\":\"info@sportnautic.com\",\"telephone\":\"+34 96 578 43 20\",\"legalName\":\"Roga Nautica S.L.\",\"foundingDate\":\"1989-01-01\",\"numberOfEmployees\":{\"@type\":\"QuantitativeValue\",\"minValue\":\"1\",\"maxValue\":\"10\"}}]}<\/script>\n<!-- \/ Yoast SEO Premium plugin. -->","yoast_head_json":{"title":"Kattum Yachts | Dise\u00f1o y confort | SPORT NAUTIC","description":"Descubre los catamaranes Kattum Yachts en SPORT NAUTIC. Dise\u00f1o moderno, gran estabilidad y confort para disfrutar del mar con total libertad.","robots":{"index":"index","follow":"follow","max-snippet":"max-snippet:-1","max-image-preview":"max-image-preview:large","max-video-preview":"max-video-preview:-1"},"canonical":"https:\/\/sportnautic.com\/fr\/kattum-yachts\/","og_locale":"fr_FR","og_type":"article","og_title":"Barcos en venta y alquiler | SPORT NAUTIC","og_description":"Distribuidor oficial y expertos en el mar. Barcos nuevos y de ocasi\u00f3n listos para navegar.","og_url":"https:\/\/sportnautic.com\/fr\/kattum-yachts\/","og_site_name":"SPORT NAUTIC","article_publisher":"https:\/\/facebook.com\/sportnautic","article_modified_time":"2026-02-03T15:03:30+00:00","og_image":[{"width":1024,"height":768,"url":"https:\/\/sportnautic.com\/wp-content\/uploads\/2025\/11\/Kattum-K28.webp","type":"image\/webp"}],"twitter_card":"summary_large_image","twitter_misc":{"Dur\u00e9e de lecture estim\u00e9e":"2 minutes"},"schema":{"@context":"https:\/\/schema.org","@graph":[{"@type":"WebPage","@id":"https:\/\/sportnautic.com\/kattum-yachts\/","url":"https:\/\/sportnautic.com\/kattum-yachts\/","name":"Kattum Yachts | Dise\u00f1o y confort | SPORT NAUTIC","isPartOf":{"@id":"https:\/\/sportnautic.com\/#website"},"primaryImageOfPage":{"@id":"https:\/\/sportnautic.com\/kattum-yachts\/#primaryimage"},"image":{"@id":"https:\/\/sportnautic.com\/kattum-yachts\/#primaryimage"},"thumbnailUrl":"https:\/\/sportnautic.com\/wp-content\/uploads\/2025\/11\/Kattum-K28.webp","datePublished":"2025-11-13T16:57:48+00:00","dateModified":"2026-02-03T15:03:30+00:00","description":"Descubre los catamaranes Kattum Yachts en SPORT NAUTIC. Dise\u00f1o moderno, gran estabilidad y confort para disfrutar del mar con total libertad.","breadcrumb":{"@id":"https:\/\/sportnautic.com\/kattum-yachts\/#breadcrumb"},"inLanguage":"fr-FR","potentialAction":[{"@type":"ReadAction","target":["https:\/\/sportnautic.com\/kattum-yachts\/"]}]},{"@type":"ImageObject","inLanguage":"fr-FR","@id":"https:\/\/sportnautic.com\/kattum-yachts\/#primaryimage","url":"https:\/\/sportnautic.com\/wp-content\/uploads\/2025\/11\/Kattum-K28.webp","contentUrl":"https:\/\/sportnautic.com\/wp-content\/uploads\/2025\/11\/Kattum-K28.webp","width":1024,"height":768,"caption":"Kattum Yachts"},{"@type":"BreadcrumbList","@id":"https:\/\/sportnautic.com\/kattum-yachts\/#breadcrumb","itemListElement":[{"@type":"ListItem","position":1,"name":"Portada","item":"https:\/\/sportnautic.com\/"},{"@type":"ListItem","position":2,"name":"Kattum Yachts"}]},{"@type":"WebSite","@id":"https:\/\/sportnautic.com\/#website","url":"https:\/\/sportnautic.com\/","name":"SPORT NAUTIC","description":"","publisher":{"@id":"https:\/\/sportnautic.com\/#organization"},"potentialAction":[{"@type":"SearchAction","target":{"@type":"EntryPoint","urlTemplate":"https:\/\/sportnautic.com\/?s={search_term_string}"},"query-input":{"@type":"PropertyValueSpecification","valueRequired":true,"valueName":"search_term_string"}}],"inLanguage":"fr-FR"},{"@type":"Organization","@id":"https:\/\/sportnautic.com\/#organization","name":"SPORT NAUTIC","url":"https:\/\/sportnautic.com\/","logo":{"@type":"ImageObject","inLanguage":"fr-FR","@id":"https:\/\/sportnautic.com\/#\/schema\/logo\/image\/","url":"https:\/\/sportnautic.com\/wp-content\/uploads\/2025\/11\/cropped-LOGO-REDONDO-SPORTNAUTIC-FLOTA-2-2.png","contentUrl":"https:\/\/sportnautic.com\/wp-content\/uploads\/2025\/11\/cropped-LOGO-REDONDO-SPORTNAUTIC-FLOTA-2-2.png","width":512,"height":512,"caption":"SPORT NAUTIC"},"image":{"@id":"https:\/\/sportnautic.com\/#\/schema\/logo\/image\/"},"sameAs":["https:\/\/facebook.com\/sportnautic","https:\/\/instagram.com\/sportnautic"],"description":"SPORT NAUTIC es una empresa especializada en la venta y alquiler de embarcaciones en la Comunidad Valenciana y Murcia. Ofrece barcos nuevos y de ocasi\u00f3n, servicio t\u00e9cnico y asesoramiento personalizado. Distribuidor oficial de marcas n\u00e1uticas y referente en el sector en la Comunidad Valenciana y Murcia.","email":"info@sportnautic.com","telephone":"+34 96 578 43 20","legalName":"Roga Nautica S.L.","foundingDate":"1989-01-01","numberOfEmployees":{"@type":"QuantitativeValue","minValue":"1","maxValue":"10"}}]}},"jetpack_sharing_enabled":true,"_links":{"self":[{"href":"https:\/\/sportnautic.com\/fr\/wp-json\/wp\/v2\/pages\/24722","targetHints":{"allow":["GET"]}}],"collection":[{"href":"https:\/\/sportnautic.com\/fr\/wp-json\/wp\/v2\/pages"}],"about":[{"href":"https:\/\/sportnautic.com\/fr\/wp-json\/wp\/v2\/types\/page"}],"author":[{"embeddable":true,"href":"https:\/\/sportnautic.com\/fr\/wp-json\/wp\/v2\/users\/1"}],"replies":[{"embeddable":true,"href":"https:\/\/sportnautic.com\/fr\/wp-json\/wp\/v2\/comments?post=24722"}],"version-history":[{"count":22,"href":"https:\/\/sportnautic.com\/fr\/wp-json\/wp\/v2\/pages\/24722\/revisions"}],"predecessor-version":[{"id":28044,"href":"https:\/\/sportnautic.com\/fr\/wp-json\/wp\/v2\/pages\/24722\/revisions\/28044"}],"wp:featuredmedia":[{"embeddable":true,"href":"https:\/\/sportnautic.com\/fr\/wp-json\/wp\/v2\/media\/24724"}],"wp:attachment":[{"href":"https:\/\/sportnautic.com\/fr\/wp-json\/wp\/v2\/media?parent=24722"}],"curies":[{"name":"wp","href":"https:\/\/api.w.org\/{rel}","templated":true}]}}