{"id":24711,"date":"2025-11-13T17:51:04","date_gmt":"2025-11-13T16:51:04","guid":{"rendered":"https:\/\/sportnautic.com\/?page_id=24711"},"modified":"2026-02-03T16:13:55","modified_gmt":"2026-02-03T15:13:55","slug":"medvolt-marine","status":"publish","type":"page","link":"https:\/\/sportnautic.com\/fr\/medvolt-marine\/","title":{"rendered":"Medvolt Marine"},"content":{"rendered":"<div data-elementor-type=\"wp-page\" data-elementor-id=\"24711\" class=\"elementor elementor-24711\" data-elementor-post-type=\"page\">\n\t\t\t\t<div class=\"elementor-element elementor-element-c161e84 e-flex e-con-boxed e-con e-parent\" data-id=\"c161e84\" data-element_type=\"container\" data-e-type=\"container\" data-settings=\"{&quot;background_background&quot;:&quot;video&quot;,&quot;background_video_link&quot;:&quot;https:\\\/\\\/vid.cdn-website.com\\\/cde53174\\\/videos\\\/UdJSPSVkR7W7Rg6b0nsF_ONBOAT.2+copia-v.mp4&quot;}\">\n\t\t\t\t\t<div class=\"e-con-inner\">\n\t\t<div class=\"elementor-background-video-container elementor-hidden-mobile\">\n\t\t\t\t\t\t\t<video class=\"elementor-background-video-hosted\" role=\"presentation\" autoplay muted playsinline loop><\/video>\n\t\t\t\t\t<\/div>\t\t\t<\/div>\n\t\t\t\t<\/div>\n\t\t<div class=\"elementor-element elementor-element-a98a3ee e-flex e-con-boxed e-con e-parent\" data-id=\"a98a3ee\" data-element_type=\"container\" data-e-type=\"container\">\n\t\t\t\t\t<div class=\"e-con-inner\">\n\t\t\t\t<div class=\"elementor-element elementor-element-58f3d40 elementor-widget-divider--view-line elementor-widget elementor-widget-divider\" data-id=\"58f3d40\" data-element_type=\"widget\" data-e-type=\"widget\" data-widget_type=\"divider.default\">\n\t\t\t\t\t\t\t<div class=\"elementor-divider\">\n\t\t\t<span class=\"elementor-divider-separator\">\n\t\t\t\t\t\t<\/span>\n\t\t<\/div>\n\t\t\t\t\t\t<\/div>\n\t\t\t\t\t<\/div>\n\t\t\t\t<\/div>\n\t\t<div class=\"elementor-element elementor-element-637427a e-con-full e-flex e-con e-parent\" data-id=\"637427a\" data-element_type=\"container\" data-e-type=\"container\">\n\t\t\t\t<div class=\"elementor-element elementor-element-a3b9c2d elementor-widget elementor-widget-text-editor\" data-id=\"a3b9c2d\" data-element_type=\"widget\" data-e-type=\"widget\" data-widget_type=\"text-editor.default\">\n\t\t\t\t\t\t\t\t\t<div class=\"title h2\" style=\"text-align: center;\"><div><div><span class=\"lh-1 m-font-size-36 font-size-42\"><span><span style=\"font-family: Poppins;\">\u00c9lectrique<\/span>\u00a0moteur, classic soul<\/span><\/span><\/div><\/div><div id=\"1440505187\" class=\"u_1440505187 dmNewParagraph\"><div><div><span class=\"lh-1 font-size-20\">\u00a0Pour ce projet, nous avons voulu combiner la tradition et les technologies les plus r\u00e9centes. Nous avons mis au point un nouveau Llaut, bas\u00e9 sur la <b>Laut typique de la Majorque<\/b> qui a prouv\u00e9 son efficacit\u00e9 et son ad\u00e9quation \u00e0 nos mers depuis des g\u00e9n\u00e9rations. Et le plus <b>les techniques modernes de conception et de fabrication<\/b> disponible d\u00e8s aujourd'hui.<\/span><\/div><div><span class=\"lh-1 font-size-20\">\u00a0<\/span><\/div><div><span class=\"lh-1 font-size-20\">Plus important encore, il a \u00e9t\u00e9 dot\u00e9 d'une <b>Moteur \u00e9lectrique 100%<\/b> La technologie de derni\u00e8re g\u00e9n\u00e9ration garantit des performances optimales et un respect total de l'environnement, avec un minimum d'entretien.<\/span><\/div><div><span class=\"lh-1 font-size-20\">\u00a0<\/span><\/div><div><span class=\"lh-1 font-size-20\">Les \u2018mestres d'aixa\u2019 et les experts de la navigation \u00e0 voile ont \u00e9t\u00e9 impliqu\u00e9s afin de doter le Llaut d'un syst\u00e8me de contr\u00f4le de la qualit\u00e9. <b>la navigation traditionnelle en lateen<\/b>, Le bateau est une exp\u00e9rience unique et authentique de navigation et de pr\u00e9servation d'un aspect tr\u00e8s important de la culture locale.<\/span><\/div><\/div><\/div><\/div>\t\t\t\t\t\t\t\t<\/div>\n\t\t\t\t<\/div>\n\t\t<div class=\"elementor-element elementor-element-9d1beba e-flex e-con-boxed e-con e-parent\" data-id=\"9d1beba\" data-element_type=\"container\" data-e-type=\"container\">\n\t\t\t\t\t<div class=\"e-con-inner\">\n\t\t<div class=\"elementor-element elementor-element-f6c5df1 e-con-full e-flex e-con e-child\" data-id=\"f6c5df1\" data-element_type=\"container\" data-e-type=\"container\">\n\t\t\t\t<div class=\"elementor-element elementor-element-ecbb527 elementor-widget elementor-widget-image\" data-id=\"ecbb527\" data-element_type=\"widget\" data-e-type=\"widget\" data-widget_type=\"image.default\">\n\t\t\t\t\t\t\t\t\t\t\t\t\t\t\t<img fetchpriority=\"high\" decoding=\"async\" width=\"600\" height=\"400\" src=\"https:\/\/sportnautic.com\/wp-content\/uploads\/2025\/11\/Medvolt-Marine-M7-\u2013-STOCK_1-1.webp\" class=\"attachment-large size-large wp-image-24714\" alt=\"\" srcset=\"https:\/\/sportnautic.com\/wp-content\/uploads\/2025\/11\/Medvolt-Marine-M7-\u2013-STOCK_1-1.webp 1024w, https:\/\/sportnautic.com\/wp-content\/uploads\/2025\/11\/Medvolt-Marine-M7-\u2013-STOCK_1-1-600x400.webp 600w, https:\/\/sportnautic.com\/wp-content\/uploads\/2025\/11\/Medvolt-Marine-M7-\u2013-STOCK_1-1-300x200.webp 300w, https:\/\/sportnautic.com\/wp-content\/uploads\/2025\/11\/Medvolt-Marine-M7-\u2013-STOCK_1-1-768x512.webp 768w, https:\/\/sportnautic.com\/wp-content\/uploads\/2025\/11\/Medvolt-Marine-M7-\u2013-STOCK_1-1-165x110.webp 165w\" sizes=\"(max-width: 600px) 100vw, 600px\" \/>\t\t\t\t\t\t\t\t\t\t\t\t\t\t\t<\/div>\n\t\t\t\t<div class=\"elementor-element elementor-element-724daf5 elementor-widget elementor-widget-text-editor\" data-id=\"724daf5\" data-element_type=\"widget\" data-e-type=\"widget\" data-widget_type=\"text-editor.default\">\n\t\t\t\t\t\t\t\t\t<p>Medvolt M7<\/p>\t\t\t\t\t\t\t\t<\/div>\n\t\t\t\t<\/div>\n\t\t\t\t\t<\/div>\n\t\t\t\t<\/div>\n\t\t<div class=\"elementor-element elementor-element-ce497ed e-flex e-con-boxed e-con e-parent\" data-id=\"ce497ed\" data-element_type=\"container\" data-e-type=\"container\">\n\t\t\t\t\t<div class=\"e-con-inner\">\n\t\t\t\t<div class=\"elementor-element elementor-element-a91ef5a elementor-widget elementor-widget-spacer\" data-id=\"a91ef5a\" data-element_type=\"widget\" data-e-type=\"widget\" data-widget_type=\"spacer.default\">\n\t\t\t\t\t\t\t<div class=\"elementor-spacer\">\n\t\t\t<div class=\"elementor-spacer-inner\"><\/div>\n\t\t<\/div>\n\t\t\t\t\t\t<\/div>\n\t\t\t\t\t<\/div>\n\t\t\t\t<\/div>\n\t\t\t\t<\/div>","protected":false},"excerpt":{"rendered":"<p>Electric\u00a0engine, classic soul\u00a0Para este proyecto se ha querido unir la tradici\u00f3n y las \u00faltimas tecnolog\u00edas. Hemos desarrollado un nuevo Llaut, bas\u00e1ndose en el t\u00edpico llaut mallorqu\u00edn que ha demostrado su eficacia e idoneidad para nuestros mares durante generaciones. Y se han aplicado las m\u00e1s modernas t\u00e9cnicas de dise\u00f1o y fabricaci\u00f3n disponibles hoy en d\u00eda.\u00a0Y lo [&hellip;]<\/p>\n","protected":false},"author":1,"featured_media":0,"parent":0,"menu_order":0,"comment_status":"closed","ping_status":"closed","template":"","meta":{"footnotes":""},"class_list":["post-24711","page","type-page","status-publish","hentry"],"yoast_head":"<!-- This site is optimized with the Yoast SEO Premium plugin v27.3 (Yoast SEO v27.3) - https:\/\/yoast.com\/product\/yoast-seo-premium-wordpress\/ -->\n<title>Medvolt Marine: Innovaci\u00f3n en Llauts Tradicionales<\/title>\n<meta name=\"description\" content=\"Descubre Medvolt Marine, el nuevo llaut el\u00e9ctrico que combina tradici\u00f3n y tecnolog\u00eda para una navegaci\u00f3n sostenible y eficiente.\" \/>\n<meta name=\"robots\" content=\"index, follow, max-snippet:-1, max-image-preview:large, max-video-preview:-1\" \/>\n<link rel=\"canonical\" href=\"https:\/\/sportnautic.com\/fr\/medvolt-marine\/\" \/>\n<meta property=\"og:locale\" content=\"fr_FR\" \/>\n<meta property=\"og:type\" content=\"article\" \/>\n<meta property=\"og:title\" content=\"Barcos en venta y alquiler | SPORT NAUTIC\" \/>\n<meta property=\"og:description\" content=\"Distribuidor oficial y expertos en el mar. Barcos nuevos y de ocasi\u00f3n listos para navegar.\" \/>\n<meta property=\"og:url\" content=\"https:\/\/sportnautic.com\/fr\/medvolt-marine\/\" \/>\n<meta property=\"og:site_name\" content=\"SPORT NAUTIC\" \/>\n<meta property=\"article:publisher\" content=\"https:\/\/facebook.com\/sportnautic\" \/>\n<meta property=\"article:modified_time\" content=\"2026-02-03T15:13:55+00:00\" \/>\n<meta property=\"og:image\" content=\"https:\/\/sportnautic.com\/wp-content\/uploads\/2026\/03\/Gran-Turismo-50_5.jpg\" \/>\n\t<meta property=\"og:image:width\" content=\"1920\" \/>\n\t<meta property=\"og:image:height\" content=\"1079\" \/>\n\t<meta property=\"og:image:type\" content=\"image\/jpeg\" \/>\n<meta name=\"twitter:card\" content=\"summary_large_image\" \/>\n<meta name=\"twitter:label1\" content=\"Dur\u00e9e de lecture estim\u00e9e\" \/>\n\t<meta name=\"twitter:data1\" content=\"1 minute\" \/>\n<script type=\"application\/ld+json\" class=\"yoast-schema-graph\">{\"@context\":\"https:\\\/\\\/schema.org\",\"@graph\":[{\"@type\":\"WebPage\",\"@id\":\"https:\\\/\\\/sportnautic.com\\\/medvolt-marine\\\/\",\"url\":\"https:\\\/\\\/sportnautic.com\\\/medvolt-marine\\\/\",\"name\":\"Medvolt Marine: Innovaci\u00f3n en Llauts Tradicionales\",\"isPartOf\":{\"@id\":\"https:\\\/\\\/sportnautic.com\\\/#website\"},\"datePublished\":\"2025-11-13T16:51:04+00:00\",\"dateModified\":\"2026-02-03T15:13:55+00:00\",\"description\":\"Descubre Medvolt Marine, el nuevo llaut el\u00e9ctrico que combina tradici\u00f3n y tecnolog\u00eda para una navegaci\u00f3n sostenible y eficiente.\",\"breadcrumb\":{\"@id\":\"https:\\\/\\\/sportnautic.com\\\/medvolt-marine\\\/#breadcrumb\"},\"inLanguage\":\"fr-FR\",\"potentialAction\":[{\"@type\":\"ReadAction\",\"target\":[\"https:\\\/\\\/sportnautic.com\\\/medvolt-marine\\\/\"]}]},{\"@type\":\"BreadcrumbList\",\"@id\":\"https:\\\/\\\/sportnautic.com\\\/medvolt-marine\\\/#breadcrumb\",\"itemListElement\":[{\"@type\":\"ListItem\",\"position\":1,\"name\":\"Portada\",\"item\":\"https:\\\/\\\/sportnautic.com\\\/\"},{\"@type\":\"ListItem\",\"position\":2,\"name\":\"Medvolt Marine\"}]},{\"@type\":\"WebSite\",\"@id\":\"https:\\\/\\\/sportnautic.com\\\/#website\",\"url\":\"https:\\\/\\\/sportnautic.com\\\/\",\"name\":\"SPORT NAUTIC\",\"description\":\"\",\"publisher\":{\"@id\":\"https:\\\/\\\/sportnautic.com\\\/#organization\"},\"potentialAction\":[{\"@type\":\"SearchAction\",\"target\":{\"@type\":\"EntryPoint\",\"urlTemplate\":\"https:\\\/\\\/sportnautic.com\\\/?s={search_term_string}\"},\"query-input\":{\"@type\":\"PropertyValueSpecification\",\"valueRequired\":true,\"valueName\":\"search_term_string\"}}],\"inLanguage\":\"fr-FR\"},{\"@type\":\"Organization\",\"@id\":\"https:\\\/\\\/sportnautic.com\\\/#organization\",\"name\":\"SPORT NAUTIC\",\"url\":\"https:\\\/\\\/sportnautic.com\\\/\",\"logo\":{\"@type\":\"ImageObject\",\"inLanguage\":\"fr-FR\",\"@id\":\"https:\\\/\\\/sportnautic.com\\\/#\\\/schema\\\/logo\\\/image\\\/\",\"url\":\"https:\\\/\\\/sportnautic.com\\\/wp-content\\\/uploads\\\/2025\\\/11\\\/cropped-LOGO-REDONDO-SPORTNAUTIC-FLOTA-2-2.png\",\"contentUrl\":\"https:\\\/\\\/sportnautic.com\\\/wp-content\\\/uploads\\\/2025\\\/11\\\/cropped-LOGO-REDONDO-SPORTNAUTIC-FLOTA-2-2.png\",\"width\":512,\"height\":512,\"caption\":\"SPORT NAUTIC\"},\"image\":{\"@id\":\"https:\\\/\\\/sportnautic.com\\\/#\\\/schema\\\/logo\\\/image\\\/\"},\"sameAs\":[\"https:\\\/\\\/facebook.com\\\/sportnautic\",\"https:\\\/\\\/instagram.com\\\/sportnautic\"],\"description\":\"SPORT NAUTIC es una empresa especializada en la venta y alquiler de embarcaciones en la Comunidad Valenciana y Murcia. Ofrece barcos nuevos y de ocasi\u00f3n, servicio t\u00e9cnico y asesoramiento personalizado. Distribuidor oficial de marcas n\u00e1uticas y referente en el sector en la Comunidad Valenciana y Murcia.\",\"email\":\"info@sportnautic.com\",\"telephone\":\"+34 96 578 43 20\",\"legalName\":\"Roga Nautica S.L.\",\"foundingDate\":\"1989-01-01\",\"numberOfEmployees\":{\"@type\":\"QuantitativeValue\",\"minValue\":\"1\",\"maxValue\":\"10\"}}]}<\/script>\n<!-- \/ Yoast SEO Premium plugin. -->","yoast_head_json":{"title":"Medvolt Marine: Innovaci\u00f3n en Llauts Tradicionales","description":"Descubre Medvolt Marine, el nuevo llaut el\u00e9ctrico que combina tradici\u00f3n y tecnolog\u00eda para una navegaci\u00f3n sostenible y eficiente.","robots":{"index":"index","follow":"follow","max-snippet":"max-snippet:-1","max-image-preview":"max-image-preview:large","max-video-preview":"max-video-preview:-1"},"canonical":"https:\/\/sportnautic.com\/fr\/medvolt-marine\/","og_locale":"fr_FR","og_type":"article","og_title":"Barcos en venta y alquiler | SPORT NAUTIC","og_description":"Distribuidor oficial y expertos en el mar. Barcos nuevos y de ocasi\u00f3n listos para navegar.","og_url":"https:\/\/sportnautic.com\/fr\/medvolt-marine\/","og_site_name":"SPORT NAUTIC","article_publisher":"https:\/\/facebook.com\/sportnautic","article_modified_time":"2026-02-03T15:13:55+00:00","og_image":[{"width":1920,"height":1079,"url":"https:\/\/sportnautic.com\/wp-content\/uploads\/2026\/03\/Gran-Turismo-50_5.jpg","type":"image\/jpeg"}],"twitter_card":"summary_large_image","twitter_misc":{"Dur\u00e9e de lecture estim\u00e9e":"1 minute"},"schema":{"@context":"https:\/\/schema.org","@graph":[{"@type":"WebPage","@id":"https:\/\/sportnautic.com\/medvolt-marine\/","url":"https:\/\/sportnautic.com\/medvolt-marine\/","name":"Medvolt Marine: Innovaci\u00f3n en Llauts Tradicionales","isPartOf":{"@id":"https:\/\/sportnautic.com\/#website"},"datePublished":"2025-11-13T16:51:04+00:00","dateModified":"2026-02-03T15:13:55+00:00","description":"Descubre Medvolt Marine, el nuevo llaut el\u00e9ctrico que combina tradici\u00f3n y tecnolog\u00eda para una navegaci\u00f3n sostenible y eficiente.","breadcrumb":{"@id":"https:\/\/sportnautic.com\/medvolt-marine\/#breadcrumb"},"inLanguage":"fr-FR","potentialAction":[{"@type":"ReadAction","target":["https:\/\/sportnautic.com\/medvolt-marine\/"]}]},{"@type":"BreadcrumbList","@id":"https:\/\/sportnautic.com\/medvolt-marine\/#breadcrumb","itemListElement":[{"@type":"ListItem","position":1,"name":"Portada","item":"https:\/\/sportnautic.com\/"},{"@type":"ListItem","position":2,"name":"Medvolt Marine"}]},{"@type":"WebSite","@id":"https:\/\/sportnautic.com\/#website","url":"https:\/\/sportnautic.com\/","name":"SPORT NAUTIC","description":"","publisher":{"@id":"https:\/\/sportnautic.com\/#organization"},"potentialAction":[{"@type":"SearchAction","target":{"@type":"EntryPoint","urlTemplate":"https:\/\/sportnautic.com\/?s={search_term_string}"},"query-input":{"@type":"PropertyValueSpecification","valueRequired":true,"valueName":"search_term_string"}}],"inLanguage":"fr-FR"},{"@type":"Organization","@id":"https:\/\/sportnautic.com\/#organization","name":"SPORT NAUTIC","url":"https:\/\/sportnautic.com\/","logo":{"@type":"ImageObject","inLanguage":"fr-FR","@id":"https:\/\/sportnautic.com\/#\/schema\/logo\/image\/","url":"https:\/\/sportnautic.com\/wp-content\/uploads\/2025\/11\/cropped-LOGO-REDONDO-SPORTNAUTIC-FLOTA-2-2.png","contentUrl":"https:\/\/sportnautic.com\/wp-content\/uploads\/2025\/11\/cropped-LOGO-REDONDO-SPORTNAUTIC-FLOTA-2-2.png","width":512,"height":512,"caption":"SPORT NAUTIC"},"image":{"@id":"https:\/\/sportnautic.com\/#\/schema\/logo\/image\/"},"sameAs":["https:\/\/facebook.com\/sportnautic","https:\/\/instagram.com\/sportnautic"],"description":"SPORT NAUTIC es una empresa especializada en la venta y alquiler de embarcaciones en la Comunidad Valenciana y Murcia. Ofrece barcos nuevos y de ocasi\u00f3n, servicio t\u00e9cnico y asesoramiento personalizado. Distribuidor oficial de marcas n\u00e1uticas y referente en el sector en la Comunidad Valenciana y Murcia.","email":"info@sportnautic.com","telephone":"+34 96 578 43 20","legalName":"Roga Nautica S.L.","foundingDate":"1989-01-01","numberOfEmployees":{"@type":"QuantitativeValue","minValue":"1","maxValue":"10"}}]}},"jetpack_sharing_enabled":true,"_links":{"self":[{"href":"https:\/\/sportnautic.com\/fr\/wp-json\/wp\/v2\/pages\/24711","targetHints":{"allow":["GET"]}}],"collection":[{"href":"https:\/\/sportnautic.com\/fr\/wp-json\/wp\/v2\/pages"}],"about":[{"href":"https:\/\/sportnautic.com\/fr\/wp-json\/wp\/v2\/types\/page"}],"author":[{"embeddable":true,"href":"https:\/\/sportnautic.com\/fr\/wp-json\/wp\/v2\/users\/1"}],"replies":[{"embeddable":true,"href":"https:\/\/sportnautic.com\/fr\/wp-json\/wp\/v2\/comments?post=24711"}],"version-history":[{"count":7,"href":"https:\/\/sportnautic.com\/fr\/wp-json\/wp\/v2\/pages\/24711\/revisions"}],"predecessor-version":[{"id":24720,"href":"https:\/\/sportnautic.com\/fr\/wp-json\/wp\/v2\/pages\/24711\/revisions\/24720"}],"wp:attachment":[{"href":"https:\/\/sportnautic.com\/fr\/wp-json\/wp\/v2\/media?parent=24711"}],"curies":[{"name":"wp","href":"https:\/\/api.w.org\/{rel}","templated":true}]}}