{"id":23445,"date":"2025-11-12T15:08:45","date_gmt":"2025-11-12T14:08:45","guid":{"rendered":"https:\/\/sportnautic.com\/?page_id=23445"},"modified":"2026-04-01T12:56:16","modified_gmt":"2026-04-01T10:56:16","slug":"amarres-denia","status":"publish","type":"page","link":"https:\/\/sportnautic.com\/fr\/amarres\/amarres-denia\/","title":{"rendered":"Amarrages Denia"},"content":{"rendered":"<div data-elementor-type=\"wp-page\" data-elementor-id=\"23445\" class=\"elementor elementor-23445\" data-elementor-post-type=\"page\">\n\t\t\t\t<div class=\"elementor-element elementor-element-58f561f e-flex e-con-boxed e-con e-parent\" data-id=\"58f561f\" data-element_type=\"container\" data-e-type=\"container\">\n\t\t\t\t\t<div class=\"e-con-inner\">\n\t\t\t\t\t<\/div>\n\t\t\t\t<\/div>\n\t\t<div class=\"elementor-element elementor-element-bb07a23 e-flex e-con-boxed e-con e-parent\" data-id=\"bb07a23\" data-element_type=\"container\" data-e-type=\"container\">\n\t\t\t\t\t<div class=\"e-con-inner\">\n\t\t\t\t<div class=\"elementor-element elementor-element-de20d90 elementor-widget elementor-widget-heading\" data-id=\"de20d90\" data-element_type=\"widget\" data-e-type=\"widget\" data-widget_type=\"heading.default\">\n\t\t\t\t\t<h2 class=\"elementor-heading-title elementor-size-default\">Amarrages \u00e0 D\u00e9nia<\/h2>\t\t\t\t<\/div>\n\t\t\t\t<div class=\"elementor-element elementor-element-da2f623 elementor-widget elementor-widget-text-editor\" data-id=\"da2f623\" data-element_type=\"widget\" data-e-type=\"widget\" data-widget_type=\"text-editor.default\">\n\t\t\t\t\t\t\t\t\t<p style=\"text-align: center;\">Nous vous proposons des amarrages \u00e0 vendre dans l'une des zones nautiques les plus demand\u00e9es de la M\u00e9diterran\u00e9e. V\u00e9rifiez la disponibilit\u00e9 actuelle dans les diff\u00e9rents ports de Denia et n'h\u00e9sitez pas \u00e0 nous contacter pour de futurs ajouts.<\/p>\t\t\t\t\t\t\t\t<\/div>\n\t\t<div class=\"elementor-element elementor-element-747bc4f e-con-full e-flex e-con e-child\" data-id=\"747bc4f\" data-element_type=\"container\" data-e-type=\"container\">\n\t\t\t\t<div class=\"elementor-element elementor-element-50160e3 elementor-widget elementor-widget-text-editor\" data-id=\"50160e3\" data-element_type=\"widget\" data-e-type=\"widget\" data-widget_type=\"text-editor.default\">\n\t\t\t\t\t\t\t\t\t<p style=\"text-align: center;\"><strong>Real Club N\u00e1utico de Denia<\/strong><\/p>\t\t\t\t\t\t\t\t<\/div>\n\t\t\t\t<\/div>\n\t\t\t\t\t<\/div>\n\t\t\t\t<\/div>\n\t\t<div class=\"elementor-element elementor-element-c81934c e-flex e-con-boxed e-con e-parent\" data-id=\"c81934c\" data-element_type=\"container\" data-e-type=\"container\">\n\t\t\t\t\t<div class=\"e-con-inner\">\n\t\t<div class=\"elementor-element elementor-element-88b1293 e-con-full e-flex e-con e-child\" data-id=\"88b1293\" data-element_type=\"container\" data-e-type=\"container\">\n\t\t\t\t<div class=\"elementor-element elementor-element-df812f2 elementor-widget elementor-widget-image\" data-id=\"df812f2\" data-element_type=\"widget\" data-e-type=\"widget\" data-widget_type=\"image.default\">\n\t\t\t\t\t\t\t\t\t\t\t\t\t\t\t<img fetchpriority=\"high\" decoding=\"async\" width=\"600\" height=\"450\" src=\"https:\/\/sportnautic.com\/wp-content\/uploads\/2025\/12\/unnamed.jpg\" class=\"attachment-large size-large wp-image-25948\" alt=\"\" srcset=\"https:\/\/sportnautic.com\/wp-content\/uploads\/2025\/12\/unnamed.jpg 680w, https:\/\/sportnautic.com\/wp-content\/uploads\/2025\/12\/unnamed-600x450.jpg 600w, https:\/\/sportnautic.com\/wp-content\/uploads\/2025\/12\/unnamed-300x225.jpg 300w, https:\/\/sportnautic.com\/wp-content\/uploads\/2025\/12\/unnamed-16x12.jpg 16w, https:\/\/sportnautic.com\/wp-content\/uploads\/2025\/12\/unnamed-165x124.jpg 165w\" sizes=\"(max-width: 600px) 100vw, 600px\" \/>\t\t\t\t\t\t\t\t\t\t\t\t\t\t\t<\/div>\n\t\t\t\t<div class=\"elementor-element elementor-element-cda908d elementor-widget elementor-widget-text-editor\" data-id=\"cda908d\" data-element_type=\"widget\" data-e-type=\"widget\" data-widget_type=\"text-editor.default\">\n\t\t\t\t\t\t\t\t\t<p style=\"text-align: center;\"><strong>REF 001<\/strong><\/p><p><strong>Pantalan: 3<\/strong><\/p><p><strong>Medidas:<\/strong> 12 m x 4,50 m<\/p><p><strong>Prix<\/strong>: 50.000 \u20ac<\/p><p><strong>Localisation<\/strong>: <a href=\"https:\/\/maps.app.goo.gl\/yLbntn1TTNifnyXo6\">Real Club N\u00e1utico de D\u00e9nia.<\/a><\/p>\t\t\t\t\t\t\t\t<\/div>\n\t\t\t\t<\/div>\n\t\t<div class=\"elementor-element elementor-element-a362024 e-con-full e-flex e-con e-child\" data-id=\"a362024\" data-element_type=\"container\" data-e-type=\"container\">\n\t\t\t\t<\/div>\n\t\t<div class=\"elementor-element elementor-element-f4e9d7c e-con-full e-flex e-con e-child\" data-id=\"f4e9d7c\" data-element_type=\"container\" data-e-type=\"container\">\n\t\t\t\t<\/div>\n\t\t<div class=\"elementor-element elementor-element-2ebe7dd e-con-full e-flex e-con e-child\" data-id=\"2ebe7dd\" data-element_type=\"container\" data-e-type=\"container\">\n\t\t\t\t<\/div>\n\t\t\t\t\t<\/div>\n\t\t\t\t<\/div>\n\t\t<div class=\"elementor-element elementor-element-673d7be e-flex e-con-boxed e-con e-parent\" data-id=\"673d7be\" data-element_type=\"container\" data-e-type=\"container\">\n\t\t\t\t\t<div class=\"e-con-inner\">\n\t\t<div class=\"elementor-element elementor-element-4aca2f4 e-con-full e-flex e-con e-child\" data-id=\"4aca2f4\" data-element_type=\"container\" data-e-type=\"container\">\n\t\t\t\t<div class=\"elementor-element elementor-element-45e7dff elementor-widget elementor-widget-text-editor\" data-id=\"45e7dff\" data-element_type=\"widget\" data-e-type=\"widget\" data-widget_type=\"text-editor.default\">\n\t\t\t\t\t\t\t\t\t<p style=\"text-align: center;\"><strong>Marina de Denia<\/strong><\/p>\t\t\t\t\t\t\t\t<\/div>\n\t\t\t\t<\/div>\n\t\t\t\t\t<\/div>\n\t\t\t\t<\/div>\n\t\t<div class=\"elementor-element elementor-element-745031b e-flex e-con-boxed e-con e-parent\" data-id=\"745031b\" data-element_type=\"container\" data-e-type=\"container\">\n\t\t\t\t\t<div class=\"e-con-inner\">\n\t\t<div class=\"elementor-element elementor-element-7f2b282 e-con-full e-flex e-con e-child\" data-id=\"7f2b282\" data-element_type=\"container\" data-e-type=\"container\">\n\t\t\t\t<div class=\"elementor-element elementor-element-317fd5e elementor-widget elementor-widget-image\" data-id=\"317fd5e\" data-element_type=\"widget\" data-e-type=\"widget\" data-widget_type=\"image.default\">\n\t\t\t\t\t\t\t\t\t\t\t\t\t\t\t<img fetchpriority=\"high\" decoding=\"async\" width=\"600\" height=\"450\" src=\"https:\/\/sportnautic.com\/wp-content\/uploads\/2025\/12\/unnamed.jpg\" class=\"attachment-large size-large wp-image-25948\" alt=\"\" srcset=\"https:\/\/sportnautic.com\/wp-content\/uploads\/2025\/12\/unnamed.jpg 680w, https:\/\/sportnautic.com\/wp-content\/uploads\/2025\/12\/unnamed-600x450.jpg 600w, https:\/\/sportnautic.com\/wp-content\/uploads\/2025\/12\/unnamed-300x225.jpg 300w, https:\/\/sportnautic.com\/wp-content\/uploads\/2025\/12\/unnamed-16x12.jpg 16w, https:\/\/sportnautic.com\/wp-content\/uploads\/2025\/12\/unnamed-165x124.jpg 165w\" sizes=\"(max-width: 600px) 100vw, 600px\" \/>\t\t\t\t\t\t\t\t\t\t\t\t\t\t\t<\/div>\n\t\t\t\t<div class=\"elementor-element elementor-element-bf198c4 elementor-widget elementor-widget-text-editor\" data-id=\"bf198c4\" data-element_type=\"widget\" data-e-type=\"widget\" data-widget_type=\"text-editor.default\">\n\t\t\t\t\t\t\t\t\t<p style=\"text-align: center;\"><strong>REF 002<\/strong><\/p><p><strong>Pantalan: E-34<\/strong><\/p><p><strong>Medidas:<\/strong> 12 m x 4 m<\/p><p><strong>Prix<\/strong>: 35.000 \u20ac<\/p><p><strong>Localisation<\/strong>: <a href=\"https:\/\/maps.app.goo.gl\/wF3Th3SG8LYMHZU3A\">Marina\u00a0de D\u00e9nia.<\/a><\/p>\t\t\t\t\t\t\t\t<\/div>\n\t\t\t\t<\/div>\n\t\t<div class=\"elementor-element elementor-element-9749092 e-con-full e-flex e-con e-child\" data-id=\"9749092\" data-element_type=\"container\" data-e-type=\"container\">\n\t\t\t\t<\/div>\n\t\t<div class=\"elementor-element elementor-element-81cc751 e-con-full e-flex e-con e-child\" data-id=\"81cc751\" data-element_type=\"container\" data-e-type=\"container\">\n\t\t\t\t<\/div>\n\t\t<div class=\"elementor-element elementor-element-5d4a14d e-con-full e-flex e-con e-child\" data-id=\"5d4a14d\" data-element_type=\"container\" data-e-type=\"container\">\n\t\t\t\t<\/div>\n\t\t\t\t\t<\/div>\n\t\t\t\t<\/div>\n\t\t\t\t<\/div>","protected":false},"excerpt":{"rendered":"<p>Amarres en D\u00e9nia Ponemos a tu disposici\u00f3n amarres en venta en una de las zonas n\u00e1uticas m\u00e1s demandadas del Mediterr\u00e1neo. Consulta la disponibilidad actual en los distintos puertos de D\u00e9nia y no dudes en contactarnos para conocer futuras incorporaciones. Real Club N\u00e1utico de Denia REF 001 Pantalan: 3 Medidas: 12 m x 4,50 m Precio: [&hellip;]<\/p>\n","protected":false},"author":1,"featured_media":0,"parent":23443,"menu_order":0,"comment_status":"closed","ping_status":"closed","template":"","meta":{"footnotes":""},"class_list":["post-23445","page","type-page","status-publish","hentry"],"yoast_head":"<!-- This site is optimized with the Yoast SEO Premium plugin v27.3 (Yoast SEO v27.3) - https:\/\/yoast.com\/product\/yoast-seo-premium-wordpress\/ -->\n<title>Amarres en Denia: consulta disponibilidad actual<\/title>\n<meta name=\"description\" content=\"Encuentra amarres en Denia a la venta. Te ofrecemos opciones en el Real Club N\u00e1utico de Denia, Marina de Denia... Contacta con nosotros.\" \/>\n<meta name=\"robots\" content=\"index, follow, max-snippet:-1, max-image-preview:large, max-video-preview:-1\" \/>\n<link rel=\"canonical\" href=\"https:\/\/sportnautic.com\/fr\/amarres\/amarres-denia\/\" \/>\n<meta property=\"og:locale\" content=\"fr_FR\" \/>\n<meta property=\"og:type\" content=\"article\" \/>\n<meta property=\"og:title\" content=\"Barcos en venta y alquiler | SPORT NAUTIC\" \/>\n<meta property=\"og:description\" content=\"Distribuidor oficial y expertos en el mar. Barcos nuevos y de ocasi\u00f3n listos para navegar.\" \/>\n<meta property=\"og:url\" content=\"https:\/\/sportnautic.com\/fr\/amarres\/amarres-denia\/\" \/>\n<meta property=\"og:site_name\" content=\"SPORT NAUTIC\" \/>\n<meta property=\"article:publisher\" content=\"https:\/\/facebook.com\/sportnautic\" \/>\n<meta property=\"article:modified_time\" content=\"2026-04-01T10:56:16+00:00\" \/>\n<meta property=\"og:image\" content=\"https:\/\/sportnautic.com\/wp-content\/uploads\/2025\/12\/unnamed.jpg\" \/>\n\t<meta property=\"og:image:width\" content=\"680\" \/>\n\t<meta property=\"og:image:height\" content=\"510\" \/>\n\t<meta property=\"og:image:type\" content=\"image\/jpeg\" \/>\n<meta name=\"twitter:card\" content=\"summary_large_image\" \/>\n<meta name=\"twitter:label1\" content=\"Dur\u00e9e de lecture estim\u00e9e\" \/>\n\t<meta name=\"twitter:data1\" content=\"1 minute\" \/>\n<script type=\"application\/ld+json\" class=\"yoast-schema-graph\">{\"@context\":\"https:\\\/\\\/schema.org\",\"@graph\":[{\"@type\":\"WebPage\",\"@id\":\"https:\\\/\\\/sportnautic.com\\\/amarres\\\/amarres-denia\\\/\",\"url\":\"https:\\\/\\\/sportnautic.com\\\/amarres\\\/amarres-denia\\\/\",\"name\":\"Amarres en Denia: consulta disponibilidad actual\",\"isPartOf\":{\"@id\":\"https:\\\/\\\/sportnautic.com\\\/#website\"},\"primaryImageOfPage\":{\"@id\":\"https:\\\/\\\/sportnautic.com\\\/amarres\\\/amarres-denia\\\/#primaryimage\"},\"image\":{\"@id\":\"https:\\\/\\\/sportnautic.com\\\/amarres\\\/amarres-denia\\\/#primaryimage\"},\"thumbnailUrl\":\"https:\\\/\\\/sportnautic.com\\\/wp-content\\\/uploads\\\/2025\\\/12\\\/unnamed.jpg\",\"datePublished\":\"2025-11-12T14:08:45+00:00\",\"dateModified\":\"2026-04-01T10:56:16+00:00\",\"description\":\"Encuentra amarres en Denia a la venta. Te ofrecemos opciones en el Real Club N\u00e1utico de Denia, Marina de Denia... Contacta con nosotros.\",\"breadcrumb\":{\"@id\":\"https:\\\/\\\/sportnautic.com\\\/amarres\\\/amarres-denia\\\/#breadcrumb\"},\"inLanguage\":\"fr-FR\",\"potentialAction\":[{\"@type\":\"ReadAction\",\"target\":[\"https:\\\/\\\/sportnautic.com\\\/amarres\\\/amarres-denia\\\/\"]}]},{\"@type\":\"ImageObject\",\"inLanguage\":\"fr-FR\",\"@id\":\"https:\\\/\\\/sportnautic.com\\\/amarres\\\/amarres-denia\\\/#primaryimage\",\"url\":\"https:\\\/\\\/sportnautic.com\\\/wp-content\\\/uploads\\\/2025\\\/12\\\/unnamed.jpg\",\"contentUrl\":\"https:\\\/\\\/sportnautic.com\\\/wp-content\\\/uploads\\\/2025\\\/12\\\/unnamed.jpg\"},{\"@type\":\"BreadcrumbList\",\"@id\":\"https:\\\/\\\/sportnautic.com\\\/amarres\\\/amarres-denia\\\/#breadcrumb\",\"itemListElement\":[{\"@type\":\"ListItem\",\"position\":1,\"name\":\"Portada\",\"item\":\"https:\\\/\\\/sportnautic.com\\\/\"},{\"@type\":\"ListItem\",\"position\":2,\"name\":\"Amarres\",\"item\":\"https:\\\/\\\/sportnautic.com\\\/amarres\\\/\"},{\"@type\":\"ListItem\",\"position\":3,\"name\":\"Amarres Denia\"}]},{\"@type\":\"WebSite\",\"@id\":\"https:\\\/\\\/sportnautic.com\\\/#website\",\"url\":\"https:\\\/\\\/sportnautic.com\\\/\",\"name\":\"SPORT NAUTIC\",\"description\":\"\",\"publisher\":{\"@id\":\"https:\\\/\\\/sportnautic.com\\\/#organization\"},\"potentialAction\":[{\"@type\":\"SearchAction\",\"target\":{\"@type\":\"EntryPoint\",\"urlTemplate\":\"https:\\\/\\\/sportnautic.com\\\/?s={search_term_string}\"},\"query-input\":{\"@type\":\"PropertyValueSpecification\",\"valueRequired\":true,\"valueName\":\"search_term_string\"}}],\"inLanguage\":\"fr-FR\"},{\"@type\":\"Organization\",\"@id\":\"https:\\\/\\\/sportnautic.com\\\/#organization\",\"name\":\"SPORT NAUTIC\",\"url\":\"https:\\\/\\\/sportnautic.com\\\/\",\"logo\":{\"@type\":\"ImageObject\",\"inLanguage\":\"fr-FR\",\"@id\":\"https:\\\/\\\/sportnautic.com\\\/#\\\/schema\\\/logo\\\/image\\\/\",\"url\":\"https:\\\/\\\/sportnautic.com\\\/wp-content\\\/uploads\\\/2025\\\/11\\\/cropped-LOGO-REDONDO-SPORTNAUTIC-FLOTA-2-2.png\",\"contentUrl\":\"https:\\\/\\\/sportnautic.com\\\/wp-content\\\/uploads\\\/2025\\\/11\\\/cropped-LOGO-REDONDO-SPORTNAUTIC-FLOTA-2-2.png\",\"width\":512,\"height\":512,\"caption\":\"SPORT NAUTIC\"},\"image\":{\"@id\":\"https:\\\/\\\/sportnautic.com\\\/#\\\/schema\\\/logo\\\/image\\\/\"},\"sameAs\":[\"https:\\\/\\\/facebook.com\\\/sportnautic\",\"https:\\\/\\\/instagram.com\\\/sportnautic\"],\"description\":\"SPORT NAUTIC es una empresa especializada en la venta y alquiler de embarcaciones en la Comunidad Valenciana y Murcia. Ofrece barcos nuevos y de ocasi\u00f3n, servicio t\u00e9cnico y asesoramiento personalizado. Distribuidor oficial de marcas n\u00e1uticas y referente en el sector en la Comunidad Valenciana y Murcia.\",\"email\":\"info@sportnautic.com\",\"telephone\":\"+34 96 578 43 20\",\"legalName\":\"Roga Nautica S.L.\",\"foundingDate\":\"1989-01-01\",\"numberOfEmployees\":{\"@type\":\"QuantitativeValue\",\"minValue\":\"1\",\"maxValue\":\"10\"}}]}<\/script>\n<!-- \/ Yoast SEO Premium plugin. -->","yoast_head_json":{"title":"Amarres en Denia: consulta disponibilidad actual","description":"Encuentra amarres en Denia a la venta. Te ofrecemos opciones en el Real Club N\u00e1utico de Denia, Marina de Denia... Contacta con nosotros.","robots":{"index":"index","follow":"follow","max-snippet":"max-snippet:-1","max-image-preview":"max-image-preview:large","max-video-preview":"max-video-preview:-1"},"canonical":"https:\/\/sportnautic.com\/fr\/amarres\/amarres-denia\/","og_locale":"fr_FR","og_type":"article","og_title":"Barcos en venta y alquiler | SPORT NAUTIC","og_description":"Distribuidor oficial y expertos en el mar. Barcos nuevos y de ocasi\u00f3n listos para navegar.","og_url":"https:\/\/sportnautic.com\/fr\/amarres\/amarres-denia\/","og_site_name":"SPORT NAUTIC","article_publisher":"https:\/\/facebook.com\/sportnautic","article_modified_time":"2026-04-01T10:56:16+00:00","og_image":[{"width":680,"height":510,"url":"https:\/\/sportnautic.com\/wp-content\/uploads\/2025\/12\/unnamed.jpg","type":"image\/jpeg"}],"twitter_card":"summary_large_image","twitter_misc":{"Dur\u00e9e de lecture estim\u00e9e":"1 minute"},"schema":{"@context":"https:\/\/schema.org","@graph":[{"@type":"WebPage","@id":"https:\/\/sportnautic.com\/amarres\/amarres-denia\/","url":"https:\/\/sportnautic.com\/amarres\/amarres-denia\/","name":"Amarres en Denia: consulta disponibilidad actual","isPartOf":{"@id":"https:\/\/sportnautic.com\/#website"},"primaryImageOfPage":{"@id":"https:\/\/sportnautic.com\/amarres\/amarres-denia\/#primaryimage"},"image":{"@id":"https:\/\/sportnautic.com\/amarres\/amarres-denia\/#primaryimage"},"thumbnailUrl":"https:\/\/sportnautic.com\/wp-content\/uploads\/2025\/12\/unnamed.jpg","datePublished":"2025-11-12T14:08:45+00:00","dateModified":"2026-04-01T10:56:16+00:00","description":"Encuentra amarres en Denia a la venta. Te ofrecemos opciones en el Real Club N\u00e1utico de Denia, Marina de Denia... Contacta con nosotros.","breadcrumb":{"@id":"https:\/\/sportnautic.com\/amarres\/amarres-denia\/#breadcrumb"},"inLanguage":"fr-FR","potentialAction":[{"@type":"ReadAction","target":["https:\/\/sportnautic.com\/amarres\/amarres-denia\/"]}]},{"@type":"ImageObject","inLanguage":"fr-FR","@id":"https:\/\/sportnautic.com\/amarres\/amarres-denia\/#primaryimage","url":"https:\/\/sportnautic.com\/wp-content\/uploads\/2025\/12\/unnamed.jpg","contentUrl":"https:\/\/sportnautic.com\/wp-content\/uploads\/2025\/12\/unnamed.jpg"},{"@type":"BreadcrumbList","@id":"https:\/\/sportnautic.com\/amarres\/amarres-denia\/#breadcrumb","itemListElement":[{"@type":"ListItem","position":1,"name":"Portada","item":"https:\/\/sportnautic.com\/"},{"@type":"ListItem","position":2,"name":"Amarres","item":"https:\/\/sportnautic.com\/amarres\/"},{"@type":"ListItem","position":3,"name":"Amarres Denia"}]},{"@type":"WebSite","@id":"https:\/\/sportnautic.com\/#website","url":"https:\/\/sportnautic.com\/","name":"SPORT NAUTIC","description":"","publisher":{"@id":"https:\/\/sportnautic.com\/#organization"},"potentialAction":[{"@type":"SearchAction","target":{"@type":"EntryPoint","urlTemplate":"https:\/\/sportnautic.com\/?s={search_term_string}"},"query-input":{"@type":"PropertyValueSpecification","valueRequired":true,"valueName":"search_term_string"}}],"inLanguage":"fr-FR"},{"@type":"Organization","@id":"https:\/\/sportnautic.com\/#organization","name":"SPORT NAUTIC","url":"https:\/\/sportnautic.com\/","logo":{"@type":"ImageObject","inLanguage":"fr-FR","@id":"https:\/\/sportnautic.com\/#\/schema\/logo\/image\/","url":"https:\/\/sportnautic.com\/wp-content\/uploads\/2025\/11\/cropped-LOGO-REDONDO-SPORTNAUTIC-FLOTA-2-2.png","contentUrl":"https:\/\/sportnautic.com\/wp-content\/uploads\/2025\/11\/cropped-LOGO-REDONDO-SPORTNAUTIC-FLOTA-2-2.png","width":512,"height":512,"caption":"SPORT NAUTIC"},"image":{"@id":"https:\/\/sportnautic.com\/#\/schema\/logo\/image\/"},"sameAs":["https:\/\/facebook.com\/sportnautic","https:\/\/instagram.com\/sportnautic"],"description":"SPORT NAUTIC es una empresa especializada en la venta y alquiler de embarcaciones en la Comunidad Valenciana y Murcia. Ofrece barcos nuevos y de ocasi\u00f3n, servicio t\u00e9cnico y asesoramiento personalizado. Distribuidor oficial de marcas n\u00e1uticas y referente en el sector en la Comunidad Valenciana y Murcia.","email":"info@sportnautic.com","telephone":"+34 96 578 43 20","legalName":"Roga Nautica S.L.","foundingDate":"1989-01-01","numberOfEmployees":{"@type":"QuantitativeValue","minValue":"1","maxValue":"10"}}]}},"jetpack_sharing_enabled":true,"_links":{"self":[{"href":"https:\/\/sportnautic.com\/fr\/wp-json\/wp\/v2\/pages\/23445","targetHints":{"allow":["GET"]}}],"collection":[{"href":"https:\/\/sportnautic.com\/fr\/wp-json\/wp\/v2\/pages"}],"about":[{"href":"https:\/\/sportnautic.com\/fr\/wp-json\/wp\/v2\/types\/page"}],"author":[{"embeddable":true,"href":"https:\/\/sportnautic.com\/fr\/wp-json\/wp\/v2\/users\/1"}],"replies":[{"embeddable":true,"href":"https:\/\/sportnautic.com\/fr\/wp-json\/wp\/v2\/comments?post=23445"}],"version-history":[{"count":23,"href":"https:\/\/sportnautic.com\/fr\/wp-json\/wp\/v2\/pages\/23445\/revisions"}],"predecessor-version":[{"id":29521,"href":"https:\/\/sportnautic.com\/fr\/wp-json\/wp\/v2\/pages\/23445\/revisions\/29521"}],"up":[{"embeddable":true,"href":"https:\/\/sportnautic.com\/fr\/wp-json\/wp\/v2\/pages\/23443"}],"wp:attachment":[{"href":"https:\/\/sportnautic.com\/fr\/wp-json\/wp\/v2\/media?parent=23445"}],"curies":[{"name":"wp","href":"https:\/\/api.w.org\/{rel}","templated":true}]}}