{"id":25959,"date":"2025-12-17T11:06:51","date_gmt":"2025-12-17T10:06:51","guid":{"rendered":"https:\/\/sportnautic.com\/?page_id=25959"},"modified":"2026-03-03T16:13:50","modified_gmt":"2026-03-03T15:13:50","slug":"amarres-valencia","status":"publish","type":"page","link":"https:\/\/sportnautic.com\/en\/amarres\/amarres-valencia\/","title":{"rendered":"Valencia Moorings"},"content":{"rendered":"<div data-elementor-type=\"wp-page\" data-elementor-id=\"25959\" class=\"elementor elementor-25959\" data-elementor-post-type=\"page\">\n\t\t\t\t<div class=\"elementor-element elementor-element-58f561f e-flex e-con-boxed e-con e-parent\" data-id=\"58f561f\" data-element_type=\"container\" data-e-type=\"container\">\n\t\t\t\t\t<div class=\"e-con-inner\">\n\t\t\t\t\t<\/div>\n\t\t\t\t<\/div>\n\t\t<div class=\"elementor-element elementor-element-bb07a23 e-flex e-con-boxed e-con e-parent\" data-id=\"bb07a23\" data-element_type=\"container\" data-e-type=\"container\">\n\t\t\t\t\t<div class=\"e-con-inner\">\n\t\t\t\t<div class=\"elementor-element elementor-element-de20d90 elementor-widget elementor-widget-heading\" data-id=\"de20d90\" data-element_type=\"widget\" data-e-type=\"widget\" data-widget_type=\"heading.default\">\n\t\t\t\t\t<h2 class=\"elementor-heading-title elementor-size-default\">Amarres en Valencia<\/h2>\t\t\t\t<\/div>\n\t\t\t\t<div class=\"elementor-element elementor-element-da2f623 elementor-widget elementor-widget-text-editor\" data-id=\"da2f623\" data-element_type=\"widget\" data-e-type=\"widget\" data-widget_type=\"text-editor.default\">\n\t\t\t\t\t\t\t\t\t<p style=\"text-align: center;\">Ponemos a tu disposici\u00f3n amarres en venta en una de las zonas n\u00e1uticas m\u00e1s codiciadas del Mediterr\u00e1neo. Consulta la disponibilidad actual en los distintos puertos de Valencia y no dudes en contactarnos para conocer futuras incorporaciones.<\/p>\t\t\t\t\t\t\t\t<\/div>\n\t\t<div class=\"elementor-element elementor-element-747bc4f e-con-full e-flex e-con e-child\" data-id=\"747bc4f\" data-element_type=\"container\" data-e-type=\"container\">\n\t\t\t\t<div class=\"elementor-element elementor-element-50160e3 elementor-widget elementor-widget-text-editor\" data-id=\"50160e3\" data-element_type=\"widget\" data-e-type=\"widget\" data-widget_type=\"text-editor.default\">\n\t\t\t\t\t\t\t\t\t<p style=\"text-align: center;\"><strong>Real Club Nautico de Valencia<\/strong><\/p>\t\t\t\t\t\t\t\t<\/div>\n\t\t\t\t<\/div>\n\t\t\t\t\t<\/div>\n\t\t\t\t<\/div>\n\t\t<div class=\"elementor-element elementor-element-c81934c e-flex e-con-boxed e-con e-parent\" data-id=\"c81934c\" data-element_type=\"container\" data-e-type=\"container\">\n\t\t\t\t\t<div class=\"e-con-inner\">\n\t\t<div class=\"elementor-element elementor-element-88b1293 e-con-full e-flex e-con e-child\" data-id=\"88b1293\" data-element_type=\"container\" data-e-type=\"container\">\n\t\t\t\t<div class=\"elementor-element elementor-element-df812f2 elementor-widget elementor-widget-image\" data-id=\"df812f2\" data-element_type=\"widget\" data-e-type=\"widget\" data-widget_type=\"image.default\">\n\t\t\t\t\t\t\t\t\t\t\t\t\t\t\t<img fetchpriority=\"high\" decoding=\"async\" width=\"600\" height=\"440\" src=\"https:\/\/sportnautic.com\/wp-content\/uploads\/2025\/12\/unnamed-2.jpg\" class=\"attachment-large size-large wp-image-25961\" alt=\"\" srcset=\"https:\/\/sportnautic.com\/wp-content\/uploads\/2025\/12\/unnamed-2.jpg 680w, https:\/\/sportnautic.com\/wp-content\/uploads\/2025\/12\/unnamed-2-600x440.jpg 600w, https:\/\/sportnautic.com\/wp-content\/uploads\/2025\/12\/unnamed-2-300x220.jpg 300w, https:\/\/sportnautic.com\/wp-content\/uploads\/2025\/12\/unnamed-2-16x12.jpg 16w, https:\/\/sportnautic.com\/wp-content\/uploads\/2025\/12\/unnamed-2-165x121.jpg 165w\" sizes=\"(max-width: 600px) 100vw, 600px\" \/>\t\t\t\t\t\t\t\t\t\t\t\t\t\t\t<\/div>\n\t\t\t\t<div class=\"elementor-element elementor-element-cda908d elementor-widget elementor-widget-text-editor\" data-id=\"cda908d\" data-element_type=\"widget\" data-e-type=\"widget\" data-widget_type=\"text-editor.default\">\n\t\t\t\t\t\t\t\t\t<p style=\"text-align: center;\"><strong>REF 001<\/strong><\/p><p><strong>Pantalan: <\/strong>41<\/p><p><strong>Amarre: <\/strong>n\u00ba1<\/p><p><strong>Medidas<\/strong>: 15 m x 5 m<\/p><p><strong>Price<\/strong>: 35.000\u20ac<\/p><p><strong>Alquiler:<\/strong> 450 \u20ac* &#8211; 650 \u20ac**<\/p><p><strong>Location<\/strong>: <a href=\"https:\/\/maps.app.goo.gl\/42HCxiDh5AWqAUuW6\">Real Club N\u00e1utico de Valencia.<\/a><\/p>\t\t\t\t\t\t\t\t<\/div>\n\t\t\t\t<\/div>\n\t\t<div class=\"elementor-element elementor-element-f2350b5 e-con-full e-flex e-con e-child\" data-id=\"f2350b5\" data-element_type=\"container\" data-e-type=\"container\">\n\t\t\t\t<div class=\"elementor-element elementor-element-af1cee8 elementor-widget elementor-widget-image\" data-id=\"af1cee8\" data-element_type=\"widget\" data-e-type=\"widget\" data-widget_type=\"image.default\">\n\t\t\t\t\t\t\t\t\t\t\t\t\t\t\t<img fetchpriority=\"high\" decoding=\"async\" width=\"600\" height=\"440\" src=\"https:\/\/sportnautic.com\/wp-content\/uploads\/2025\/12\/unnamed-2.jpg\" class=\"attachment-large size-large wp-image-25961\" alt=\"\" srcset=\"https:\/\/sportnautic.com\/wp-content\/uploads\/2025\/12\/unnamed-2.jpg 680w, https:\/\/sportnautic.com\/wp-content\/uploads\/2025\/12\/unnamed-2-600x440.jpg 600w, https:\/\/sportnautic.com\/wp-content\/uploads\/2025\/12\/unnamed-2-300x220.jpg 300w, https:\/\/sportnautic.com\/wp-content\/uploads\/2025\/12\/unnamed-2-16x12.jpg 16w, https:\/\/sportnautic.com\/wp-content\/uploads\/2025\/12\/unnamed-2-165x121.jpg 165w\" sizes=\"(max-width: 600px) 100vw, 600px\" \/>\t\t\t\t\t\t\t\t\t\t\t\t\t\t\t<\/div>\n\t\t\t\t<div class=\"elementor-element elementor-element-848523e elementor-widget elementor-widget-text-editor\" data-id=\"848523e\" data-element_type=\"widget\" data-e-type=\"widget\" data-widget_type=\"text-editor.default\">\n\t\t\t\t\t\t\t\t\t<p style=\"text-align: center;\"><strong>REF 002<\/strong><\/p><p><strong>Pantalan: <\/strong>41<\/p><p><strong>Amarre: <\/strong>n\u00ba2<\/p><p><strong>Medidas<\/strong>: 15 m x 5 m<\/p><p><strong>Price<\/strong>: 35.000\u20ac<\/p><p><strong>Location<\/strong>: <a href=\"https:\/\/maps.app.goo.gl\/42HCxiDh5AWqAUuW6\">Real Club N\u00e1utico de Valencia.<\/a><\/p>\t\t\t\t\t\t\t\t<\/div>\n\t\t\t\t<\/div>\n\t\t<div class=\"elementor-element elementor-element-9e970bb e-con-full e-flex e-con e-child\" data-id=\"9e970bb\" data-element_type=\"container\" data-e-type=\"container\">\n\t\t\t\t<div class=\"elementor-element elementor-element-c659838 elementor-widget elementor-widget-image\" data-id=\"c659838\" data-element_type=\"widget\" data-e-type=\"widget\" data-widget_type=\"image.default\">\n\t\t\t\t\t\t\t\t\t\t\t\t\t\t\t<img fetchpriority=\"high\" decoding=\"async\" width=\"600\" height=\"440\" src=\"https:\/\/sportnautic.com\/wp-content\/uploads\/2025\/12\/unnamed-2.jpg\" class=\"attachment-large size-large wp-image-25961\" alt=\"\" srcset=\"https:\/\/sportnautic.com\/wp-content\/uploads\/2025\/12\/unnamed-2.jpg 680w, https:\/\/sportnautic.com\/wp-content\/uploads\/2025\/12\/unnamed-2-600x440.jpg 600w, https:\/\/sportnautic.com\/wp-content\/uploads\/2025\/12\/unnamed-2-300x220.jpg 300w, https:\/\/sportnautic.com\/wp-content\/uploads\/2025\/12\/unnamed-2-16x12.jpg 16w, https:\/\/sportnautic.com\/wp-content\/uploads\/2025\/12\/unnamed-2-165x121.jpg 165w\" sizes=\"(max-width: 600px) 100vw, 600px\" \/>\t\t\t\t\t\t\t\t\t\t\t\t\t\t\t<\/div>\n\t\t\t\t<div class=\"elementor-element elementor-element-d4a056f elementor-widget elementor-widget-text-editor\" data-id=\"d4a056f\" data-element_type=\"widget\" data-e-type=\"widget\" data-widget_type=\"text-editor.default\">\n\t\t\t\t\t\t\t\t\t<p style=\"text-align: center;\"><strong>REF 003<\/strong><\/p><p><strong>Pantalan: <\/strong>41<\/p><p><strong>Amarre: <\/strong>n\u00ba3<\/p><p><strong>Medidas<\/strong>: 15 m x 5 m<\/p><p><strong>Price<\/strong>: 35.000\u20ac<\/p><p><strong>Location<\/strong>: <a href=\"https:\/\/maps.app.goo.gl\/42HCxiDh5AWqAUuW6\">Real Club N\u00e1utico de Valencia.<\/a><\/p>\t\t\t\t\t\t\t\t<\/div>\n\t\t\t\t<\/div>\n\t\t<div class=\"elementor-element elementor-element-ed24584 e-con-full e-flex e-con e-child\" data-id=\"ed24584\" data-element_type=\"container\" data-e-type=\"container\">\n\t\t\t\t<div class=\"elementor-element elementor-element-f73ae32 elementor-widget elementor-widget-image\" data-id=\"f73ae32\" data-element_type=\"widget\" data-e-type=\"widget\" data-widget_type=\"image.default\">\n\t\t\t\t\t\t\t\t\t\t\t\t\t\t\t<img fetchpriority=\"high\" decoding=\"async\" width=\"600\" height=\"440\" src=\"https:\/\/sportnautic.com\/wp-content\/uploads\/2025\/12\/unnamed-2.jpg\" class=\"attachment-large size-large wp-image-25961\" alt=\"\" srcset=\"https:\/\/sportnautic.com\/wp-content\/uploads\/2025\/12\/unnamed-2.jpg 680w, https:\/\/sportnautic.com\/wp-content\/uploads\/2025\/12\/unnamed-2-600x440.jpg 600w, https:\/\/sportnautic.com\/wp-content\/uploads\/2025\/12\/unnamed-2-300x220.jpg 300w, https:\/\/sportnautic.com\/wp-content\/uploads\/2025\/12\/unnamed-2-16x12.jpg 16w, https:\/\/sportnautic.com\/wp-content\/uploads\/2025\/12\/unnamed-2-165x121.jpg 165w\" sizes=\"(max-width: 600px) 100vw, 600px\" \/>\t\t\t\t\t\t\t\t\t\t\t\t\t\t\t<\/div>\n\t\t\t\t<div class=\"elementor-element elementor-element-b02ca5a elementor-widget elementor-widget-text-editor\" data-id=\"b02ca5a\" data-element_type=\"widget\" data-e-type=\"widget\" data-widget_type=\"text-editor.default\">\n\t\t\t\t\t\t\t\t\t<p style=\"text-align: center;\"><strong>REF 004<\/strong><\/p><p><strong>Pantalan: <\/strong>41<\/p><p><strong>Amarre: <\/strong>n\u00ba4<\/p><p><strong>Medidas<\/strong>: 15 m x 5 m<\/p><p><strong>Price<\/strong>: 35.000\u20ac<\/p><p><strong>Location<\/strong>: <a href=\"https:\/\/maps.app.goo.gl\/42HCxiDh5AWqAUuW6\">Real Club N\u00e1utico de Valencia.<\/a><\/p>\t\t\t\t\t\t\t\t<\/div>\n\t\t\t\t<\/div>\n\t\t\t\t\t<\/div>\n\t\t\t\t<\/div>\n\t\t<div class=\"elementor-element elementor-element-aaac2fc e-flex e-con-boxed e-con e-parent\" data-id=\"aaac2fc\" data-element_type=\"container\" data-e-type=\"container\">\n\t\t\t\t\t<div class=\"e-con-inner\">\n\t\t<div class=\"elementor-element elementor-element-26534df e-con-full e-flex e-con e-child\" data-id=\"26534df\" data-element_type=\"container\" data-e-type=\"container\">\n\t\t\t\t<div class=\"elementor-element elementor-element-9a6eb29 elementor-widget elementor-widget-image\" data-id=\"9a6eb29\" data-element_type=\"widget\" data-e-type=\"widget\" data-widget_type=\"image.default\">\n\t\t\t\t\t\t\t\t\t\t\t\t\t\t\t<img fetchpriority=\"high\" decoding=\"async\" width=\"600\" height=\"440\" src=\"https:\/\/sportnautic.com\/wp-content\/uploads\/2025\/12\/unnamed-2.jpg\" class=\"attachment-large size-large wp-image-25961\" alt=\"\" srcset=\"https:\/\/sportnautic.com\/wp-content\/uploads\/2025\/12\/unnamed-2.jpg 680w, https:\/\/sportnautic.com\/wp-content\/uploads\/2025\/12\/unnamed-2-600x440.jpg 600w, https:\/\/sportnautic.com\/wp-content\/uploads\/2025\/12\/unnamed-2-300x220.jpg 300w, https:\/\/sportnautic.com\/wp-content\/uploads\/2025\/12\/unnamed-2-16x12.jpg 16w, https:\/\/sportnautic.com\/wp-content\/uploads\/2025\/12\/unnamed-2-165x121.jpg 165w\" sizes=\"(max-width: 600px) 100vw, 600px\" \/>\t\t\t\t\t\t\t\t\t\t\t\t\t\t\t<\/div>\n\t\t\t\t<div class=\"elementor-element elementor-element-b3d8fe1 elementor-widget elementor-widget-text-editor\" data-id=\"b3d8fe1\" data-element_type=\"widget\" data-e-type=\"widget\" data-widget_type=\"text-editor.default\">\n\t\t\t\t\t\t\t\t\t<p style=\"text-align: center;\"><strong>REF 005<\/strong><\/p><p><strong>Pantalan: <\/strong>41<\/p><p><strong>Amarre: <\/strong>n\u00ba5<\/p><p><strong>Medidas<\/strong>: 15 m x 5 m<\/p><p><strong>Price<\/strong>: 35.000\u20ac<\/p><p><strong>Location<\/strong>: <a href=\"https:\/\/maps.app.goo.gl\/42HCxiDh5AWqAUuW6\">Real Club N\u00e1utico de Valencia.<\/a><\/p>\t\t\t\t\t\t\t\t<\/div>\n\t\t\t\t<\/div>\n\t\t<div class=\"elementor-element elementor-element-29b4354 e-con-full e-flex e-con e-child\" data-id=\"29b4354\" data-element_type=\"container\" data-e-type=\"container\">\n\t\t\t\t<div class=\"elementor-element elementor-element-7cc9b3a elementor-widget elementor-widget-image\" data-id=\"7cc9b3a\" data-element_type=\"widget\" data-e-type=\"widget\" data-widget_type=\"image.default\">\n\t\t\t\t\t\t\t\t\t\t\t\t\t\t\t<img fetchpriority=\"high\" decoding=\"async\" width=\"600\" height=\"440\" src=\"https:\/\/sportnautic.com\/wp-content\/uploads\/2025\/12\/unnamed-2.jpg\" class=\"attachment-large size-large wp-image-25961\" alt=\"\" srcset=\"https:\/\/sportnautic.com\/wp-content\/uploads\/2025\/12\/unnamed-2.jpg 680w, https:\/\/sportnautic.com\/wp-content\/uploads\/2025\/12\/unnamed-2-600x440.jpg 600w, https:\/\/sportnautic.com\/wp-content\/uploads\/2025\/12\/unnamed-2-300x220.jpg 300w, https:\/\/sportnautic.com\/wp-content\/uploads\/2025\/12\/unnamed-2-16x12.jpg 16w, https:\/\/sportnautic.com\/wp-content\/uploads\/2025\/12\/unnamed-2-165x121.jpg 165w\" sizes=\"(max-width: 600px) 100vw, 600px\" \/>\t\t\t\t\t\t\t\t\t\t\t\t\t\t\t<\/div>\n\t\t\t\t<div class=\"elementor-element elementor-element-628b6c2 elementor-widget elementor-widget-text-editor\" data-id=\"628b6c2\" data-element_type=\"widget\" data-e-type=\"widget\" data-widget_type=\"text-editor.default\">\n\t\t\t\t\t\t\t\t\t<p style=\"text-align: center;\"><strong>REF 006<\/strong><\/p><p><strong>Pantalan: <\/strong>41<\/p><p><strong>Amarre: <\/strong>n\u00ba6<\/p><p><strong>Medidas<\/strong>: 15 m x 5 m<\/p><p><strong>Price<\/strong>: 35.000\u20ac<\/p><p><strong>Location<\/strong>: <a href=\"https:\/\/maps.app.goo.gl\/42HCxiDh5AWqAUuW6\">Real Club N\u00e1utico de Valencia.<\/a><\/p>\t\t\t\t\t\t\t\t<\/div>\n\t\t\t\t<\/div>\n\t\t\t\t\t<\/div>\n\t\t\t\t<\/div>\n\t\t<div class=\"elementor-element elementor-element-dc12bc0 e-flex e-con-boxed e-con e-parent\" data-id=\"dc12bc0\" data-element_type=\"container\" data-e-type=\"container\">\n\t\t\t\t\t<div class=\"e-con-inner\">\n\t\t\t\t<div class=\"elementor-element elementor-element-f4b25d4 elementor-widget elementor-widget-text-editor\" data-id=\"f4b25d4\" data-element_type=\"widget\" data-e-type=\"widget\" data-widget_type=\"text-editor.default\">\n\t\t\t\t\t\t\t\t\t<p style=\"text-align: center;\">*M\u00e1s impuestos + m\u00e1s tasas. Posibilidad de revisi\u00f3n quincenal previa autorizaci\u00f3n del propietario. Luz y agua incluidos en el precio. Precio con contrato anual.<\/p><p style=\"text-align: center;\">**Alquiler para catamaran, m\u00e1s impuestos + m\u00e1s tasas. Posibilidad de revisi\u00f3n quincenal previa autorizaci\u00f3n del propietario. Luz y agua incluidos en el precio. Precio con contrato anual.<\/p><p>\u00a0<\/p><p style=\"text-align: center;\">Para m\u00e1s informaci\u00f3n sobre disponibilidad, precios o condiciones, no dudes en <a href=\"https:\/\/web.archive.org\/web\/20250524130847\/https:\/\/sportnautic.com\/contacto\/\">contactarnos<\/a>. Estaremos encantados de ayudarte a encontrar el amarre que mejor se adapte a tus necesidades.<\/p>\t\t\t\t\t\t\t\t<\/div>\n\t\t\t\t\t<\/div>\n\t\t\t\t<\/div>\n\t\t\t\t<\/div>","protected":false},"excerpt":{"rendered":"<p>Amarres en Valencia Ponemos a tu disposici\u00f3n amarres en venta en una de las zonas n\u00e1uticas m\u00e1s codiciadas del Mediterr\u00e1neo. Consulta la disponibilidad actual en los distintos puertos de Valencia y no dudes en contactarnos para conocer futuras incorporaciones. Real Club N\u00e1utico de Valencia REF 001 Pantalan: 41 Amarre: n\u00ba1 Medidas: 15 m x 5 [&hellip;]<\/p>\n","protected":false},"author":1,"featured_media":0,"parent":23443,"menu_order":0,"comment_status":"closed","ping_status":"closed","template":"","meta":{"footnotes":""},"class_list":["post-25959","page","type-page","status-publish","hentry"],"yoast_head":"<!-- This site is optimized with the Yoast SEO Premium plugin v27.4 (Yoast SEO v27.4) - https:\/\/yoast.com\/product\/yoast-seo-premium-wordpress\/ -->\n<title>Amarres en Valencia: consulta disponibilidad actual<\/title>\n<meta name=\"description\" content=\"Encuentra amarres en Valencia a la venta. Te ofrecemos opciones en el Real Club N\u00e1utico de Valencia. Contacta con nosotros.\" \/>\n<meta name=\"robots\" content=\"index, follow, max-snippet:-1, max-image-preview:large, max-video-preview:-1\" \/>\n<link rel=\"canonical\" href=\"https:\/\/sportnautic.com\/en\/moorings\/amarres-valencia\/\" \/>\n<meta property=\"og:locale\" content=\"en_US\" \/>\n<meta property=\"og:type\" content=\"article\" \/>\n<meta property=\"og:title\" content=\"Barcos en venta y alquiler | SPORT NAUTIC\" \/>\n<meta property=\"og:description\" content=\"Distribuidor oficial y expertos en el mar. Barcos nuevos y de ocasi\u00f3n listos para navegar.\" \/>\n<meta property=\"og:url\" content=\"https:\/\/sportnautic.com\/en\/moorings\/amarres-valencia\/\" \/>\n<meta property=\"og:site_name\" content=\"SPORT NAUTIC\" \/>\n<meta property=\"article:publisher\" content=\"https:\/\/facebook.com\/sportnautic\" \/>\n<meta property=\"article:modified_time\" content=\"2026-03-03T15:13:50+00:00\" \/>\n<meta property=\"og:image\" content=\"https:\/\/sportnautic.com\/wp-content\/uploads\/2025\/12\/unnamed-2.jpg\" \/>\n<meta name=\"twitter:card\" content=\"summary_large_image\" \/>\n<meta name=\"twitter:label1\" content=\"Est. reading time\" \/>\n\t<meta name=\"twitter:data1\" content=\"3 minutes\" \/>\n<script type=\"application\/ld+json\" class=\"yoast-schema-graph\">{\"@context\":\"https:\\\/\\\/schema.org\",\"@graph\":[{\"@type\":\"WebPage\",\"@id\":\"https:\\\/\\\/sportnautic.com\\\/amarres\\\/amarres-valencia\\\/\",\"url\":\"https:\\\/\\\/sportnautic.com\\\/amarres\\\/amarres-valencia\\\/\",\"name\":\"Amarres en Valencia: consulta disponibilidad actual\",\"isPartOf\":{\"@id\":\"https:\\\/\\\/sportnautic.com\\\/#website\"},\"primaryImageOfPage\":{\"@id\":\"https:\\\/\\\/sportnautic.com\\\/amarres\\\/amarres-valencia\\\/#primaryimage\"},\"image\":{\"@id\":\"https:\\\/\\\/sportnautic.com\\\/amarres\\\/amarres-valencia\\\/#primaryimage\"},\"thumbnailUrl\":\"https:\\\/\\\/sportnautic.com\\\/wp-content\\\/uploads\\\/2025\\\/12\\\/unnamed-2.jpg\",\"datePublished\":\"2025-12-17T10:06:51+00:00\",\"dateModified\":\"2026-03-03T15:13:50+00:00\",\"description\":\"Encuentra amarres en Valencia a la venta. Te ofrecemos opciones en el Real Club N\u00e1utico de Valencia. Contacta con nosotros.\",\"breadcrumb\":{\"@id\":\"https:\\\/\\\/sportnautic.com\\\/amarres\\\/amarres-valencia\\\/#breadcrumb\"},\"inLanguage\":\"en-US\",\"potentialAction\":[{\"@type\":\"ReadAction\",\"target\":[\"https:\\\/\\\/sportnautic.com\\\/amarres\\\/amarres-valencia\\\/\"]}]},{\"@type\":\"ImageObject\",\"inLanguage\":\"en-US\",\"@id\":\"https:\\\/\\\/sportnautic.com\\\/amarres\\\/amarres-valencia\\\/#primaryimage\",\"url\":\"https:\\\/\\\/sportnautic.com\\\/wp-content\\\/uploads\\\/2025\\\/12\\\/unnamed-2.jpg\",\"contentUrl\":\"https:\\\/\\\/sportnautic.com\\\/wp-content\\\/uploads\\\/2025\\\/12\\\/unnamed-2.jpg\"},{\"@type\":\"BreadcrumbList\",\"@id\":\"https:\\\/\\\/sportnautic.com\\\/amarres\\\/amarres-valencia\\\/#breadcrumb\",\"itemListElement\":[{\"@type\":\"ListItem\",\"position\":1,\"name\":\"Portada\",\"item\":\"https:\\\/\\\/sportnautic.com\\\/\"},{\"@type\":\"ListItem\",\"position\":2,\"name\":\"Amarres\",\"item\":\"https:\\\/\\\/sportnautic.com\\\/amarres\\\/\"},{\"@type\":\"ListItem\",\"position\":3,\"name\":\"Amarres Valencia\"}]},{\"@type\":\"WebSite\",\"@id\":\"https:\\\/\\\/sportnautic.com\\\/#website\",\"url\":\"https:\\\/\\\/sportnautic.com\\\/\",\"name\":\"SPORT NAUTIC\",\"description\":\"\",\"publisher\":{\"@id\":\"https:\\\/\\\/sportnautic.com\\\/#organization\"},\"potentialAction\":[{\"@type\":\"SearchAction\",\"target\":{\"@type\":\"EntryPoint\",\"urlTemplate\":\"https:\\\/\\\/sportnautic.com\\\/?s={search_term_string}\"},\"query-input\":{\"@type\":\"PropertyValueSpecification\",\"valueRequired\":true,\"valueName\":\"search_term_string\"}}],\"inLanguage\":\"en-US\"},{\"@type\":\"Organization\",\"@id\":\"https:\\\/\\\/sportnautic.com\\\/#organization\",\"name\":\"SPORT NAUTIC\",\"url\":\"https:\\\/\\\/sportnautic.com\\\/\",\"logo\":{\"@type\":\"ImageObject\",\"inLanguage\":\"en-US\",\"@id\":\"https:\\\/\\\/sportnautic.com\\\/#\\\/schema\\\/logo\\\/image\\\/\",\"url\":\"https:\\\/\\\/sportnautic.com\\\/wp-content\\\/uploads\\\/2025\\\/11\\\/cropped-LOGO-REDONDO-SPORTNAUTIC-FLOTA-2-2.png\",\"contentUrl\":\"https:\\\/\\\/sportnautic.com\\\/wp-content\\\/uploads\\\/2025\\\/11\\\/cropped-LOGO-REDONDO-SPORTNAUTIC-FLOTA-2-2.png\",\"width\":512,\"height\":512,\"caption\":\"SPORT NAUTIC\"},\"image\":{\"@id\":\"https:\\\/\\\/sportnautic.com\\\/#\\\/schema\\\/logo\\\/image\\\/\"},\"sameAs\":[\"https:\\\/\\\/facebook.com\\\/sportnautic\",\"https:\\\/\\\/instagram.com\\\/sportnautic\"],\"description\":\"SPORT NAUTIC es una empresa especializada en la venta y alquiler de embarcaciones en la Comunidad Valenciana y Murcia. Ofrece barcos nuevos y de ocasi\u00f3n, servicio t\u00e9cnico y asesoramiento personalizado. Distribuidor oficial de marcas n\u00e1uticas y referente en el sector en la Comunidad Valenciana y Murcia.\",\"email\":\"info@sportnautic.com\",\"telephone\":\"+34 96 578 43 20\",\"legalName\":\"Roga Nautica S.L.\",\"foundingDate\":\"1989-01-01\",\"numberOfEmployees\":{\"@type\":\"QuantitativeValue\",\"minValue\":\"1\",\"maxValue\":\"10\"}}]}<\/script>\n<!-- \/ Yoast SEO Premium plugin. -->","yoast_head_json":{"title":"Amarres en Valencia: consulta disponibilidad actual","description":"Encuentra amarres en Valencia a la venta. Te ofrecemos opciones en el Real Club N\u00e1utico de Valencia. Contacta con nosotros.","robots":{"index":"index","follow":"follow","max-snippet":"max-snippet:-1","max-image-preview":"max-image-preview:large","max-video-preview":"max-video-preview:-1"},"canonical":"https:\/\/sportnautic.com\/en\/moorings\/amarres-valencia\/","og_locale":"en_US","og_type":"article","og_title":"Barcos en venta y alquiler | SPORT NAUTIC","og_description":"Distribuidor oficial y expertos en el mar. Barcos nuevos y de ocasi\u00f3n listos para navegar.","og_url":"https:\/\/sportnautic.com\/en\/moorings\/amarres-valencia\/","og_site_name":"SPORT NAUTIC","article_publisher":"https:\/\/facebook.com\/sportnautic","article_modified_time":"2026-03-03T15:13:50+00:00","og_image":[{"url":"https:\/\/sportnautic.com\/wp-content\/uploads\/2025\/12\/unnamed-2.jpg","type":"","width":"","height":""}],"twitter_card":"summary_large_image","twitter_misc":{"Est. reading time":"3 minutes"},"schema":{"@context":"https:\/\/schema.org","@graph":[{"@type":"WebPage","@id":"https:\/\/sportnautic.com\/amarres\/amarres-valencia\/","url":"https:\/\/sportnautic.com\/amarres\/amarres-valencia\/","name":"Amarres en Valencia: consulta disponibilidad actual","isPartOf":{"@id":"https:\/\/sportnautic.com\/#website"},"primaryImageOfPage":{"@id":"https:\/\/sportnautic.com\/amarres\/amarres-valencia\/#primaryimage"},"image":{"@id":"https:\/\/sportnautic.com\/amarres\/amarres-valencia\/#primaryimage"},"thumbnailUrl":"https:\/\/sportnautic.com\/wp-content\/uploads\/2025\/12\/unnamed-2.jpg","datePublished":"2025-12-17T10:06:51+00:00","dateModified":"2026-03-03T15:13:50+00:00","description":"Encuentra amarres en Valencia a la venta. Te ofrecemos opciones en el Real Club N\u00e1utico de Valencia. Contacta con nosotros.","breadcrumb":{"@id":"https:\/\/sportnautic.com\/amarres\/amarres-valencia\/#breadcrumb"},"inLanguage":"en-US","potentialAction":[{"@type":"ReadAction","target":["https:\/\/sportnautic.com\/amarres\/amarres-valencia\/"]}]},{"@type":"ImageObject","inLanguage":"en-US","@id":"https:\/\/sportnautic.com\/amarres\/amarres-valencia\/#primaryimage","url":"https:\/\/sportnautic.com\/wp-content\/uploads\/2025\/12\/unnamed-2.jpg","contentUrl":"https:\/\/sportnautic.com\/wp-content\/uploads\/2025\/12\/unnamed-2.jpg"},{"@type":"BreadcrumbList","@id":"https:\/\/sportnautic.com\/amarres\/amarres-valencia\/#breadcrumb","itemListElement":[{"@type":"ListItem","position":1,"name":"Portada","item":"https:\/\/sportnautic.com\/"},{"@type":"ListItem","position":2,"name":"Amarres","item":"https:\/\/sportnautic.com\/amarres\/"},{"@type":"ListItem","position":3,"name":"Amarres Valencia"}]},{"@type":"WebSite","@id":"https:\/\/sportnautic.com\/#website","url":"https:\/\/sportnautic.com\/","name":"SPORT NAUTIC","description":"","publisher":{"@id":"https:\/\/sportnautic.com\/#organization"},"potentialAction":[{"@type":"SearchAction","target":{"@type":"EntryPoint","urlTemplate":"https:\/\/sportnautic.com\/?s={search_term_string}"},"query-input":{"@type":"PropertyValueSpecification","valueRequired":true,"valueName":"search_term_string"}}],"inLanguage":"en-US"},{"@type":"Organization","@id":"https:\/\/sportnautic.com\/#organization","name":"SPORT NAUTIC","url":"https:\/\/sportnautic.com\/","logo":{"@type":"ImageObject","inLanguage":"en-US","@id":"https:\/\/sportnautic.com\/#\/schema\/logo\/image\/","url":"https:\/\/sportnautic.com\/wp-content\/uploads\/2025\/11\/cropped-LOGO-REDONDO-SPORTNAUTIC-FLOTA-2-2.png","contentUrl":"https:\/\/sportnautic.com\/wp-content\/uploads\/2025\/11\/cropped-LOGO-REDONDO-SPORTNAUTIC-FLOTA-2-2.png","width":512,"height":512,"caption":"SPORT NAUTIC"},"image":{"@id":"https:\/\/sportnautic.com\/#\/schema\/logo\/image\/"},"sameAs":["https:\/\/facebook.com\/sportnautic","https:\/\/instagram.com\/sportnautic"],"description":"SPORT NAUTIC es una empresa especializada en la venta y alquiler de embarcaciones en la Comunidad Valenciana y Murcia. Ofrece barcos nuevos y de ocasi\u00f3n, servicio t\u00e9cnico y asesoramiento personalizado. Distribuidor oficial de marcas n\u00e1uticas y referente en el sector en la Comunidad Valenciana y Murcia.","email":"info@sportnautic.com","telephone":"+34 96 578 43 20","legalName":"Roga Nautica S.L.","foundingDate":"1989-01-01","numberOfEmployees":{"@type":"QuantitativeValue","minValue":"1","maxValue":"10"}}]}},"jetpack_sharing_enabled":true,"_links":{"self":[{"href":"https:\/\/sportnautic.com\/en\/wp-json\/wp\/v2\/pages\/25959","targetHints":{"allow":["GET"]}}],"collection":[{"href":"https:\/\/sportnautic.com\/en\/wp-json\/wp\/v2\/pages"}],"about":[{"href":"https:\/\/sportnautic.com\/en\/wp-json\/wp\/v2\/types\/page"}],"author":[{"embeddable":true,"href":"https:\/\/sportnautic.com\/en\/wp-json\/wp\/v2\/users\/1"}],"replies":[{"embeddable":true,"href":"https:\/\/sportnautic.com\/en\/wp-json\/wp\/v2\/comments?post=25959"}],"version-history":[{"count":5,"href":"https:\/\/sportnautic.com\/en\/wp-json\/wp\/v2\/pages\/25959\/revisions"}],"predecessor-version":[{"id":29013,"href":"https:\/\/sportnautic.com\/en\/wp-json\/wp\/v2\/pages\/25959\/revisions\/29013"}],"up":[{"embeddable":true,"href":"https:\/\/sportnautic.com\/en\/wp-json\/wp\/v2\/pages\/23443"}],"wp:attachment":[{"href":"https:\/\/sportnautic.com\/en\/wp-json\/wp\/v2\/media?parent=25959"}],"curies":[{"name":"wp","href":"https:\/\/api.w.org\/{rel}","templated":true}]}}