{"id":25286,"date":"2025-12-04T11:30:38","date_gmt":"2025-12-04T10:30:38","guid":{"rendered":"https:\/\/sportnautic.com\/?page_id=25286"},"modified":"2026-02-26T16:08:21","modified_gmt":"2026-02-26T15:08:21","slug":"financiacion-2","status":"publish","type":"page","link":"https:\/\/sportnautic.com\/en\/financiacion-2\/","title":{"rendered":"Financing"},"content":{"rendered":"<div data-elementor-type=\"wp-page\" data-elementor-id=\"25286\" class=\"elementor elementor-25286\" data-elementor-post-type=\"page\">\n\t\t\t\t<div class=\"elementor-element elementor-element-d6b9777 e-flex e-con-boxed e-con e-parent\" data-id=\"d6b9777\" data-element_type=\"container\" data-e-type=\"container\" data-settings=\"{&quot;background_background&quot;:&quot;classic&quot;}\">\n\t\t\t\t\t<div class=\"e-con-inner\">\n\t\t\t\t<div class=\"elementor-element elementor-element-54c6eaa elementor-widget elementor-widget-image\" data-id=\"54c6eaa\" data-element_type=\"widget\" data-e-type=\"widget\" data-widget_type=\"image.default\">\n\t\t\t\t\t\t\t\t\t\t\t\t\t\t\t<img decoding=\"async\" width=\"200\" height=\"36\" src=\"https:\/\/sportnautic.com\/wp-content\/uploads\/2025\/12\/sysfinance-logo-white.png.webp\" class=\"attachment-large size-large wp-image-25288\" alt=\"SYS - Finance\" srcset=\"https:\/\/sportnautic.com\/wp-content\/uploads\/2025\/12\/sysfinance-logo-white.png.webp 200w, https:\/\/sportnautic.com\/wp-content\/uploads\/2025\/12\/sysfinance-logo-white.png-18x3.webp 18w, https:\/\/sportnautic.com\/wp-content\/uploads\/2025\/12\/sysfinance-logo-white.png-165x30.webp 165w\" sizes=\"(max-width: 200px) 100vw, 200px\" \/>\t\t\t\t\t\t\t\t\t\t\t\t\t\t\t<\/div>\n\t\t\t\t\t<\/div>\n\t\t\t\t<\/div>\n\t\t<div class=\"elementor-element elementor-element-95b0ab7 e-flex e-con-boxed e-con e-parent\" data-id=\"95b0ab7\" data-element_type=\"container\" data-e-type=\"container\">\n\t\t\t\t\t<div class=\"e-con-inner\">\n\t\t\t\t<div class=\"elementor-element elementor-element-0dda3c9 elementor-widget elementor-widget-html\" data-id=\"0dda3c9\" data-element_type=\"widget\" data-e-type=\"widget\" data-widget_type=\"html.default\">\n\t\t\t\t\t<iframe src=\"https:\/\/prodgylfspain.motivales.com\/#!paginainiciocalculador?financiera=&amp;partner=&amp;cuota=&amp;eslora=&amp;precio=&amp;years=&amp;modelo=&amp;marca=&amp;idioma=es\" width=\"100%\" height=\"1080\" frameborder=\"0\"><\/iframe>\t\t\t\t<\/div>\n\t\t\t\t\t<\/div>\n\t\t\t\t<\/div>\n\t\t\t\t<\/div>","protected":false},"excerpt":{"rendered":"","protected":false},"author":1,"featured_media":0,"parent":0,"menu_order":0,"comment_status":"closed","ping_status":"closed","template":"","meta":{"footnotes":""},"class_list":["post-25286","page","type-page","status-publish","hentry"],"yoast_head":"<!-- This site is optimized with the Yoast SEO Premium plugin v27.3 (Yoast SEO v27.3) - https:\/\/yoast.com\/product\/yoast-seo-premium-wordpress\/ -->\n<title>Financiaci\u00f3n de barcos | SPORT NAUTIC<\/title>\n<meta name=\"description\" content=\"Explora la financiaci\u00f3n de barcos en SPORT NAUTIC y encuentra la mejor manera de adquirir tu embarcaci\u00f3n ideal.\" \/>\n<meta name=\"robots\" content=\"index, follow, max-snippet:-1, max-image-preview:large, max-video-preview:-1\" \/>\n<link rel=\"canonical\" href=\"https:\/\/sportnautic.com\/en\/financiacion-2\/\" \/>\n<meta property=\"og:locale\" content=\"en_US\" \/>\n<meta property=\"og:type\" content=\"article\" \/>\n<meta property=\"og:title\" content=\"Barcos en venta y alquiler | SPORT NAUTIC\" \/>\n<meta property=\"og:description\" content=\"Distribuidor oficial y expertos en el mar. Barcos nuevos y de ocasi\u00f3n listos para navegar.\" \/>\n<meta property=\"og:url\" content=\"https:\/\/sportnautic.com\/en\/financiacion-2\/\" \/>\n<meta property=\"og:site_name\" content=\"SPORT NAUTIC\" \/>\n<meta property=\"article:publisher\" content=\"https:\/\/facebook.com\/sportnautic\" \/>\n<meta property=\"article:modified_time\" content=\"2026-02-26T15:08:21+00:00\" \/>\n<meta property=\"og:image\" content=\"https:\/\/sportnautic.com\/wp-content\/uploads\/2025\/12\/sysfinance-logo-white.png.webp\" \/>\n<meta name=\"twitter:card\" content=\"summary_large_image\" \/>\n<meta name=\"twitter:label1\" content=\"Est. reading time\" \/>\n\t<meta name=\"twitter:data1\" content=\"1 minute\" \/>\n<script type=\"application\/ld+json\" class=\"yoast-schema-graph\">{\"@context\":\"https:\\\/\\\/schema.org\",\"@graph\":[{\"@type\":\"WebPage\",\"@id\":\"https:\\\/\\\/sportnautic.com\\\/financiacion-2\\\/\",\"url\":\"https:\\\/\\\/sportnautic.com\\\/financiacion-2\\\/\",\"name\":\"Financiaci\u00f3n de barcos | SPORT NAUTIC\",\"isPartOf\":{\"@id\":\"https:\\\/\\\/sportnautic.com\\\/#website\"},\"primaryImageOfPage\":{\"@id\":\"https:\\\/\\\/sportnautic.com\\\/financiacion-2\\\/#primaryimage\"},\"image\":{\"@id\":\"https:\\\/\\\/sportnautic.com\\\/financiacion-2\\\/#primaryimage\"},\"thumbnailUrl\":\"https:\\\/\\\/sportnautic.com\\\/wp-content\\\/uploads\\\/2025\\\/12\\\/sysfinance-logo-white.png.webp\",\"datePublished\":\"2025-12-04T10:30:38+00:00\",\"dateModified\":\"2026-02-26T15:08:21+00:00\",\"description\":\"Explora la financiaci\u00f3n de barcos en SPORT NAUTIC y encuentra la mejor manera de adquirir tu embarcaci\u00f3n ideal.\",\"breadcrumb\":{\"@id\":\"https:\\\/\\\/sportnautic.com\\\/financiacion-2\\\/#breadcrumb\"},\"inLanguage\":\"en-US\",\"potentialAction\":[{\"@type\":\"ReadAction\",\"target\":[\"https:\\\/\\\/sportnautic.com\\\/financiacion-2\\\/\"]}]},{\"@type\":\"ImageObject\",\"inLanguage\":\"en-US\",\"@id\":\"https:\\\/\\\/sportnautic.com\\\/financiacion-2\\\/#primaryimage\",\"url\":\"https:\\\/\\\/sportnautic.com\\\/wp-content\\\/uploads\\\/2025\\\/12\\\/sysfinance-logo-white.png.webp\",\"contentUrl\":\"https:\\\/\\\/sportnautic.com\\\/wp-content\\\/uploads\\\/2025\\\/12\\\/sysfinance-logo-white.png.webp\"},{\"@type\":\"BreadcrumbList\",\"@id\":\"https:\\\/\\\/sportnautic.com\\\/financiacion-2\\\/#breadcrumb\",\"itemListElement\":[{\"@type\":\"ListItem\",\"position\":1,\"name\":\"Portada\",\"item\":\"https:\\\/\\\/sportnautic.com\\\/\"},{\"@type\":\"ListItem\",\"position\":2,\"name\":\"Financiaci\u00f3n\"}]},{\"@type\":\"WebSite\",\"@id\":\"https:\\\/\\\/sportnautic.com\\\/#website\",\"url\":\"https:\\\/\\\/sportnautic.com\\\/\",\"name\":\"SPORT NAUTIC\",\"description\":\"\",\"publisher\":{\"@id\":\"https:\\\/\\\/sportnautic.com\\\/#organization\"},\"potentialAction\":[{\"@type\":\"SearchAction\",\"target\":{\"@type\":\"EntryPoint\",\"urlTemplate\":\"https:\\\/\\\/sportnautic.com\\\/?s={search_term_string}\"},\"query-input\":{\"@type\":\"PropertyValueSpecification\",\"valueRequired\":true,\"valueName\":\"search_term_string\"}}],\"inLanguage\":\"en-US\"},{\"@type\":\"Organization\",\"@id\":\"https:\\\/\\\/sportnautic.com\\\/#organization\",\"name\":\"SPORT NAUTIC\",\"url\":\"https:\\\/\\\/sportnautic.com\\\/\",\"logo\":{\"@type\":\"ImageObject\",\"inLanguage\":\"en-US\",\"@id\":\"https:\\\/\\\/sportnautic.com\\\/#\\\/schema\\\/logo\\\/image\\\/\",\"url\":\"https:\\\/\\\/sportnautic.com\\\/wp-content\\\/uploads\\\/2025\\\/11\\\/cropped-LOGO-REDONDO-SPORTNAUTIC-FLOTA-2-2.png\",\"contentUrl\":\"https:\\\/\\\/sportnautic.com\\\/wp-content\\\/uploads\\\/2025\\\/11\\\/cropped-LOGO-REDONDO-SPORTNAUTIC-FLOTA-2-2.png\",\"width\":512,\"height\":512,\"caption\":\"SPORT NAUTIC\"},\"image\":{\"@id\":\"https:\\\/\\\/sportnautic.com\\\/#\\\/schema\\\/logo\\\/image\\\/\"},\"sameAs\":[\"https:\\\/\\\/facebook.com\\\/sportnautic\",\"https:\\\/\\\/instagram.com\\\/sportnautic\"],\"description\":\"SPORT NAUTIC es una empresa especializada en la venta y alquiler de embarcaciones en la Comunidad Valenciana y Murcia. Ofrece barcos nuevos y de ocasi\u00f3n, servicio t\u00e9cnico y asesoramiento personalizado. Distribuidor oficial de marcas n\u00e1uticas y referente en el sector en la Comunidad Valenciana y Murcia.\",\"email\":\"info@sportnautic.com\",\"telephone\":\"+34 96 578 43 20\",\"legalName\":\"Roga Nautica S.L.\",\"foundingDate\":\"1989-01-01\",\"numberOfEmployees\":{\"@type\":\"QuantitativeValue\",\"minValue\":\"1\",\"maxValue\":\"10\"}}]}<\/script>\n<!-- \/ Yoast SEO Premium plugin. -->","yoast_head_json":{"title":"Financiaci\u00f3n de barcos | SPORT NAUTIC","description":"Explora la financiaci\u00f3n de barcos en SPORT NAUTIC y encuentra la mejor manera de adquirir tu embarcaci\u00f3n ideal.","robots":{"index":"index","follow":"follow","max-snippet":"max-snippet:-1","max-image-preview":"max-image-preview:large","max-video-preview":"max-video-preview:-1"},"canonical":"https:\/\/sportnautic.com\/en\/financiacion-2\/","og_locale":"en_US","og_type":"article","og_title":"Barcos en venta y alquiler | SPORT NAUTIC","og_description":"Distribuidor oficial y expertos en el mar. Barcos nuevos y de ocasi\u00f3n listos para navegar.","og_url":"https:\/\/sportnautic.com\/en\/financiacion-2\/","og_site_name":"SPORT NAUTIC","article_publisher":"https:\/\/facebook.com\/sportnautic","article_modified_time":"2026-02-26T15:08:21+00:00","og_image":[{"url":"https:\/\/sportnautic.com\/wp-content\/uploads\/2025\/12\/sysfinance-logo-white.png.webp","type":"","width":"","height":""}],"twitter_card":"summary_large_image","twitter_misc":{"Est. reading time":"1 minute"},"schema":{"@context":"https:\/\/schema.org","@graph":[{"@type":"WebPage","@id":"https:\/\/sportnautic.com\/financiacion-2\/","url":"https:\/\/sportnautic.com\/financiacion-2\/","name":"Financiaci\u00f3n de barcos | SPORT NAUTIC","isPartOf":{"@id":"https:\/\/sportnautic.com\/#website"},"primaryImageOfPage":{"@id":"https:\/\/sportnautic.com\/financiacion-2\/#primaryimage"},"image":{"@id":"https:\/\/sportnautic.com\/financiacion-2\/#primaryimage"},"thumbnailUrl":"https:\/\/sportnautic.com\/wp-content\/uploads\/2025\/12\/sysfinance-logo-white.png.webp","datePublished":"2025-12-04T10:30:38+00:00","dateModified":"2026-02-26T15:08:21+00:00","description":"Explora la financiaci\u00f3n de barcos en SPORT NAUTIC y encuentra la mejor manera de adquirir tu embarcaci\u00f3n ideal.","breadcrumb":{"@id":"https:\/\/sportnautic.com\/financiacion-2\/#breadcrumb"},"inLanguage":"en-US","potentialAction":[{"@type":"ReadAction","target":["https:\/\/sportnautic.com\/financiacion-2\/"]}]},{"@type":"ImageObject","inLanguage":"en-US","@id":"https:\/\/sportnautic.com\/financiacion-2\/#primaryimage","url":"https:\/\/sportnautic.com\/wp-content\/uploads\/2025\/12\/sysfinance-logo-white.png.webp","contentUrl":"https:\/\/sportnautic.com\/wp-content\/uploads\/2025\/12\/sysfinance-logo-white.png.webp"},{"@type":"BreadcrumbList","@id":"https:\/\/sportnautic.com\/financiacion-2\/#breadcrumb","itemListElement":[{"@type":"ListItem","position":1,"name":"Portada","item":"https:\/\/sportnautic.com\/"},{"@type":"ListItem","position":2,"name":"Financiaci\u00f3n"}]},{"@type":"WebSite","@id":"https:\/\/sportnautic.com\/#website","url":"https:\/\/sportnautic.com\/","name":"SPORT NAUTIC","description":"","publisher":{"@id":"https:\/\/sportnautic.com\/#organization"},"potentialAction":[{"@type":"SearchAction","target":{"@type":"EntryPoint","urlTemplate":"https:\/\/sportnautic.com\/?s={search_term_string}"},"query-input":{"@type":"PropertyValueSpecification","valueRequired":true,"valueName":"search_term_string"}}],"inLanguage":"en-US"},{"@type":"Organization","@id":"https:\/\/sportnautic.com\/#organization","name":"SPORT NAUTIC","url":"https:\/\/sportnautic.com\/","logo":{"@type":"ImageObject","inLanguage":"en-US","@id":"https:\/\/sportnautic.com\/#\/schema\/logo\/image\/","url":"https:\/\/sportnautic.com\/wp-content\/uploads\/2025\/11\/cropped-LOGO-REDONDO-SPORTNAUTIC-FLOTA-2-2.png","contentUrl":"https:\/\/sportnautic.com\/wp-content\/uploads\/2025\/11\/cropped-LOGO-REDONDO-SPORTNAUTIC-FLOTA-2-2.png","width":512,"height":512,"caption":"SPORT NAUTIC"},"image":{"@id":"https:\/\/sportnautic.com\/#\/schema\/logo\/image\/"},"sameAs":["https:\/\/facebook.com\/sportnautic","https:\/\/instagram.com\/sportnautic"],"description":"SPORT NAUTIC es una empresa especializada en la venta y alquiler de embarcaciones en la Comunidad Valenciana y Murcia. Ofrece barcos nuevos y de ocasi\u00f3n, servicio t\u00e9cnico y asesoramiento personalizado. Distribuidor oficial de marcas n\u00e1uticas y referente en el sector en la Comunidad Valenciana y Murcia.","email":"info@sportnautic.com","telephone":"+34 96 578 43 20","legalName":"Roga Nautica S.L.","foundingDate":"1989-01-01","numberOfEmployees":{"@type":"QuantitativeValue","minValue":"1","maxValue":"10"}}]}},"jetpack_sharing_enabled":true,"_links":{"self":[{"href":"https:\/\/sportnautic.com\/en\/wp-json\/wp\/v2\/pages\/25286","targetHints":{"allow":["GET"]}}],"collection":[{"href":"https:\/\/sportnautic.com\/en\/wp-json\/wp\/v2\/pages"}],"about":[{"href":"https:\/\/sportnautic.com\/en\/wp-json\/wp\/v2\/types\/page"}],"author":[{"embeddable":true,"href":"https:\/\/sportnautic.com\/en\/wp-json\/wp\/v2\/users\/1"}],"replies":[{"embeddable":true,"href":"https:\/\/sportnautic.com\/en\/wp-json\/wp\/v2\/comments?post=25286"}],"version-history":[{"count":14,"href":"https:\/\/sportnautic.com\/en\/wp-json\/wp\/v2\/pages\/25286\/revisions"}],"predecessor-version":[{"id":28053,"href":"https:\/\/sportnautic.com\/en\/wp-json\/wp\/v2\/pages\/25286\/revisions\/28053"}],"wp:attachment":[{"href":"https:\/\/sportnautic.com\/en\/wp-json\/wp\/v2\/media?parent=25286"}],"curies":[{"name":"wp","href":"https:\/\/api.w.org\/{rel}","templated":true}]}}